{"id":15467,"date":"2019-05-21T16:01:05","date_gmt":"2019-05-21T16:01:05","guid":{"rendered":"http:\/\/ec.kuusi.ovh\/?page_id=15467"},"modified":"2024-12-20T15:27:34","modified_gmt":"2024-12-20T14:27:34","slug":"rejoignez-notre-communaute","status":"publish","type":"page","link":"https:\/\/energy-cities.eu\/fr\/rejoignez-notre-communaute\/","title":{"rendered":"Rejoignez le r\u00e9seau"},"content":{"rendered":"\n<h2 class=\"has-text-align-center\">Pack Adh\u00e9sion Energy Cities <\/h2>\n\n\n\n<div class=\"wp-block-columns\">\n<div class=\"wp-block-column\">\n<div class=\"wp-block-cover\" style=\"min-height:100px\"><span aria-hidden=\"true\" class=\"has-background-dim-90 wp-block-cover__gradient-background has-very-light-gray-to-cyan-bluish-gray-gradient-background has-background-dim has-background-gradient\"><\/span><img loading=\"lazy\" width=\"1024\" height=\"683\" class=\"wp-block-cover__image-background wp-image-15851\" alt=\"\" src=\"https:\/\/energy-cities.eu\/wp-content\/uploads\/2019\/05\/world-1264062_theAndras-Barta_pixabay-1024x683.jpg\" data-object-fit=\"cover\" srcset=\"https:\/\/energy-cities.eu\/wp-content\/uploads\/2019\/05\/world-1264062_theAndras-Barta_pixabay-1024x683.jpg 1024w, https:\/\/energy-cities.eu\/wp-content\/uploads\/2019\/05\/world-1264062_theAndras-Barta_pixabay-300x200.jpg 300w, https:\/\/energy-cities.eu\/wp-content\/uploads\/2019\/05\/world-1264062_theAndras-Barta_pixabay-768x512.jpg 768w, https:\/\/energy-cities.eu\/wp-content\/uploads\/2019\/05\/world-1264062_theAndras-Barta_pixabay-700x467.jpg 700w\" sizes=\"(max-width: 1024px) 100vw, 1024px\" \/><div class=\"wp-block-cover__inner-container\">\n<p class=\"has-text-align-center has-medium-font-size\"><strong><a href=\"https:\/\/energy-cities.eu\/wp-content\/uploads\/2024\/12\/FR-EnergyCities_Membership-Revised.pdf\">Pack d&rsquo;informations<\/a><\/strong><\/p>\n<\/div><\/div>\n<\/div>\n\n\n\n<div class=\"wp-block-column\">\n<div class=\"wp-block-cover is-light\" style=\"min-height:100px\"><span aria-hidden=\"true\" class=\"has-background-dim-80 wp-block-cover__gradient-background has-background-dim\" style=\"background-color:#ffe700\"><\/span><img loading=\"lazy\" width=\"1024\" height=\"683\" class=\"wp-block-cover__image-background wp-image-18803\" alt=\"Two women at workshop laughing\" src=\"https:\/\/energy-cities.eu\/wp-content\/uploads\/2019\/06\/DSC_0003-1024x683.jpg\" data-object-fit=\"cover\" srcset=\"https:\/\/energy-cities.eu\/wp-content\/uploads\/2019\/06\/DSC_0003-1024x683.jpg 1024w, https:\/\/energy-cities.eu\/wp-content\/uploads\/2019\/06\/DSC_0003-300x200.jpg 300w, https:\/\/energy-cities.eu\/wp-content\/uploads\/2019\/06\/DSC_0003-768x512.jpg 768w, https:\/\/energy-cities.eu\/wp-content\/uploads\/2019\/06\/DSC_0003-700x467.jpg 700w\" sizes=\"(max-width: 1024px) 100vw, 1024px\" \/><div class=\"wp-block-cover__inner-container\">\n<p class=\"has-text-align-center has-medium-font-size\"><a href=\"https:\/\/energy-cities.eu\/wp-content\/uploads\/2023\/04\/formulaire-adhesion_FR.pdf\" target=\"_blank\" rel=\"noreferrer noopener\"><strong>Formulaire d&rsquo;adh\u00e9sion<\/strong><\/a><\/p>\n<\/div><\/div>\n<\/div>\n\n\n\n<div class=\"wp-block-column\">\n<div class=\"wp-block-cover\" style=\"min-height:100px\"><span aria-hidden=\"true\" class=\"has-background-dim-80 wp-block-cover__gradient-background has-very-light-gray-to-cyan-bluish-gray-gradient-background has-background-dim has-background-gradient\"><\/span><img loading=\"lazy\" width=\"1024\" height=\"682\" class=\"wp-block-cover__image-background wp-image-17390\" alt=\"Colored board game\" src=\"https:\/\/energy-cities.eu\/wp-content\/uploads\/2018\/12\/art-board-game-challenge-163064_resized-1024x682.jpg\" style=\"object-position:50% 50%\" data-object-fit=\"cover\" data-object-position=\"50% 50%\" srcset=\"https:\/\/energy-cities.eu\/wp-content\/uploads\/2018\/12\/art-board-game-challenge-163064_resized-1024x682.jpg 1024w, https:\/\/energy-cities.eu\/wp-content\/uploads\/2018\/12\/art-board-game-challenge-163064_resized-350x233.jpg 350w, https:\/\/energy-cities.eu\/wp-content\/uploads\/2018\/12\/art-board-game-challenge-163064_resized-1536x1024.jpg 1536w, https:\/\/energy-cities.eu\/wp-content\/uploads\/2018\/12\/art-board-game-challenge-163064_resized-700x467.jpg 700w, https:\/\/energy-cities.eu\/wp-content\/uploads\/2018\/12\/art-board-game-challenge-163064_resized-450x300.jpg 450w, https:\/\/energy-cities.eu\/wp-content\/uploads\/2018\/12\/art-board-game-challenge-163064_resized-1350x900.jpg 1350w, https:\/\/energy-cities.eu\/wp-content\/uploads\/2018\/12\/art-board-game-challenge-163064_resized-300x200.jpg 300w, https:\/\/energy-cities.eu\/wp-content\/uploads\/2018\/12\/art-board-game-challenge-163064_resized-768x512.jpg 768w, https:\/\/energy-cities.eu\/wp-content\/uploads\/2018\/12\/art-board-game-challenge-163064_resized.jpg 2000w\" sizes=\"(max-width: 1024px) 100vw, 1024px\" \/><div class=\"wp-block-cover__inner-container\">\n<p class=\"has-text-align-center has-black-color has-text-color has-medium-font-size\"><a href=\"https:\/\/energy-cities.eu\/wp-content\/uploads\/2023\/04\/Statuts-ENC_2017.pdf\" target=\"_blank\" rel=\"noreferrer noopener\"><strong>Statuts de l&rsquo;association<\/strong><\/a><\/p>\n<\/div><\/div>\n<\/div>\n<\/div>\n\n\n\n<div class=\"wp-block-media-text alignwide is-stacked-on-mobile\"><figure class=\"wp-block-media-text__media\"><img loading=\"lazy\" width=\"1024\" height=\"725\" src=\"https:\/\/energy-cities.eu\/wp-content\/uploads\/2023\/04\/long-version-page-8-1024x725.jpg\" alt=\"\" class=\"wp-image-62881 size-full\" srcset=\"https:\/\/energy-cities.eu\/wp-content\/uploads\/2023\/04\/long-version-page-8-1024x725.jpg 1024w, https:\/\/energy-cities.eu\/wp-content\/uploads\/2023\/04\/long-version-page-8-350x248.jpg 350w, https:\/\/energy-cities.eu\/wp-content\/uploads\/2023\/04\/long-version-page-8-1536x1087.jpg 1536w, https:\/\/energy-cities.eu\/wp-content\/uploads\/2023\/04\/long-version-page-8-2048x1449.jpg 2048w, https:\/\/energy-cities.eu\/wp-content\/uploads\/2023\/04\/long-version-page-8-700x495.jpg 700w, https:\/\/energy-cities.eu\/wp-content\/uploads\/2023\/04\/long-version-page-8-424x300.jpg 424w, https:\/\/energy-cities.eu\/wp-content\/uploads\/2023\/04\/long-version-page-8-1272x900.jpg 1272w, https:\/\/energy-cities.eu\/wp-content\/uploads\/2023\/04\/long-version-page-8-210x150.jpg 210w\" sizes=\"(max-width: 1024px) 100vw, 1024px\" \/><\/figure><div class=\"wp-block-media-text__content\">\n<h3>Faites face \u00e0 la crise<br>\u00e9nerg\u00e9tique actuelle avec<br>le soutien d\u2019<a href=\"https:\/\/energy-cities.eu\/fr\/membres\/\" target=\"_blank\" rel=\"noreferrer noopener\">un r\u00e9seau<br>de pairs<\/a> et d\u2019<a href=\"https:\/\/energy-cities.eu\/fr\/equipe\/\" target=\"_blank\" rel=\"noreferrer noopener\">une \u00e9quipe<br>engag\u00e9e.<\/a><\/h3>\n<\/div><\/div>\n\n\n\n<div class=\"wp-block-media-text alignwide has-media-on-the-right is-stacked-on-mobile\"><figure class=\"wp-block-media-text__media\"><img loading=\"lazy\" width=\"1024\" height=\"683\" src=\"https:\/\/energy-cities.eu\/wp-content\/uploads\/2023\/04\/long-version-page-12-1024x683.jpg\" alt=\"\" class=\"wp-image-62883 size-full\" srcset=\"https:\/\/energy-cities.eu\/wp-content\/uploads\/2023\/04\/long-version-page-12-1024x683.jpg 1024w, https:\/\/energy-cities.eu\/wp-content\/uploads\/2023\/04\/long-version-page-12-350x233.jpg 350w, https:\/\/energy-cities.eu\/wp-content\/uploads\/2023\/04\/long-version-page-12-1536x1024.jpg 1536w, https:\/\/energy-cities.eu\/wp-content\/uploads\/2023\/04\/long-version-page-12-2048x1365.jpg 2048w, https:\/\/energy-cities.eu\/wp-content\/uploads\/2023\/04\/long-version-page-12-700x467.jpg 700w, https:\/\/energy-cities.eu\/wp-content\/uploads\/2023\/04\/long-version-page-12-450x300.jpg 450w, https:\/\/energy-cities.eu\/wp-content\/uploads\/2023\/04\/long-version-page-12-1350x900.jpg 1350w\" sizes=\"(max-width: 1024px) 100vw, 1024px\" \/><\/figure><div class=\"wp-block-media-text__content\">\n<h3 class=\"has-text-align-right\">Acc\u00e9dez aux fonds<br>europ\u00e9ens pour acc\u00e9l\u00e9rer<br>la transition de votre ville<br>vers la neutralit\u00e9 carbone.<\/h3>\n<\/div><\/div>\n\n\n\n<div class=\"wp-block-media-text alignwide is-stacked-on-mobile\"><figure class=\"wp-block-media-text__media\"><img loading=\"lazy\" width=\"1024\" height=\"682\" src=\"https:\/\/energy-cities.eu\/wp-content\/uploads\/2023\/04\/long-version-page-25-1024x682.jpg\" alt=\"\" class=\"wp-image-62885 size-full\" srcset=\"https:\/\/energy-cities.eu\/wp-content\/uploads\/2023\/04\/long-version-page-25-1024x682.jpg 1024w, https:\/\/energy-cities.eu\/wp-content\/uploads\/2023\/04\/long-version-page-25-350x233.jpg 350w, https:\/\/energy-cities.eu\/wp-content\/uploads\/2023\/04\/long-version-page-25-1536x1022.jpg 1536w, https:\/\/energy-cities.eu\/wp-content\/uploads\/2023\/04\/long-version-page-25-2048x1363.jpg 2048w, https:\/\/energy-cities.eu\/wp-content\/uploads\/2023\/04\/long-version-page-25-700x466.jpg 700w, https:\/\/energy-cities.eu\/wp-content\/uploads\/2023\/04\/long-version-page-25-451x300.jpg 451w, https:\/\/energy-cities.eu\/wp-content\/uploads\/2023\/04\/long-version-page-25-1352x900.jpg 1352w\" sizes=\"(max-width: 1024px) 100vw, 1024px\" \/><\/figure><div class=\"wp-block-media-text__content\">\n<h3 class=\"has-text-align-left\">Participez au montage<br>et \u00e0 la mise en \u0153uvre de<br><a href=\"https:\/\/energy-cities.eu\/fr\/projets\/\" target=\"_blank\" rel=\"noreferrer noopener\">projets europ\u00e9ens<\/a> visant<br>\u00e0 relever les d\u00e9fis de votre<br>ville ou de votre r\u00e9gion.<\/h3>\n<\/div><\/div>\n\n\n\n<div class=\"wp-block-media-text alignwide has-media-on-the-right is-stacked-on-mobile\"><figure class=\"wp-block-media-text__media\"><img loading=\"lazy\" width=\"600\" height=\"400\" src=\"https:\/\/energy-cities.eu\/wp-content\/uploads\/2023\/04\/com2023-1_1.jpg\" alt=\"\" class=\"wp-image-62878 size-full\" srcset=\"https:\/\/energy-cities.eu\/wp-content\/uploads\/2023\/04\/com2023-1_1.jpg 600w, https:\/\/energy-cities.eu\/wp-content\/uploads\/2023\/04\/com2023-1_1-350x233.jpg 350w, https:\/\/energy-cities.eu\/wp-content\/uploads\/2023\/04\/com2023-1_1-450x300.jpg 450w\" sizes=\"(max-width: 600px) 100vw, 600px\" \/><\/figure><div class=\"wp-block-media-text__content\">\n<h3 class=\"has-text-align-right\"><a href=\"https:\/\/energy-cities.eu\/fr\/?contenus=policies\" target=\"_blank\" rel=\"noreferrer noopener\">Faites entendre votre voix<\/a><br>au niveau europ\u00e9en pour<br>favoriser les changements<br>syst\u00e9miques dont nous<br>avons besoin pour des<br>villes plus durables.<\/h3>\n<\/div><\/div>\n\n\n\n<div style=\"height:50px\" aria-hidden=\"true\" class=\"wp-block-spacer\"><\/div>\n\n\n\n<h2 id=\"questions-frequentes-59c88b74-150a-4654-a505-f557de4eb684\">Questions fr\u00e9quentes<\/h2>\n\n\n\n<div class=\"wp-block-advgb-accordions advgb-accordion-wrapper\">\n<div class=\"wp-block-advgb-accordion-item advgb-accordion-item\" style=\"margin-bottom:15px\"><div class=\"advgb-accordion-header\" style=\"background-color:#e63c4b;color:#eee;border-style:solid;border-width:1px;border-radius:2px\"><span class=\"advgb-accordion-header-icon\"><svg fill=\"#fff\" xmlns=\"http:\/\/www.w3.org\/2000\/svg\" width=\"24\" height=\"24\" viewbox=\"0 0 24 24\"><path opacity=\"0.87\" fill=\"none\" d=\"M24,24H0L0,0l24,0V24z\"><\/path><path d=\"M16.59,8.59L12,13.17L7.41,8.59L6,10l6,6l6-6L16.59,8.59z\"><\/path><\/svg><\/span><h4 class=\"advgb-accordion-header-title\" style=\"color:inherit\">Qui peut adh\u00e9rer ?<\/h4><\/div><div class=\"advgb-accordion-body\" style=\"border-style:solid !important;border-width:1px !important;border-color:undefined !important;border-top:none !important;border-radius:2px !important\">\n<p>Energy Cities se compose de membres tr\u00e8s divers et chacun suit un parcours de transition qui lui est propre.<\/p>\n\n\n\n<p>Vous pouvez devenir membre si vous \u00eates :<\/p>\n\n\n\n<ul><li>Une collectivit\u00e9 territoriale<\/li><li>Une structure inter-communale ou un groupe de municipalit\u00e9s<\/li><li>Une agence locale de gestion de l\u2019\u00e9nergie<\/li><li>Une soci\u00e9t\u00e9 municipale<\/li><li>Une association r\u00e9gionale ou nationale de municipalit\u00e9s.<\/li><\/ul>\n<\/div><\/div>\n\n\n\n<div class=\"wp-block-advgb-accordion-item advgb-accordion-item\" style=\"margin-bottom:15px\"><div class=\"advgb-accordion-header\" style=\"background-color:#e63c4b;color:#eee;border-style:solid;border-width:1px;border-radius:2px\"><span class=\"advgb-accordion-header-icon\"><svg fill=\"#fff\" xmlns=\"http:\/\/www.w3.org\/2000\/svg\" width=\"24\" height=\"24\" viewbox=\"0 0 24 24\"><path opacity=\"0.87\" fill=\"none\" d=\"M24,24H0L0,0l24,0V24z\"><\/path><path d=\"M16.59,8.59L12,13.17L7.41,8.59L6,10l6,6l6-6L16.59,8.59z\"><\/path><\/svg><\/span><h4 class=\"advgb-accordion-header-title\" style=\"color:inherit\">Cotisations<\/h4><\/div><div class=\"advgb-accordion-body\" style=\"border-style:solid !important;border-width:1px !important;border-color:undefined !important;border-top:none !important;border-radius:2px !important\">\n<p>La cotisation annuelle d\u00e9pend de la situation de chaque membre et est calcul\u00e9e sur la base du nombre d\u2019habitants.<\/p>\n\n\n\n<p><strong>Cotisation annuelle (en Euros) :<\/strong><\/p>\n\n\n\n<figure class=\"wp-block-table\"><table><tbody><tr><td>Population<\/td><td>Montant*<\/td><td>Cotisation sp\u00e9ciale**<\/td><\/tr><tr><td>Moins de 100 000 hab.<\/td><td>1 250\u20ac<\/td><td>625\u20ac<\/td><\/tr><tr><td>100 000 \u00e0 300 000 hab.<\/td><td>2 500\u20ac<\/td><td>1 250\u20ac<\/td><\/tr><tr><td>300 000 \u00e0 500 000 hab.<\/td><td>3 750\u20ac<\/td><td>1 875\u20ac<\/td><\/tr><tr><td>Plus de 500 000 hab.<\/td><td>5 000\u20ac<\/td><td>2 500\u20ac<\/td><\/tr><tr><td>Associations de collectivit\u00e9s locales<\/td><td>2 500\u20ac<\/td><td>1 250\u20ac<\/td><\/tr><\/tbody><\/table><\/figure>\n\n\n\n<p><em>*Pays membres de l&rsquo;UE, Grande Bretagne, Suisse, Norv\u00e8ge<\/em><br><em>**Pays non membres de l&rsquo;UE<\/em><\/p>\n<\/div><\/div>\n\n\n\n<div class=\"wp-block-advgb-accordion-item advgb-accordion-item\" style=\"margin-bottom:15px\"><div class=\"advgb-accordion-header\" style=\"background-color:#e63c4b;color:#eee;border-style:solid;border-width:1px;border-radius:2px\"><span class=\"advgb-accordion-header-icon\"><svg fill=\"#fff\" xmlns=\"http:\/\/www.w3.org\/2000\/svg\" width=\"24\" height=\"24\" viewbox=\"0 0 24 24\"><path opacity=\"0.87\" fill=\"none\" d=\"M24,24H0L0,0l24,0V24z\"><\/path><path d=\"M16.59,8.59L12,13.17L7.41,8.59L6,10l6,6l6-6L16.59,8.59z\"><\/path><\/svg><\/span><h4 class=\"advgb-accordion-header-title\" style=\"color:inherit\">L&rsquo;adh\u00e9sion en d\u00e9tail<\/h4><\/div><div class=\"advgb-accordion-body\" style=\"border-style:solid !important;border-width:1px !important;border-color:undefined !important;border-top:none !important;border-radius:2px !important\">\n<ul><li>Pr\u00e9sentez le dossier d\u2019adh\u00e9sion \u00e0 votre Maire,<\/li><li>Obtenez l\u2019accord du conseil municipal,<\/li><li>Renvoyez-nous le formulaire d\u2019adh\u00e9sion sign\u00e9 accompagn\u00e9 de la d\u00e9lib\u00e9ration municipale,<\/li><li>Commencez \u00e0 profiter des nombreux avantages de notre r\u00e9seau,<\/li><li>Nous vous accueillerons en tant que nouveau membre en vous adressant un kit de bienvenue,<\/li><li>Votre r\u00e9f\u00e9rent au sein d\u2019Energy Cities vous contactera pour organiser une r\u00e9union d\u2019information afin que vous puissiez profiter pleinement de votre adh\u00e9sion.<\/li><\/ul>\n<\/div><\/div>\n<\/div>\n\n\n\n<div class=\"wp-block-advgb-accordions advgb-accordion-wrapper\">\n<div class=\"wp-block-advgb-accordion-item advgb-accordion-item\" style=\"margin-bottom:15px\"><div class=\"advgb-accordion-header\" style=\"background-color:#000;color:#eee;border-style:solid;border-width:1px;border-radius:2px\"><span class=\"advgb-accordion-header-icon\"><svg fill=\"#fff\" xmlns=\"http:\/\/www.w3.org\/2000\/svg\" width=\"24\" height=\"24\" viewbox=\"0 0 24 24\"><path opacity=\"0.87\" fill=\"none\" d=\"M24,24H0L0,0l24,0V24z\"><\/path><path d=\"M16.59,8.59L12,13.17L7.41,8.59L6,10l6,6l6-6L16.59,8.59z\"><\/path><\/svg><\/span><h4 class=\"advgb-accordion-header-title\" style=\"color:inherit\">Header text<\/h4><\/div><div class=\"advgb-accordion-body\" style=\"border-style:solid !important;border-width:1px !important;border-color:undefined !important;border-top:none !important;border-radius:2px !important\"><\/div><\/div>\n<\/div>\n\n\n\n<p>Pour voir les membres dans votre pays ou zone g\u00e9ographique, <a href=\"\/fr\/membres\/\">rendez-vous sur notre page MEMBRES.<\/a><\/p>\n","protected":false},"excerpt":{"rendered":"<p>Pack Adh\u00e9sion Energy Cities Faites face \u00e0 la crise\u00e9nerg\u00e9tique actuelle avecle soutien d\u2019un r\u00e9seaude pairs et d\u2019une \u00e9quipeengag\u00e9e. Acc\u00e9dez aux fondseurop\u00e9ens pour acc\u00e9l\u00e9rerla transition de <a href=\"https:\/\/energy-cities.eu\/fr\/rejoignez-notre-communaute\/\">[\u2026]<\/a><\/p>\n","protected":false},"author":37,"featured_media":20517,"parent":0,"menu_order":0,"comment_status":"closed","ping_status":"closed","template":"page.join.php","meta":{"advgb_blocks_editor_width":"","advgb_blocks_columns_visual_guide":"","ub_ctt_via":""},"acf":[],"featured_image_src":"https:\/\/energy-cities.eu\/wp-content\/uploads\/2019\/06\/DSC_0142_cut.jpg","yoast_head":"<!-- This site is optimized with the Yoast SEO plugin v18.8 - https:\/\/yoast.com\/wordpress\/plugins\/seo\/ -->\n<title>Rejoignez le r\u00e9seau - Energy Cities<\/title>\n<meta name=\"robots\" content=\"index, follow, max-snippet:-1, max-image-preview:large, max-video-preview:-1\" \/>\n<link rel=\"canonical\" href=\"https:\/\/energy-cities.eu\/fr\/rejoignez-notre-communaute\/\" \/>\n<meta property=\"og:locale\" content=\"fr_FR\" \/>\n<meta property=\"og:type\" content=\"article\" \/>\n<meta property=\"og:title\" content=\"Rejoignez le r\u00e9seau - Energy Cities\" \/>\n<meta property=\"og:description\" content=\"Pack Adh\u00e9sion Energy Cities Faites face \u00e0 la crise\u00e9nerg\u00e9tique actuelle avecle soutien d\u2019un r\u00e9seaude pairs et d\u2019une \u00e9quipeengag\u00e9e. Acc\u00e9dez aux fondseurop\u00e9ens pour acc\u00e9l\u00e9rerla transition de [\u2026]\" \/>\n<meta property=\"og:url\" content=\"https:\/\/energy-cities.eu\/fr\/rejoignez-notre-communaute\/\" \/>\n<meta property=\"og:site_name\" content=\"Energy Cities\" \/>\n<meta property=\"article:publisher\" content=\"https:\/\/www.facebook.com\/energycities.eu\/\" \/>\n<meta property=\"article:modified_time\" content=\"2024-12-20T14:27:34+00:00\" \/>\n<meta property=\"og:image\" content=\"https:\/\/energy-cities.eu\/wp-content\/uploads\/2019\/06\/DSC_0142_cut.jpg\" \/>\n\t<meta property=\"og:image:width\" content=\"2000\" \/>\n\t<meta property=\"og:image:height\" content=\"1017\" \/>\n\t<meta property=\"og:image:type\" content=\"image\/jpeg\" \/>\n<meta name=\"twitter:card\" content=\"summary_large_image\" \/>\n<meta name=\"twitter:site\" content=\"@energycities\" \/>\n<meta name=\"twitter:label1\" content=\"Dur\u00e9e de lecture estim\u00e9e\" \/>\n\t<meta name=\"twitter:data1\" content=\"3 minutes\" \/>\n<script type=\"application\/ld+json\" class=\"yoast-schema-graph\">{\"@context\":\"https:\/\/schema.org\",\"@graph\":[{\"@type\":\"Organization\",\"@id\":\"https:\/\/energy-cities.eu\/fr\/#organization\",\"name\":\"Energy Cities\",\"url\":\"https:\/\/energy-cities.eu\/fr\/\",\"sameAs\":[\"https:\/\/www.facebook.com\/energycities.eu\/\",\"https:\/\/www.youtube.com\/channel\/UChIHn2wF76JzuTbAjSMs0hQ\",\"https:\/\/fr.wikipedia.org\/wiki\/Energy_Cities\",\"https:\/\/twitter.com\/energycities\"],\"logo\":{\"@type\":\"ImageObject\",\"inLanguage\":\"fr-FR\",\"@id\":\"https:\/\/energy-cities.eu\/fr\/#\/schema\/logo\/image\/\",\"url\":\"https:\/\/energy-cities.eu\/wp-content\/uploads\/2019\/07\/energy-cities-couleur.jpg\",\"contentUrl\":\"https:\/\/energy-cities.eu\/wp-content\/uploads\/2019\/07\/energy-cities-couleur.jpg\",\"width\":3508,\"height\":2587,\"caption\":\"Energy Cities\"},\"image\":{\"@id\":\"https:\/\/energy-cities.eu\/fr\/#\/schema\/logo\/image\/\"}},{\"@type\":\"WebSite\",\"@id\":\"https:\/\/energy-cities.eu\/fr\/#website\",\"url\":\"https:\/\/energy-cities.eu\/fr\/\",\"name\":\"Energy Cities\",\"description\":\" The European learning community for future-proof cities\",\"publisher\":{\"@id\":\"https:\/\/energy-cities.eu\/fr\/#organization\"},\"potentialAction\":[{\"@type\":\"SearchAction\",\"target\":{\"@type\":\"EntryPoint\",\"urlTemplate\":\"https:\/\/energy-cities.eu\/fr\/?s={search_term_string}\"},\"query-input\":\"required name=search_term_string\"}],\"inLanguage\":\"fr-FR\"},{\"@type\":\"ImageObject\",\"inLanguage\":\"fr-FR\",\"@id\":\"https:\/\/energy-cities.eu\/fr\/rejoignez-notre-communaute\/#primaryimage\",\"url\":\"https:\/\/energy-cities.eu\/wp-content\/uploads\/2019\/06\/DSC_0142_cut.jpg\",\"contentUrl\":\"https:\/\/energy-cities.eu\/wp-content\/uploads\/2019\/06\/DSC_0142_cut.jpg\",\"width\":2000,\"height\":1017,\"caption\":\"Energy Cities\"},{\"@type\":\"WebPage\",\"@id\":\"https:\/\/energy-cities.eu\/fr\/rejoignez-notre-communaute\/#webpage\",\"url\":\"https:\/\/energy-cities.eu\/fr\/rejoignez-notre-communaute\/\",\"name\":\"Rejoignez le r\u00e9seau - Energy Cities\",\"isPartOf\":{\"@id\":\"https:\/\/energy-cities.eu\/fr\/#website\"},\"primaryImageOfPage\":{\"@id\":\"https:\/\/energy-cities.eu\/fr\/rejoignez-notre-communaute\/#primaryimage\"},\"datePublished\":\"2019-05-21T16:01:05+00:00\",\"dateModified\":\"2024-12-20T14:27:34+00:00\",\"breadcrumb\":{\"@id\":\"https:\/\/energy-cities.eu\/fr\/rejoignez-notre-communaute\/#breadcrumb\"},\"inLanguage\":\"fr-FR\",\"potentialAction\":[{\"@type\":\"ReadAction\",\"target\":[\"https:\/\/energy-cities.eu\/fr\/rejoignez-notre-communaute\/\"]}]},{\"@type\":\"BreadcrumbList\",\"@id\":\"https:\/\/energy-cities.eu\/fr\/rejoignez-notre-communaute\/#breadcrumb\",\"itemListElement\":[{\"@type\":\"ListItem\",\"position\":1,\"name\":\"Home\",\"item\":\"https:\/\/energy-cities.eu\/fr\/nous-sommes-un-reseau-europeen-blabla\/\"},{\"@type\":\"ListItem\",\"position\":2,\"name\":\"Rejoignez le r\u00e9seau\"}]}]}<\/script>\n<!-- \/ Yoast SEO plugin. -->","yoast_head_json":{"title":"Rejoignez le r\u00e9seau - Energy Cities","robots":{"index":"index","follow":"follow","max-snippet":"max-snippet:-1","max-image-preview":"max-image-preview:large","max-video-preview":"max-video-preview:-1"},"canonical":"https:\/\/energy-cities.eu\/fr\/rejoignez-notre-communaute\/","og_locale":"fr_FR","og_type":"article","og_title":"Rejoignez le r\u00e9seau - Energy Cities","og_description":"Pack Adh\u00e9sion Energy Cities Faites face \u00e0 la crise\u00e9nerg\u00e9tique actuelle avecle soutien d\u2019un r\u00e9seaude pairs et d\u2019une \u00e9quipeengag\u00e9e. Acc\u00e9dez aux fondseurop\u00e9ens pour acc\u00e9l\u00e9rerla transition de [\u2026]","og_url":"https:\/\/energy-cities.eu\/fr\/rejoignez-notre-communaute\/","og_site_name":"Energy Cities","article_publisher":"https:\/\/www.facebook.com\/energycities.eu\/","article_modified_time":"2024-12-20T14:27:34+00:00","og_image":[{"width":2000,"height":1017,"url":"https:\/\/energy-cities.eu\/wp-content\/uploads\/2019\/06\/DSC_0142_cut.jpg","type":"image\/jpeg"}],"twitter_card":"summary_large_image","twitter_site":"@energycities","twitter_misc":{"Dur\u00e9e de lecture estim\u00e9e":"3 minutes"},"schema":{"@context":"https:\/\/schema.org","@graph":[{"@type":"Organization","@id":"https:\/\/energy-cities.eu\/fr\/#organization","name":"Energy Cities","url":"https:\/\/energy-cities.eu\/fr\/","sameAs":["https:\/\/www.facebook.com\/energycities.eu\/","https:\/\/www.youtube.com\/channel\/UChIHn2wF76JzuTbAjSMs0hQ","https:\/\/fr.wikipedia.org\/wiki\/Energy_Cities","https:\/\/twitter.com\/energycities"],"logo":{"@type":"ImageObject","inLanguage":"fr-FR","@id":"https:\/\/energy-cities.eu\/fr\/#\/schema\/logo\/image\/","url":"https:\/\/energy-cities.eu\/wp-content\/uploads\/2019\/07\/energy-cities-couleur.jpg","contentUrl":"https:\/\/energy-cities.eu\/wp-content\/uploads\/2019\/07\/energy-cities-couleur.jpg","width":3508,"height":2587,"caption":"Energy Cities"},"image":{"@id":"https:\/\/energy-cities.eu\/fr\/#\/schema\/logo\/image\/"}},{"@type":"WebSite","@id":"https:\/\/energy-cities.eu\/fr\/#website","url":"https:\/\/energy-cities.eu\/fr\/","name":"Energy Cities","description":" The European learning community for future-proof cities","publisher":{"@id":"https:\/\/energy-cities.eu\/fr\/#organization"},"potentialAction":[{"@type":"SearchAction","target":{"@type":"EntryPoint","urlTemplate":"https:\/\/energy-cities.eu\/fr\/?s={search_term_string}"},"query-input":"required name=search_term_string"}],"inLanguage":"fr-FR"},{"@type":"ImageObject","inLanguage":"fr-FR","@id":"https:\/\/energy-cities.eu\/fr\/rejoignez-notre-communaute\/#primaryimage","url":"https:\/\/energy-cities.eu\/wp-content\/uploads\/2019\/06\/DSC_0142_cut.jpg","contentUrl":"https:\/\/energy-cities.eu\/wp-content\/uploads\/2019\/06\/DSC_0142_cut.jpg","width":2000,"height":1017,"caption":"Energy Cities"},{"@type":"WebPage","@id":"https:\/\/energy-cities.eu\/fr\/rejoignez-notre-communaute\/#webpage","url":"https:\/\/energy-cities.eu\/fr\/rejoignez-notre-communaute\/","name":"Rejoignez le r\u00e9seau - Energy Cities","isPartOf":{"@id":"https:\/\/energy-cities.eu\/fr\/#website"},"primaryImageOfPage":{"@id":"https:\/\/energy-cities.eu\/fr\/rejoignez-notre-communaute\/#primaryimage"},"datePublished":"2019-05-21T16:01:05+00:00","dateModified":"2024-12-20T14:27:34+00:00","breadcrumb":{"@id":"https:\/\/energy-cities.eu\/fr\/rejoignez-notre-communaute\/#breadcrumb"},"inLanguage":"fr-FR","potentialAction":[{"@type":"ReadAction","target":["https:\/\/energy-cities.eu\/fr\/rejoignez-notre-communaute\/"]}]},{"@type":"BreadcrumbList","@id":"https:\/\/energy-cities.eu\/fr\/rejoignez-notre-communaute\/#breadcrumb","itemListElement":[{"@type":"ListItem","position":1,"name":"Home","item":"https:\/\/energy-cities.eu\/fr\/nous-sommes-un-reseau-europeen-blabla\/"},{"@type":"ListItem","position":2,"name":"Rejoignez le r\u00e9seau"}]}]}},"coauthors":[],"author_meta":{"author_link":"https:\/\/energy-cities.eu\/fr\/staff\/r-chatelet\/","display_name":"Rapha\u00ebl Chatelet"},"relative_dates":{"created":"Publi\u00e9 7 ans il y a","modified":"Mis \u00e0 jour 1 an il y a"},"absolute_dates":{"created":"Publi\u00e9 le 21 mai 2019","modified":"Mise \u00e0 jour le 20 d\u00e9cembre 2024"},"absolute_dates_time":{"created":"Publi\u00e9 le 21 mai 2019 4:01  ","modified":"Mise \u00e0 jour le 20 d\u00e9cembre 2024 3:27  "},"featured_img_caption":"Energy Cities","featured_img":"https:\/\/energy-cities.eu\/wp-content\/uploads\/2019\/06\/DSC_0142_cut.jpg","_links":{"self":[{"href":"https:\/\/energy-cities.eu\/fr\/wp-json\/wp\/v2\/pages\/15467"}],"collection":[{"href":"https:\/\/energy-cities.eu\/fr\/wp-json\/wp\/v2\/pages"}],"about":[{"href":"https:\/\/energy-cities.eu\/fr\/wp-json\/wp\/v2\/types\/page"}],"author":[{"embeddable":true,"href":"https:\/\/energy-cities.eu\/fr\/wp-json\/wp\/v2\/users\/37"}],"replies":[{"embeddable":true,"href":"https:\/\/energy-cities.eu\/fr\/wp-json\/wp\/v2\/comments?post=15467"}],"version-history":[{"count":124,"href":"https:\/\/energy-cities.eu\/fr\/wp-json\/wp\/v2\/pages\/15467\/revisions"}],"predecessor-version":[{"id":83139,"href":"https:\/\/energy-cities.eu\/fr\/wp-json\/wp\/v2\/pages\/15467\/revisions\/83139"}],"wp:featuredmedia":[{"embeddable":true,"href":"https:\/\/energy-cities.eu\/fr\/wp-json\/wp\/v2\/media\/20517"}],"wp:attachment":[{"href":"https:\/\/energy-cities.eu\/fr\/wp-json\/wp\/v2\/media?parent=15467"}],"curies":[{"name":"wp","href":"https:\/\/api.w.org\/{rel}","templated":true}]}}