{"id":15564,"date":"2019-05-22T15:27:25","date_gmt":"2019-05-22T15:27:25","guid":{"rendered":"http:\/\/ec.kuusi.ovh\/?page_id=15564"},"modified":"2024-10-10T14:40:12","modified_gmt":"2024-10-10T12:40:12","slug":"vision-et-mission","status":"publish","type":"page","link":"https:\/\/energy-cities.eu\/fr\/vision-et-mission\/","title":{"rendered":"Notre vision"},"content":{"rendered":"\n<p class=\"beige-message\">La mission d\u2019Energy Cities est de donner aux villes et aux citoyen\u00b7nes les moyens de transformer nos soci\u00e9t\u00e9s pour vivre dans les limites plan\u00e9taires.<\/p>\n\n\n\n<div style=\"height:50px\" aria-hidden=\"true\" class=\"wp-block-spacer\"><\/div>\n\n\n\n<p>Nous partageons des alternatives concr\u00e8tes d\u00e9ploy\u00e9es par les villes, nous plaidons pour un changement de la gouvernance politique et \u00e9conomique \u00e0 tous les niveaux et nous encourageons un large changement culturel qui m\u00e8nera \u00e0 une soci\u00e9t\u00e9 durable.<br>La communaut\u00e9 d\u2019Energy Cities est compos\u00e9e de dirigeant\u00b7es loca\u00b7ux\u00b7les de milliers de villes dans 30 pays europ\u00e9ens .<\/p>\n\n\n\n<p>Apr\u00e8s des politiques \u00e9nerg\u00e9tiques et climatiques favorisant un syst\u00e8me \u00e9nerg\u00e9tique d\u00e9centralis\u00e9, d\u00e9mocratique et d\u00e9carbon\u00e9, la prochaine \u00e9tape pour les villes consiste \u00e0 int\u00e9grer l\u2019ensemble du m\u00e9tabolisme urbain dans une d\u00e9marche de neutralit\u00e9 climatique.<\/p>\n\n\n\n<p>D\u00e9velopper des communaut\u00e9s r\u00e9silientes, c\u2019est favoriser l\u2019interd\u00e9pendance entre les secteurs, entre les territoires et entre les acteurs \u00e9conomiques, sociaux, culturels et les responsables des villes, afin de partager les richesses et le bien-\u00eatre au niveau local.<\/p>\n","protected":false},"excerpt":{"rendered":"<p>La mission d\u2019Energy Cities est de donner aux villes et aux citoyen\u00b7nes les moyens de transformer nos soci\u00e9t\u00e9s pour vivre dans les limites plan\u00e9taires. Nous <a href=\"https:\/\/energy-cities.eu\/fr\/vision-et-mission\/\">[\u2026]<\/a><\/p>\n","protected":false},"author":37,"featured_media":40566,"parent":0,"menu_order":0,"comment_status":"closed","ping_status":"closed","template":"","meta":{"advgb_blocks_editor_width":"","advgb_blocks_columns_visual_guide":"","ub_ctt_via":""},"acf":[],"featured_image_src":"https:\/\/energy-cities.eu\/wp-content\/uploads\/2021\/07\/pexels-anete-lusina-5240511.jpg","yoast_head":"<!-- This site is optimized with the Yoast SEO plugin v18.8 - https:\/\/yoast.com\/wordpress\/plugins\/seo\/ -->\n<title>Notre vision - Energy Cities<\/title>\n<meta name=\"robots\" content=\"index, follow, max-snippet:-1, max-image-preview:large, max-video-preview:-1\" \/>\n<link rel=\"canonical\" href=\"https:\/\/energy-cities.eu\/fr\/vision-et-mission\/\" \/>\n<meta property=\"og:locale\" content=\"fr_FR\" \/>\n<meta property=\"og:type\" content=\"article\" \/>\n<meta property=\"og:title\" content=\"Notre vision - Energy Cities\" \/>\n<meta property=\"og:description\" content=\"La mission d\u2019Energy Cities est de donner aux villes et aux citoyen\u00b7nes les moyens de transformer nos soci\u00e9t\u00e9s pour vivre dans les limites plan\u00e9taires. Nous [\u2026]\" \/>\n<meta property=\"og:url\" content=\"https:\/\/energy-cities.eu\/fr\/vision-et-mission\/\" \/>\n<meta property=\"og:site_name\" content=\"Energy Cities\" \/>\n<meta property=\"article:publisher\" content=\"https:\/\/www.facebook.com\/energycities.eu\/\" \/>\n<meta property=\"article:modified_time\" content=\"2024-10-10T12:40:12+00:00\" \/>\n<meta property=\"og:image\" content=\"https:\/\/energy-cities.eu\/wp-content\/uploads\/2021\/07\/pexels-anete-lusina-5240511-1024x684.jpg\" \/>\n\t<meta property=\"og:image:width\" content=\"1024\" \/>\n\t<meta property=\"og:image:height\" content=\"684\" \/>\n\t<meta property=\"og:image:type\" content=\"image\/jpeg\" \/>\n<meta name=\"twitter:card\" content=\"summary_large_image\" \/>\n<meta name=\"twitter:site\" content=\"@energycities\" \/>\n<meta name=\"twitter:label1\" content=\"Dur\u00e9e de lecture estim\u00e9e\" \/>\n\t<meta name=\"twitter:data1\" content=\"1 minute\" \/>\n<script type=\"application\/ld+json\" class=\"yoast-schema-graph\">{\"@context\":\"https:\/\/schema.org\",\"@graph\":[{\"@type\":\"Organization\",\"@id\":\"https:\/\/energy-cities.eu\/fr\/#organization\",\"name\":\"Energy Cities\",\"url\":\"https:\/\/energy-cities.eu\/fr\/\",\"sameAs\":[\"https:\/\/www.facebook.com\/energycities.eu\/\",\"https:\/\/www.youtube.com\/channel\/UChIHn2wF76JzuTbAjSMs0hQ\",\"https:\/\/fr.wikipedia.org\/wiki\/Energy_Cities\",\"https:\/\/twitter.com\/energycities\"],\"logo\":{\"@type\":\"ImageObject\",\"inLanguage\":\"fr-FR\",\"@id\":\"https:\/\/energy-cities.eu\/fr\/#\/schema\/logo\/image\/\",\"url\":\"https:\/\/energy-cities.eu\/wp-content\/uploads\/2019\/07\/energy-cities-couleur.jpg\",\"contentUrl\":\"https:\/\/energy-cities.eu\/wp-content\/uploads\/2019\/07\/energy-cities-couleur.jpg\",\"width\":3508,\"height\":2587,\"caption\":\"Energy Cities\"},\"image\":{\"@id\":\"https:\/\/energy-cities.eu\/fr\/#\/schema\/logo\/image\/\"}},{\"@type\":\"WebSite\",\"@id\":\"https:\/\/energy-cities.eu\/fr\/#website\",\"url\":\"https:\/\/energy-cities.eu\/fr\/\",\"name\":\"Energy Cities\",\"description\":\" The European learning community for future-proof cities\",\"publisher\":{\"@id\":\"https:\/\/energy-cities.eu\/fr\/#organization\"},\"potentialAction\":[{\"@type\":\"SearchAction\",\"target\":{\"@type\":\"EntryPoint\",\"urlTemplate\":\"https:\/\/energy-cities.eu\/fr\/?s={search_term_string}\"},\"query-input\":\"required name=search_term_string\"}],\"inLanguage\":\"fr-FR\"},{\"@type\":\"ImageObject\",\"inLanguage\":\"fr-FR\",\"@id\":\"https:\/\/energy-cities.eu\/fr\/vision-et-mission\/#primaryimage\",\"url\":\"https:\/\/energy-cities.eu\/wp-content\/uploads\/2021\/07\/pexels-anete-lusina-5240511.jpg\",\"contentUrl\":\"https:\/\/energy-cities.eu\/wp-content\/uploads\/2021\/07\/pexels-anete-lusina-5240511.jpg\",\"width\":2560,\"height\":1709,\"caption\":\"Dad and child walking hand in hand\"},{\"@type\":\"WebPage\",\"@id\":\"https:\/\/energy-cities.eu\/fr\/vision-et-mission\/#webpage\",\"url\":\"https:\/\/energy-cities.eu\/fr\/vision-et-mission\/\",\"name\":\"Notre vision - Energy Cities\",\"isPartOf\":{\"@id\":\"https:\/\/energy-cities.eu\/fr\/#website\"},\"primaryImageOfPage\":{\"@id\":\"https:\/\/energy-cities.eu\/fr\/vision-et-mission\/#primaryimage\"},\"datePublished\":\"2019-05-22T15:27:25+00:00\",\"dateModified\":\"2024-10-10T12:40:12+00:00\",\"breadcrumb\":{\"@id\":\"https:\/\/energy-cities.eu\/fr\/vision-et-mission\/#breadcrumb\"},\"inLanguage\":\"fr-FR\",\"potentialAction\":[{\"@type\":\"ReadAction\",\"target\":[\"https:\/\/energy-cities.eu\/fr\/vision-et-mission\/\"]}]},{\"@type\":\"BreadcrumbList\",\"@id\":\"https:\/\/energy-cities.eu\/fr\/vision-et-mission\/#breadcrumb\",\"itemListElement\":[{\"@type\":\"ListItem\",\"position\":1,\"name\":\"Home\",\"item\":\"https:\/\/energy-cities.eu\/fr\/nous-sommes-un-reseau-europeen-blabla\/\"},{\"@type\":\"ListItem\",\"position\":2,\"name\":\"Notre vision\"}]}]}<\/script>\n<!-- \/ Yoast SEO plugin. -->","yoast_head_json":{"title":"Notre vision - Energy Cities","robots":{"index":"index","follow":"follow","max-snippet":"max-snippet:-1","max-image-preview":"max-image-preview:large","max-video-preview":"max-video-preview:-1"},"canonical":"https:\/\/energy-cities.eu\/fr\/vision-et-mission\/","og_locale":"fr_FR","og_type":"article","og_title":"Notre vision - Energy Cities","og_description":"La mission d\u2019Energy Cities est de donner aux villes et aux citoyen\u00b7nes les moyens de transformer nos soci\u00e9t\u00e9s pour vivre dans les limites plan\u00e9taires. Nous [\u2026]","og_url":"https:\/\/energy-cities.eu\/fr\/vision-et-mission\/","og_site_name":"Energy Cities","article_publisher":"https:\/\/www.facebook.com\/energycities.eu\/","article_modified_time":"2024-10-10T12:40:12+00:00","og_image":[{"width":1024,"height":684,"url":"https:\/\/energy-cities.eu\/wp-content\/uploads\/2021\/07\/pexels-anete-lusina-5240511-1024x684.jpg","type":"image\/jpeg"}],"twitter_card":"summary_large_image","twitter_site":"@energycities","twitter_misc":{"Dur\u00e9e de lecture estim\u00e9e":"1 minute"},"schema":{"@context":"https:\/\/schema.org","@graph":[{"@type":"Organization","@id":"https:\/\/energy-cities.eu\/fr\/#organization","name":"Energy Cities","url":"https:\/\/energy-cities.eu\/fr\/","sameAs":["https:\/\/www.facebook.com\/energycities.eu\/","https:\/\/www.youtube.com\/channel\/UChIHn2wF76JzuTbAjSMs0hQ","https:\/\/fr.wikipedia.org\/wiki\/Energy_Cities","https:\/\/twitter.com\/energycities"],"logo":{"@type":"ImageObject","inLanguage":"fr-FR","@id":"https:\/\/energy-cities.eu\/fr\/#\/schema\/logo\/image\/","url":"https:\/\/energy-cities.eu\/wp-content\/uploads\/2019\/07\/energy-cities-couleur.jpg","contentUrl":"https:\/\/energy-cities.eu\/wp-content\/uploads\/2019\/07\/energy-cities-couleur.jpg","width":3508,"height":2587,"caption":"Energy Cities"},"image":{"@id":"https:\/\/energy-cities.eu\/fr\/#\/schema\/logo\/image\/"}},{"@type":"WebSite","@id":"https:\/\/energy-cities.eu\/fr\/#website","url":"https:\/\/energy-cities.eu\/fr\/","name":"Energy Cities","description":" The European learning community for future-proof cities","publisher":{"@id":"https:\/\/energy-cities.eu\/fr\/#organization"},"potentialAction":[{"@type":"SearchAction","target":{"@type":"EntryPoint","urlTemplate":"https:\/\/energy-cities.eu\/fr\/?s={search_term_string}"},"query-input":"required name=search_term_string"}],"inLanguage":"fr-FR"},{"@type":"ImageObject","inLanguage":"fr-FR","@id":"https:\/\/energy-cities.eu\/fr\/vision-et-mission\/#primaryimage","url":"https:\/\/energy-cities.eu\/wp-content\/uploads\/2021\/07\/pexels-anete-lusina-5240511.jpg","contentUrl":"https:\/\/energy-cities.eu\/wp-content\/uploads\/2021\/07\/pexels-anete-lusina-5240511.jpg","width":2560,"height":1709,"caption":"Dad and child walking hand in hand"},{"@type":"WebPage","@id":"https:\/\/energy-cities.eu\/fr\/vision-et-mission\/#webpage","url":"https:\/\/energy-cities.eu\/fr\/vision-et-mission\/","name":"Notre vision - Energy Cities","isPartOf":{"@id":"https:\/\/energy-cities.eu\/fr\/#website"},"primaryImageOfPage":{"@id":"https:\/\/energy-cities.eu\/fr\/vision-et-mission\/#primaryimage"},"datePublished":"2019-05-22T15:27:25+00:00","dateModified":"2024-10-10T12:40:12+00:00","breadcrumb":{"@id":"https:\/\/energy-cities.eu\/fr\/vision-et-mission\/#breadcrumb"},"inLanguage":"fr-FR","potentialAction":[{"@type":"ReadAction","target":["https:\/\/energy-cities.eu\/fr\/vision-et-mission\/"]}]},{"@type":"BreadcrumbList","@id":"https:\/\/energy-cities.eu\/fr\/vision-et-mission\/#breadcrumb","itemListElement":[{"@type":"ListItem","position":1,"name":"Home","item":"https:\/\/energy-cities.eu\/fr\/nous-sommes-un-reseau-europeen-blabla\/"},{"@type":"ListItem","position":2,"name":"Notre vision"}]}]}},"coauthors":[],"author_meta":{"author_link":"https:\/\/energy-cities.eu\/fr\/staff\/r-chatelet\/","display_name":"Rapha\u00ebl Chatelet"},"relative_dates":{"created":"Publi\u00e9 7 ans il y a","modified":"Mis \u00e0 jour 1 an il y a"},"absolute_dates":{"created":"Publi\u00e9 le 22 mai 2019","modified":"Mise \u00e0 jour le 10 octobre 2024"},"absolute_dates_time":{"created":"Publi\u00e9 le 22 mai 2019 3:27  ","modified":"Mise \u00e0 jour le 10 octobre 2024 2:40  "},"featured_img_caption":"","featured_img":"https:\/\/energy-cities.eu\/wp-content\/uploads\/2021\/07\/pexels-anete-lusina-5240511.jpg","_links":{"self":[{"href":"https:\/\/energy-cities.eu\/fr\/wp-json\/wp\/v2\/pages\/15564"}],"collection":[{"href":"https:\/\/energy-cities.eu\/fr\/wp-json\/wp\/v2\/pages"}],"about":[{"href":"https:\/\/energy-cities.eu\/fr\/wp-json\/wp\/v2\/types\/page"}],"author":[{"embeddable":true,"href":"https:\/\/energy-cities.eu\/fr\/wp-json\/wp\/v2\/users\/37"}],"replies":[{"embeddable":true,"href":"https:\/\/energy-cities.eu\/fr\/wp-json\/wp\/v2\/comments?post=15564"}],"version-history":[{"count":69,"href":"https:\/\/energy-cities.eu\/fr\/wp-json\/wp\/v2\/pages\/15564\/revisions"}],"predecessor-version":[{"id":81056,"href":"https:\/\/energy-cities.eu\/fr\/wp-json\/wp\/v2\/pages\/15564\/revisions\/81056"}],"wp:featuredmedia":[{"embeddable":true,"href":"https:\/\/energy-cities.eu\/fr\/wp-json\/wp\/v2\/media\/40566"}],"wp:attachment":[{"href":"https:\/\/energy-cities.eu\/fr\/wp-json\/wp\/v2\/media?parent=15564"}],"curies":[{"name":"wp","href":"https:\/\/api.w.org\/{rel}","templated":true}]}}