{"id":16950,"date":"2019-06-11T11:00:09","date_gmt":"2019-06-11T09:00:09","guid":{"rendered":"http:\/\/ec.kuusi.ovh\/?page_id=16950"},"modified":"2024-05-14T12:29:03","modified_gmt":"2024-05-14T10:29:03","slug":"politique-de-confidentialite","status":"publish","type":"page","link":"https:\/\/energy-cities.eu\/fr\/politique-de-confidentialite\/","title":{"rendered":"Politique de confidentialit\u00e9"},"content":{"rendered":"\n<h3>Comment sont collect\u00e9es vos donn\u00e9es personnelles<\/h3>\n\n\n\n<p>Nous collectons vos donn\u00e9es personnelles lorsque vous vous abonnez \u00e0 nos newsletters et listes de diffusion et lorsque vous vous inscrivez \u00e0 nos \u00e9v\u00e9nements.<\/p>\n\n\n\n<p>Si votre organisation est membre d\u2019Energy Cities : vos donn\u00e9es personnelles sont entr\u00e9es dans notre base de donn\u00e9es de contacts afin de vous tenir inform\u00e9 de nos activit\u00e9s.<br>Nous pouvons \u00eatre amen\u00e9s \u00e0 collecter vos donn\u00e9es personnelles si vous travaillez avec nous sur des initiatives ou projets europ\u00e9ens ou lorsque vous participez \u00e0 des activit\u00e9s ou \u00e9v\u00e9nements que nous organisons.<\/p>\n\n\n\n<p>Vos donn\u00e9es personnelles peuvent \u00e9galement \u00eatre collect\u00e9es \u00e0 partir de sources publiques, lorsque votre activit\u00e9 professionnelle a un lien direct avec les activit\u00e9s d\u2019Energy Cities et nos th\u00e9matiques de travail (promotion de la transition \u00e9nerg\u00e9tique locale en Europe, information aux collectivit\u00e9s locales europ\u00e9ennes et \u00e0 leurs partenaires sur les politiques europ\u00e9ennes et nationales en mati\u00e8re d\u2019\u00e9nergie et de climat, etc.)<\/p>\n\n\n\n<h3>Quelles donn\u00e9es personnelles sont collect\u00e9es, stock\u00e9es et trait\u00e9es<\/h3>\n\n\n\n<p>Les donn\u00e9es personnelles que nous pouvons \u00eatre amen\u00e9s \u00e0 collecter, stocker et traiter sont : vos nom et pr\u00e9nom, votre sexe, votre adresse \u00e9lectronique, votre num\u00e9ro de t\u00e9l\u00e9phone, votre fonction, le nom de votre organisme et votre adresse postale professionnelle. <\/p>\n\n\n\n<h3>\u00c0 quelles fins sont utilis\u00e9es et trait\u00e9es vos donn\u00e9es personnelles<\/h3>\n\n\n\n<p>Nous pouvons \u00eatre amen\u00e9s \u00e0 utiliser vos donn\u00e9es personnelles dans les cas suivants :<\/p>\n\n\n\n<ul><li>lorsque votre organisation est membre d\u2019Energy Cities : pour vous envoyer des e-mails concernant les activit\u00e9s de notre r\u00e9seau, les politiques europ\u00e9ennes, les appels \u00e0 projets europ\u00e9ens, ou des opportunit\u00e9s de financement ou de partenariat,<\/li><li>pour vous envoyer notre newsletter mensuelle,<\/li><li>pour vous envoyer, \u00e0 des fr\u00e9quences vari\u00e9es, des m\u00e9l d\u2019information sur des projets europ\u00e9ens ou autres campagnes ou initiatives que nous g\u00e9rons,<\/li><li>pour vous adresser, quelques fois par ann\u00e9e, des e-mails cibl\u00e9s afin de promouvoir nos \u00e9v\u00e9nements, projets et nouvelles publications,<\/li><li>lorsque vous vous inscrivez en ligne \u00e0 nos \u00e9v\u00e9nements, nous utilisons les donn\u00e9es renseign\u00e9es sur votre bulletin d\u2019inscription afin de g\u00e9rer votre inscription et pouvoir communiquer avec vous dans le cadre de cet \u00e9v\u00e9nement. Vos nom et pr\u00e9nom, fonction, organisme et pays figureront sur la liste des participants qui sera distribu\u00e9e lors de cet \u00e9v\u00e9nement. Vos num\u00e9ro de t\u00e9l\u00e9phone et adresse mail appara\u00eetront pas sur cette liste,<\/li><li>pour vous adresser la version papier de notre magazine annuel \u00ab Energy Cities INFO \u00bb ou toute autre publication \u00e0 l\u2019adresse postale de votre organisme.<\/li><\/ul>\n\n\n\n<p>Vous pouvez vous d\u00e9sinscrire de nos newsletters et listes de diffusion \u00e0 tout moment, \u00e0 l\u2019aide du lien de d\u00e9sinscription qui figure sur toutes nos newsletters et en bas de page de tous les messages que nous vous adressons avec nos listes de diffusion.<br>En aucun cas vos donn\u00e9es personnelles ne seront transmises \u00e0 des organismes tiers, sauf si cela est requis par une autorit\u00e9 ayant comp\u00e9tence pour le faire ou accord expr\u00e8s de votre part.<\/p>\n\n\n\n<h3>O\u00f9 et combien de temps sont stock\u00e9es vos donn\u00e9es<\/h3>\n\n\n\n<p>Nous conserverons vos donn\u00e9es personnelles jusqu\u2019\u00e0 ce que vous nous informiez de votre souhait de les voir effac\u00e9es.<br>Vos donn\u00e9es sont stock\u00e9es sur un serveur chez notre sous-traitant FC-Net (6, rue G\u00e9rard Mantion, F-25000 Besan\u00e7on). Cette soci\u00e9t\u00e9 est bas\u00e9e en France et stocke ses donn\u00e9es en France. Vos donn\u00e9es personnelles ne seront pas stock\u00e9es en dehors de l\u2019espace \u00e9conomique europ\u00e9en, pas m\u00eame dans un cloud.<\/p>\n\n\n\n<h3>Quels sont vos droits en mati\u00e8re de protection des donn\u00e9es<\/h3>\n\n\n\n<ul><li>Vous avez le droit de demander \u00e0 Energy Cities confirmation du fait que nous traitons ou ne traitons pas de donn\u00e9es personnelles vous concernant et vous avez un droit d\u2019acc\u00e8s \u00e0 ces donn\u00e9es.<\/li><li>Vous avez le droit de demander la rectification des donn\u00e9es personnelles erron\u00e9es et de faire compl\u00e9ter des donn\u00e9es incompl\u00e8tes.<\/li><li>Vous avez le droit de demander l\u2019effacement de vos donn\u00e9es personnelles des archives d\u2019Energy Cities.<\/li><li>Vous avez le droit de vous opposer \u00e0 ou de limiter le traitement de ces donn\u00e9es.<\/li><li>Vous avez le droit de demander \u00e0 recevoir vos donn\u00e9es personnelles dans un format structur\u00e9 commun\u00e9ment utilis\u00e9 et lisible par machine en vue de les transmettre \u00e0 un autre contr\u00f4leur.<\/li><li>Vous pouvez exercer vos droits en contactant Energy Cities \u00e0 <a href=\"mailto:data@energy-cities.eu\">data@energy-cities.eu<\/a>. Nous vous r\u00e9pondrons dans un d\u00e9lai maximum de 8 jours.<\/li><\/ul>\n\n\n\n<h3>Modification de notre politique de confidentialit\u00e9<\/h3>\n\n\n\n<p>Nous r\u00e9visons r\u00e9guli\u00e8rement notre politique de confidentialit\u00e9. Les mises \u00e0 jour seront affich\u00e9es sur cette page internet. <\/p>\n\n\n\n<h4>Gestion des cookies<\/h4>\n\n\n\n<p class=\"has-text-align-left\">Merci de vous r\u00e9f\u00e9rer \u00e0 notre&nbsp;<a href=\"https:\/\/energy-cities.eu\/fr\/gestion-des-cookies\/\">page d\u00e9di\u00e9e<\/a>.<\/p>\n\n\n\n<h4>R\u00e9clamations<\/h4>\n\n\n\n<p>Vous pouvez exercer vos droits en contactant Energy Cities \u00e0 l&rsquo;adresse\u00a0<a href=\"mailto:webmaster@energy-cities.eu\">webmaster@energy-cities.eu<\/a><br>Vous pouvez \u00e9galement faire une r\u00e9clamation aupr\u00e8s de la Cnil \u00e0 l\u2019adresse suivante\u00a0<a href=\"https:\/\/www.cnil.fr\/\">https:\/\/www.cnil.fr<\/a><\/p>\n\n\n\n<h4>Comment nous contacter<\/h4>\n\n\n\n<p>N\u2019h\u00e9sitez pas \u00e0 nous contacter si vous avez des questions concernant notre politique de confidentialit\u00e9 ou les informations que nous conservons sur vous en vous rendant sur <a href=\"https:\/\/energy-cities.eu\/fr\/contactez-nous\/\">cette page<\/a>, ou par t\u00e9l\u00e9phone au +33 (0)3 81 65 36 80<\/p>\n\n\n\n<h4>Protection des donn\u00e9es<\/h4>\n\n\n\n<p>Vous pouvez nous contacter concernant les question de RGPD (R\u00e8glement G\u00e9n\u00e9ral sur la Protection des Donn\u00e9es) sur l&rsquo;adresse <a href=\"mailto:data@energy-cities.eu\">data@energy-cities.eu<\/a><\/p>\n","protected":false},"excerpt":{"rendered":"<p>Comment sont collect\u00e9es vos donn\u00e9es personnelles Nous collectons vos donn\u00e9es personnelles lorsque vous vous abonnez \u00e0 nos newsletters et listes de diffusion et lorsque vous <a href=\"https:\/\/energy-cities.eu\/fr\/politique-de-confidentialite\/\">[\u2026]<\/a><\/p>\n","protected":false},"author":37,"featured_media":23228,"parent":0,"menu_order":0,"comment_status":"closed","ping_status":"closed","template":"","meta":{"advgb_blocks_editor_width":"","advgb_blocks_columns_visual_guide":"","ub_ctt_via":""},"acf":[],"featured_image_src":"https:\/\/energy-cities.eu\/wp-content\/uploads\/2019\/07\/Header_Privacy_2000x500.png","yoast_head":"<!-- This site is optimized with the Yoast SEO plugin v18.8 - https:\/\/yoast.com\/wordpress\/plugins\/seo\/ -->\n<title>Politique de confidentialit\u00e9 - Energy Cities<\/title>\n<meta name=\"robots\" content=\"index, follow, max-snippet:-1, max-image-preview:large, max-video-preview:-1\" \/>\n<link rel=\"canonical\" href=\"https:\/\/energy-cities.eu\/fr\/politique-de-confidentialite\/\" \/>\n<meta property=\"og:locale\" content=\"fr_FR\" \/>\n<meta property=\"og:type\" content=\"article\" \/>\n<meta property=\"og:title\" content=\"Politique de confidentialit\u00e9 - Energy Cities\" \/>\n<meta property=\"og:description\" content=\"Comment sont collect\u00e9es vos donn\u00e9es personnelles Nous collectons vos donn\u00e9es personnelles lorsque vous vous abonnez \u00e0 nos newsletters et listes de diffusion et lorsque vous [\u2026]\" \/>\n<meta property=\"og:url\" content=\"https:\/\/energy-cities.eu\/fr\/politique-de-confidentialite\/\" \/>\n<meta property=\"og:site_name\" content=\"Energy Cities\" \/>\n<meta property=\"article:publisher\" content=\"https:\/\/www.facebook.com\/energycities.eu\/\" \/>\n<meta property=\"article:modified_time\" content=\"2024-05-14T10:29:03+00:00\" \/>\n<meta property=\"og:image\" content=\"https:\/\/energy-cities.eu\/wp-content\/uploads\/2019\/07\/Header_Privacy_2000x500.png\" \/>\n\t<meta property=\"og:image:width\" content=\"2000\" \/>\n\t<meta property=\"og:image:height\" content=\"500\" \/>\n\t<meta property=\"og:image:type\" content=\"image\/png\" \/>\n<meta name=\"twitter:card\" content=\"summary_large_image\" \/>\n<meta name=\"twitter:site\" content=\"@energycities\" \/>\n<meta name=\"twitter:label1\" content=\"Dur\u00e9e de lecture estim\u00e9e\" \/>\n\t<meta name=\"twitter:data1\" content=\"4 minutes\" \/>\n<script type=\"application\/ld+json\" class=\"yoast-schema-graph\">{\"@context\":\"https:\/\/schema.org\",\"@graph\":[{\"@type\":\"Organization\",\"@id\":\"https:\/\/energy-cities.eu\/fr\/#organization\",\"name\":\"Energy Cities\",\"url\":\"https:\/\/energy-cities.eu\/fr\/\",\"sameAs\":[\"https:\/\/www.facebook.com\/energycities.eu\/\",\"https:\/\/www.youtube.com\/channel\/UChIHn2wF76JzuTbAjSMs0hQ\",\"https:\/\/fr.wikipedia.org\/wiki\/Energy_Cities\",\"https:\/\/twitter.com\/energycities\"],\"logo\":{\"@type\":\"ImageObject\",\"inLanguage\":\"fr-FR\",\"@id\":\"https:\/\/energy-cities.eu\/fr\/#\/schema\/logo\/image\/\",\"url\":\"https:\/\/energy-cities.eu\/wp-content\/uploads\/2019\/07\/energy-cities-couleur.jpg\",\"contentUrl\":\"https:\/\/energy-cities.eu\/wp-content\/uploads\/2019\/07\/energy-cities-couleur.jpg\",\"width\":3508,\"height\":2587,\"caption\":\"Energy Cities\"},\"image\":{\"@id\":\"https:\/\/energy-cities.eu\/fr\/#\/schema\/logo\/image\/\"}},{\"@type\":\"WebSite\",\"@id\":\"https:\/\/energy-cities.eu\/fr\/#website\",\"url\":\"https:\/\/energy-cities.eu\/fr\/\",\"name\":\"Energy Cities\",\"description\":\" The European learning community for future-proof cities\",\"publisher\":{\"@id\":\"https:\/\/energy-cities.eu\/fr\/#organization\"},\"potentialAction\":[{\"@type\":\"SearchAction\",\"target\":{\"@type\":\"EntryPoint\",\"urlTemplate\":\"https:\/\/energy-cities.eu\/fr\/?s={search_term_string}\"},\"query-input\":\"required name=search_term_string\"}],\"inLanguage\":\"fr-FR\"},{\"@type\":\"ImageObject\",\"inLanguage\":\"fr-FR\",\"@id\":\"https:\/\/energy-cities.eu\/fr\/politique-de-confidentialite\/#primaryimage\",\"url\":\"https:\/\/energy-cities.eu\/wp-content\/uploads\/2019\/07\/Header_Privacy_2000x500.png\",\"contentUrl\":\"https:\/\/energy-cities.eu\/wp-content\/uploads\/2019\/07\/Header_Privacy_2000x500.png\",\"width\":2000,\"height\":500,\"caption\":\"Photo by Bud Helisson on Unsplash\"},{\"@type\":\"WebPage\",\"@id\":\"https:\/\/energy-cities.eu\/fr\/politique-de-confidentialite\/#webpage\",\"url\":\"https:\/\/energy-cities.eu\/fr\/politique-de-confidentialite\/\",\"name\":\"Politique de confidentialit\u00e9 - Energy Cities\",\"isPartOf\":{\"@id\":\"https:\/\/energy-cities.eu\/fr\/#website\"},\"primaryImageOfPage\":{\"@id\":\"https:\/\/energy-cities.eu\/fr\/politique-de-confidentialite\/#primaryimage\"},\"datePublished\":\"2019-06-11T09:00:09+00:00\",\"dateModified\":\"2024-05-14T10:29:03+00:00\",\"breadcrumb\":{\"@id\":\"https:\/\/energy-cities.eu\/fr\/politique-de-confidentialite\/#breadcrumb\"},\"inLanguage\":\"fr-FR\",\"potentialAction\":[{\"@type\":\"ReadAction\",\"target\":[\"https:\/\/energy-cities.eu\/fr\/politique-de-confidentialite\/\"]}]},{\"@type\":\"BreadcrumbList\",\"@id\":\"https:\/\/energy-cities.eu\/fr\/politique-de-confidentialite\/#breadcrumb\",\"itemListElement\":[{\"@type\":\"ListItem\",\"position\":1,\"name\":\"Home\",\"item\":\"https:\/\/energy-cities.eu\/fr\/nous-sommes-un-reseau-europeen-blabla\/\"},{\"@type\":\"ListItem\",\"position\":2,\"name\":\"Politique de confidentialit\u00e9\"}]}]}<\/script>\n<!-- \/ Yoast SEO plugin. -->","yoast_head_json":{"title":"Politique de confidentialit\u00e9 - Energy Cities","robots":{"index":"index","follow":"follow","max-snippet":"max-snippet:-1","max-image-preview":"max-image-preview:large","max-video-preview":"max-video-preview:-1"},"canonical":"https:\/\/energy-cities.eu\/fr\/politique-de-confidentialite\/","og_locale":"fr_FR","og_type":"article","og_title":"Politique de confidentialit\u00e9 - Energy Cities","og_description":"Comment sont collect\u00e9es vos donn\u00e9es personnelles Nous collectons vos donn\u00e9es personnelles lorsque vous vous abonnez \u00e0 nos newsletters et listes de diffusion et lorsque vous [\u2026]","og_url":"https:\/\/energy-cities.eu\/fr\/politique-de-confidentialite\/","og_site_name":"Energy Cities","article_publisher":"https:\/\/www.facebook.com\/energycities.eu\/","article_modified_time":"2024-05-14T10:29:03+00:00","og_image":[{"width":2000,"height":500,"url":"https:\/\/energy-cities.eu\/wp-content\/uploads\/2019\/07\/Header_Privacy_2000x500.png","type":"image\/png"}],"twitter_card":"summary_large_image","twitter_site":"@energycities","twitter_misc":{"Dur\u00e9e de lecture estim\u00e9e":"4 minutes"},"schema":{"@context":"https:\/\/schema.org","@graph":[{"@type":"Organization","@id":"https:\/\/energy-cities.eu\/fr\/#organization","name":"Energy Cities","url":"https:\/\/energy-cities.eu\/fr\/","sameAs":["https:\/\/www.facebook.com\/energycities.eu\/","https:\/\/www.youtube.com\/channel\/UChIHn2wF76JzuTbAjSMs0hQ","https:\/\/fr.wikipedia.org\/wiki\/Energy_Cities","https:\/\/twitter.com\/energycities"],"logo":{"@type":"ImageObject","inLanguage":"fr-FR","@id":"https:\/\/energy-cities.eu\/fr\/#\/schema\/logo\/image\/","url":"https:\/\/energy-cities.eu\/wp-content\/uploads\/2019\/07\/energy-cities-couleur.jpg","contentUrl":"https:\/\/energy-cities.eu\/wp-content\/uploads\/2019\/07\/energy-cities-couleur.jpg","width":3508,"height":2587,"caption":"Energy Cities"},"image":{"@id":"https:\/\/energy-cities.eu\/fr\/#\/schema\/logo\/image\/"}},{"@type":"WebSite","@id":"https:\/\/energy-cities.eu\/fr\/#website","url":"https:\/\/energy-cities.eu\/fr\/","name":"Energy Cities","description":" The European learning community for future-proof cities","publisher":{"@id":"https:\/\/energy-cities.eu\/fr\/#organization"},"potentialAction":[{"@type":"SearchAction","target":{"@type":"EntryPoint","urlTemplate":"https:\/\/energy-cities.eu\/fr\/?s={search_term_string}"},"query-input":"required name=search_term_string"}],"inLanguage":"fr-FR"},{"@type":"ImageObject","inLanguage":"fr-FR","@id":"https:\/\/energy-cities.eu\/fr\/politique-de-confidentialite\/#primaryimage","url":"https:\/\/energy-cities.eu\/wp-content\/uploads\/2019\/07\/Header_Privacy_2000x500.png","contentUrl":"https:\/\/energy-cities.eu\/wp-content\/uploads\/2019\/07\/Header_Privacy_2000x500.png","width":2000,"height":500,"caption":"Photo by Bud Helisson on Unsplash"},{"@type":"WebPage","@id":"https:\/\/energy-cities.eu\/fr\/politique-de-confidentialite\/#webpage","url":"https:\/\/energy-cities.eu\/fr\/politique-de-confidentialite\/","name":"Politique de confidentialit\u00e9 - Energy Cities","isPartOf":{"@id":"https:\/\/energy-cities.eu\/fr\/#website"},"primaryImageOfPage":{"@id":"https:\/\/energy-cities.eu\/fr\/politique-de-confidentialite\/#primaryimage"},"datePublished":"2019-06-11T09:00:09+00:00","dateModified":"2024-05-14T10:29:03+00:00","breadcrumb":{"@id":"https:\/\/energy-cities.eu\/fr\/politique-de-confidentialite\/#breadcrumb"},"inLanguage":"fr-FR","potentialAction":[{"@type":"ReadAction","target":["https:\/\/energy-cities.eu\/fr\/politique-de-confidentialite\/"]}]},{"@type":"BreadcrumbList","@id":"https:\/\/energy-cities.eu\/fr\/politique-de-confidentialite\/#breadcrumb","itemListElement":[{"@type":"ListItem","position":1,"name":"Home","item":"https:\/\/energy-cities.eu\/fr\/nous-sommes-un-reseau-europeen-blabla\/"},{"@type":"ListItem","position":2,"name":"Politique de confidentialit\u00e9"}]}]}},"coauthors":[],"author_meta":{"author_link":"https:\/\/energy-cities.eu\/fr\/staff\/r-chatelet\/","display_name":"Rapha\u00ebl Chatelet"},"relative_dates":{"created":"Publi\u00e9 7 ans il y a","modified":"Mis \u00e0 jour 2 ans il y a"},"absolute_dates":{"created":"Publi\u00e9 le 11 juin 2019","modified":"Mise \u00e0 jour le 14 mai 2024"},"absolute_dates_time":{"created":"Publi\u00e9 le 11 juin 2019 11:00  ","modified":"Mise \u00e0 jour le 14 mai 2024 12:29  "},"featured_img_caption":"Photo by Bud Helisson on Unsplash","featured_img":"https:\/\/energy-cities.eu\/wp-content\/uploads\/2019\/07\/Header_Privacy_2000x500.png","_links":{"self":[{"href":"https:\/\/energy-cities.eu\/fr\/wp-json\/wp\/v2\/pages\/16950"}],"collection":[{"href":"https:\/\/energy-cities.eu\/fr\/wp-json\/wp\/v2\/pages"}],"about":[{"href":"https:\/\/energy-cities.eu\/fr\/wp-json\/wp\/v2\/types\/page"}],"author":[{"embeddable":true,"href":"https:\/\/energy-cities.eu\/fr\/wp-json\/wp\/v2\/users\/37"}],"replies":[{"embeddable":true,"href":"https:\/\/energy-cities.eu\/fr\/wp-json\/wp\/v2\/comments?post=16950"}],"version-history":[{"count":15,"href":"https:\/\/energy-cities.eu\/fr\/wp-json\/wp\/v2\/pages\/16950\/revisions"}],"predecessor-version":[{"id":77391,"href":"https:\/\/energy-cities.eu\/fr\/wp-json\/wp\/v2\/pages\/16950\/revisions\/77391"}],"wp:featuredmedia":[{"embeddable":true,"href":"https:\/\/energy-cities.eu\/fr\/wp-json\/wp\/v2\/media\/23228"}],"wp:attachment":[{"href":"https:\/\/energy-cities.eu\/fr\/wp-json\/wp\/v2\/media?parent=16950"}],"curies":[{"name":"wp","href":"https:\/\/api.w.org\/{rel}","templated":true}]}}