{"id":23364,"date":"2019-07-23T14:36:20","date_gmt":"2019-07-23T12:36:20","guid":{"rendered":"https:\/\/energy-cities.eu\/?page_id=23364"},"modified":"2024-05-14T12:37:31","modified_gmt":"2024-05-14T10:37:31","slug":"mentions-legales","status":"publish","type":"page","link":"https:\/\/energy-cities.eu\/fr\/mentions-legales\/","title":{"rendered":"Mentions l\u00e9gales"},"content":{"rendered":"\n<h3>\u00c9dition du site<\/h3>\n\n\n\n<p><strong>Energy Cities<br><\/strong>4 chemin du Fort de Bregille<br>Maison de l&rsquo;Environnement de Bourgogne Franche-Comt\u00e9<br>25000 Besan\u00e7on &#8211; France<br>T\u00e9l. :&nbsp;+ 33 (0)3 81 65 36 80<br><a href=\"https:\/\/energy-cities.eu\/fr\/\">https:\/\/energy-cities.eu<\/a><\/p>\n\n\n\n<p>Energy Cities est une association de loi 1901 (\u00e0 but non lucratif)<br>N\u00b0 SIRET : 379 716 764 00012 &#8211; CODE APE \/ NAF : 9499Z<\/p>\n\n\n\n<h3>Conditions d&rsquo;utilisation<\/h3>\n\n\n\n<p>Le site accessible par l&rsquo;url <a href=\"https:\/\/energy-cities.eu\/fr\/\">https:\/\/energy-cities.eu<\/a> est exploit\u00e9 dans le respect de la l\u00e9gislation fran\u00e7aise. L&rsquo;utilisation de ce site est r\u00e9gie par les pr\u00e9sentes conditions g\u00e9n\u00e9rales. En utilisant le site, vous reconnaissez avoir pris connaissance de ces conditions et les avoir accept\u00e9es. Celles-ci pourront \u00eatre modifi\u00e9es \u00e0 tout moment et sans pr\u00e9avis par l&rsquo;association Energy Cities.<br>Energy Cities ne saurait \u00eatre tenu pour responsable en aucune mani\u00e8re d\u2019une mauvaise utilisation du service.<\/p>\n\n\n\n<h3>Responsabilit\u00e9 \u00e9ditoriale<\/h3>\n\n\n\n<p><strong>Claire Roumet<\/strong> &#8211; D\u00e9l\u00e9gu\u00e9e G\u00e9n\u00e9rale de l&rsquo;association, en charge des partenariats strat\u00e9giques et de coordination globale.<br><strong>Energy Cities<\/strong><br>4 chemin du Fort de Bregille<br>Maison de l&rsquo;Environnement de Bourgogne Franche-Comt\u00e9<br>25000 Besan\u00e7on &#8211; France<br>T\u00e9l. :\u00a0+ 33 (0)3 81 65 36 80<br><a href=\"https:\/\/energy-cities.eu\/fr\/\">https:\/\/energy-cities.eu<\/a><\/p>\n\n\n\n<h3>Limitation de responsabilit\u00e9<\/h3>\n\n\n\n<p>Les informations contenues sur ce site sont aussi pr\u00e9cises que possibles et le site est p\u00e9riodiquement remis \u00e0 jour, mais peut toutefois contenir des inexactitudes, des omissions ou des lacunes. Si vous constatez une lacune, erreur ou ce qui parait \u00eatre un dysfonctionnement, merci de bien vouloir <a href=\"https:\/\/energy-cities.eu\/fr\/contactez-nous\/\">nous le signaler<\/a>&nbsp;en d\u00e9crivant le probl\u00e8me de la mani\u00e8re la plus pr\u00e9cise possible (page posant probl\u00e8me, action d\u00e9clenchante, type de mat\u00e9riel et de navigateur utilis\u00e9\u2026)<\/p>\n\n\n\n<p>Tout contenu t\u00e9l\u00e9charg\u00e9 sur ce site  le sera aux risques et p\u00e9rils de l&rsquo;utilisateur et sous sa seule responsabilit\u00e9. En cons\u00e9quence, Energy Cities net ne saurait \u00eatre tenu responsable d&rsquo;un quelconque dommage subi par l&rsquo;ordinateur de l&rsquo;utilisateur ou d&rsquo;une quelconque perte de donn\u00e9es cons\u00e9cutives au t\u00e9l\u00e9chargement.&nbsp;<\/p>\n\n\n\n<p>Les photos pr\u00e9sentes sur ce site sont non contractuelles.<\/p>\n\n\n\n<p>Les liens hypertextes mis en place dans le cadre du pr\u00e9sent site internet en direction d&rsquo;autres ressources pr\u00e9sentes sur le r\u00e9seau Internet ne sauraient engager la responsabilit\u00e9 d&rsquo;Energy Cities.<\/p>\n\n\n\n<h3>Litiges<\/h3>\n\n\n\n<p>Les pr\u00e9sentes conditions sont r\u00e9gies par les lois fran\u00e7aises et toute contestation ou litiges qui pourraient na\u00eetre de l&rsquo;interpr\u00e9tation ou de l&rsquo;ex\u00e9cution de celles-ci seront de la comp\u00e9tence exclusive des tribunaux dont d\u00e9pend le si\u00e8ge social de l&rsquo;association Energy Cities. La langue de r\u00e9f\u00e9rence, pour le r\u00e8glement de contentieux \u00e9ventuels, est le fran\u00e7ais.<\/p>\n\n\n\n<h3>Droit d&rsquo;acc\u00e8s, rectification, modification, suppression<\/h3>\n\n\n\n<p>En application de cette loi, les internautes disposent d\u2019un droit d\u2019acc\u00e8s, de rectification, de modification et de suppression concernant les donn\u00e9es qui les concernent personnellement. Vous pourrez trouver davantage d&rsquo;informations \u00e0 ce sujet <a href=\"https:\/\/energy-cities.eu\/fr\/politique-de-confidentialite\/\">sur notre page d\u00e9di\u00e9e \u00e0 la politique de confidentialit\u00e9 Energy Cities.<\/a><\/p>\n\n\n\n<h3>Confidentialit\u00e9<\/h3>\n\n\n\n<p>Vos donn\u00e9es personnelles sont confidentielles et ne seront en aucun cas communiqu\u00e9es \u00e0 des tiers sans votre consentement.<\/p>\n\n\n\n<h3>Propri\u00e9t\u00e9 intellectuelle<\/h3>\n\n\n\n<p>Tout le contenu du pr\u00e9sent site, incluant, de fa\u00e7on non limitative, les graphismes, images, textes, vid\u00e9os, animations, sons, logos, gifs et ic\u00f4nes ainsi que leur mise en forme sont la propri\u00e9t\u00e9 exclusive de l&rsquo;association Energy Cities, net \u00e0 l&rsquo;exception des marques, logos ou contenus appartenant \u00e0 d&rsquo;autres soci\u00e9t\u00e9s partenaires ou auteurs.<br>Toute reproduction, distribution, modification, adaptation, retransmission ou publication, m\u00eame partielle, de ces diff\u00e9rents \u00e9l\u00e9ments est strictement interdite sans l&rsquo;accord expr\u00e8s par \u00e9crit d&rsquo;Energy Cities. Cette repr\u00e9sentation ou reproduction, par quelque proc\u00e9d\u00e9 que ce soit, constitue une contrefa\u00e7on sanctionn\u00e9e par les articles L.3335-2 et suivants du Code de la propri\u00e9t\u00e9 intellectuelle. Le non-respect de cette interdiction constitue une contrefa\u00e7on pouvant engager la responsabilit\u00e9 civile et p\u00e9nale du contrefacteur. En outre, les propri\u00e9taires des Contenus copi\u00e9s pourraient intenter une action en justice \u00e0 votre encontre.<br><br>Energy Cities est identiquement propri\u00e9taire des \u00ab\u00a0droits des producteurs de bases de donn\u00e9es\u00a0\u00bb vis\u00e9s au Livre III, Titre IV, du Code de la Propri\u00e9t\u00e9 Intellectuelle (loi n\u00b0 98-536 du 1er juillet 1998) relative aux droits d&rsquo;auteur et aux bases de donn\u00e9es.&nbsp;<br><br>Les utilisateurs et visiteurs du site internet peuvent mettre en place un hyperlien en direction de ce site. L\u2019ouverture du pr\u00e9sent site au sein d\u2019un cadre (\u00ab framing \u00bb) est prohib\u00e9e, sauf autorisation expresse et pr\u00e9alable d&rsquo;Energy Cities.<br><br>Pour toute demande d&rsquo;autorisation ou d&rsquo;information, veuillez nous contacter par email :&nbsp;<a href=\"mailto:webmaster@energy-cities.eu\" target=\"_blank\" rel=\"noreferrer noopener\" aria-label=\" (opens in a new tab)\">webmaster@energy-cities.eu<\/a><\/p>\n\n\n\n<p>Par ailleurs, la mise en forme de ce site a n\u00e9cessit\u00e9 le recours \u00e0 des sources d&rsquo;images externes dont nous avons acquis les droits ou dont les droits d&rsquo;utilisation sont ouverts : Freepik, Unsplash.<\/p>\n\n\n\n<p>Enfin, les images int\u00e9gr\u00e9es sur le site <a href=\"https:\/\/energy-cities.eu\/fr\/\">https:\/\/energy-cities.eu<\/a> par Energy Cities sont la propri\u00e9t\u00e9 d&rsquo;Energy Cities et sont distribu\u00e9es sous licence Creative Commons, pour une r\u00e9utilisation non-commerciale.<\/p>\n\n\n\n<a rel=\"license\" href=\"http:\/\/creativecommons.org\/licenses\/by-nc-sa\/4.0\/\"><img alt=\"Licence Creative Commons\" style=\"border-width:0\" src=\"https:\/\/i.creativecommons.org\/l\/by-nc-sa\/4.0\/88x31.png\"><\/a><br>Ce(tte) \u0153uvre de <a xmlns:cc=\"http:\/\/creativecommons.org\/ns#\" href=\"https:\\\\energy-cities.eu\" property=\"cc:attributionName\" rel=\"cc:attributionURL\">Energy Cities<\/a> est mise \u00e0 disposition selon les termes de la <a rel=\"license\" href=\"http:\/\/creativecommons.org\/licenses\/by-nc-sa\/4.0\/\">licence Creative Commons Attribution &#8211; Pas d\u2019Utilisation Commerciale &#8211; Partage dans les M\u00eames Conditions 4.0 International<\/a>.\n\n\n\n<h3>R\u00e9alisation<\/h3>\n\n\n\n<p><strong>56K Web Agency<\/strong><br>D\u00e9veloppement Web &#8211; Cr\u00e9ation de sites Internet<br>Rue des Li\u00e9geois 53<br>1050 Ixelles &#8211; Belgique<\/p>\n\n\n\n<p><strong>IDfr Web Agency<\/strong><br>17F rue Savary<br>Temis Center 1<br>25000 Besan\u00e7on &#8211; France<br><a href=\"https:\/\/www.idfr.net\/\" target=\"_blank\" rel=\"noreferrer noopener\">https:\/\/www.idfr.net\/<\/a><\/p>\n\n\n\n<h3>Conseil &amp; Strat\u00e9gie<\/h3>\n\n\n\n<p><strong>Communication Works<\/strong><br>Conseil en Communication<br>Jarrestra\u00dfe 70c<br>22303 Hamburg &#8211; Germany<br> <a rel=\"noreferrer noopener\" aria-label=\" (opens in a new tab)\" href=\"https:\/\/communicationworks.eu\/eng\/\" target=\"_blank\">https:\/\/communicationworks.eu<\/a><\/p>\n\n\n\n<h3>H\u00e9bergement<\/h3>\n\n\n\n<p><strong>Franche-Comt\u00e9 Net<\/strong> (FC-Net)<br>Internet &#8211; R\u00e9seau &#8211; Informatique<br>6 rue G\u00e9rard Mantion<br>25000 Besan\u00e7on &#8211; France<br>T\u00e9l. :&nbsp;+ 33 (0)3 81 48 09 09<br><a href=\"https:\/\/www.fcnet.fr\/\">https:\/\/www.fcnet.fr<\/a><br><a href=\"mailto:contact@fcnet.fr\">contact@fcnet.fr<\/a><\/p>\n\n\n\n<h2>Conditions de service<\/h2>\n\n\n\n<p>Ce site est propos\u00e9 en langages&nbsp;<strong>HTML 5&nbsp;<\/strong>et&nbsp;<strong>CSS 3<\/strong> sous CMS <strong>WordPress<\/strong>. Il a \u00e9t\u00e9 optimis\u00e9 en priorit\u00e9 pour les navigateurs Mozilla Firefox et Google Chrome.<\/p>\n\n\n\n<h3>Informations et exclusion<\/h3>\n\n\n\n<p>L&rsquo;association Energy Cities met en \u0153uvre tous les moyens dont elle dispose, pour assurer une information fiable et une mise \u00e0 jour fiable de son site internet. Toutefois, des erreurs ou omissions peuvent survenir. L&rsquo;internaute devra donc s&rsquo;assurer de l&rsquo;exactitude des informations aupr\u00e8s d&rsquo;Energy Cities, et signaler toutes modifications du site qu&rsquo;il jugerait utile. Energy Cities n&rsquo;est en aucun cas responsable de l&rsquo;utilisation faite de ces informations, et de tout pr\u00e9judice direct ou indirect pouvant en d\u00e9couler.<\/p>\n\n\n\n<h3>Cookies<\/h3>\n\n\n\n<p>Merci de vous r\u00e9f\u00e9rer \u00e0 notre <a href=\"https:\/\/energy-cities.eu\/fr\/gestion-des-cookies\/\">page d\u00e9di\u00e9e<\/a>.<\/p>\n\n\n\n<h3>Liens hypertextes<\/h3>\n\n\n\n<p>Le site internet d&rsquo;Energy Cities peut offrir des liens vers d\u2019autres sites internet ou d\u2019autres ressources disponibles sur Internet.<\/p>\n\n\n\n<p>Energy Cities ne dispose d&rsquo;aucun moyen pour contr\u00f4ler les sites en connexion avec ses sites internet. Energy Cities ne r\u00e9pond pas de la disponibilit\u00e9 de tels sites et sources externes, ni ne la garantit. Elle ne peut \u00eatre tenue pour responsable de tout dommage, de quelque nature que ce soit, r\u00e9sultant du contenu de ces sites ou sources externes, et notamment des informations, produits ou services qu\u2019ils proposent, ou de tout usage qui peut \u00eatre fait de ces \u00e9l\u00e9ments. Les risques li\u00e9s \u00e0 cette utilisation incombent pleinement \u00e0 l&rsquo;internaute, qui doit se conformer \u00e0 leurs conditions d&rsquo;utilisation.<\/p>\n\n\n\n<h3>Recherche<\/h3>\n\n\n\n<p>En outre, le renvoi sur un site internet pour compl\u00e9ter une information recherch\u00e9e ne signifie en aucune fa\u00e7on qu&rsquo;Energy Cities reconna\u00eet ou accepte quelque responsabilit\u00e9 quant \u00e0 la teneur ou \u00e0 l&rsquo;utilisation dudit site.<\/p>\n\n\n\n<h3>Pr\u00e9cautions d&rsquo;usage<\/h3>\n\n\n\n<p>Il vous incombe, d\u00e9combe&#8230; incombe par cons\u00e9quent de prendre les pr\u00e9cautions d&rsquo;usage n\u00e9cessaires pour vous assurer que ce que vous choisissez d&rsquo;utiliser ne soit pas entach\u00e9 d&rsquo;erreurs voire d&rsquo;\u00e9l\u00e9ments de nature destructrice tels que virus, trojans, etc.<\/p>\n\n\n\n<h3>Contactez-nous<\/h3>\n\n\n\n<p> Energy Cities est \u00e0 votre disposition pour tout commentaire ou suggestion. Vous pouvez nous \u00e9crire <a href=\"https:\/\/energy-cities.eu\/fr\/contactez-nous\/\">via cette page.<\/a><\/p>\n","protected":false},"excerpt":{"rendered":"<p>\u00c9dition du site Energy Cities4 chemin du Fort de BregilleMaison de l&rsquo;Environnement de Bourgogne Franche-Comt\u00e925000 Besan\u00e7on &#8211; FranceT\u00e9l. :&nbsp;+ 33 (0)3 81 65 36 80https:\/\/energy-cities.eu <a href=\"https:\/\/energy-cities.eu\/fr\/mentions-legales\/\">[\u2026]<\/a><\/p>\n","protected":false},"author":37,"featured_media":22701,"parent":0,"menu_order":0,"comment_status":"closed","ping_status":"closed","template":"","meta":{"advgb_blocks_editor_width":"","advgb_blocks_columns_visual_guide":"","ub_ctt_via":""},"acf":[],"featured_image_src":"https:\/\/energy-cities.eu\/wp-content\/uploads\/2019\/07\/emile-perron-xrVDYZRGdw4-unsplash.jpg","yoast_head":"<!-- This site is optimized with the Yoast SEO plugin v18.8 - https:\/\/yoast.com\/wordpress\/plugins\/seo\/ -->\n<title>Mentions l\u00e9gales - Energy Cities<\/title>\n<meta name=\"robots\" content=\"index, follow, max-snippet:-1, max-image-preview:large, max-video-preview:-1\" \/>\n<link rel=\"canonical\" href=\"https:\/\/energy-cities.eu\/fr\/mentions-legales\/\" \/>\n<meta property=\"og:locale\" content=\"fr_FR\" \/>\n<meta property=\"og:type\" content=\"article\" \/>\n<meta property=\"og:title\" content=\"Mentions l\u00e9gales - Energy Cities\" \/>\n<meta property=\"og:description\" content=\"\u00c9dition du site Energy Cities4 chemin du Fort de BregilleMaison de l&rsquo;Environnement de Bourgogne Franche-Comt\u00e925000 Besan\u00e7on &#8211; FranceT\u00e9l. :&nbsp;+ 33 (0)3 81 65 36 80https:\/\/energy-cities.eu [\u2026]\" \/>\n<meta property=\"og:url\" content=\"https:\/\/energy-cities.eu\/fr\/mentions-legales\/\" \/>\n<meta property=\"og:site_name\" content=\"Energy Cities\" \/>\n<meta property=\"article:publisher\" content=\"https:\/\/www.facebook.com\/energycities.eu\/\" \/>\n<meta property=\"article:modified_time\" content=\"2024-05-14T10:37:31+00:00\" \/>\n<meta property=\"og:image\" content=\"https:\/\/energy-cities.eu\/wp-content\/uploads\/2019\/07\/emile-perron-xrVDYZRGdw4-unsplash-1024x576.jpg\" \/>\n\t<meta property=\"og:image:width\" content=\"1024\" \/>\n\t<meta property=\"og:image:height\" content=\"576\" \/>\n\t<meta property=\"og:image:type\" content=\"image\/jpeg\" \/>\n<meta name=\"twitter:card\" content=\"summary_large_image\" \/>\n<meta name=\"twitter:site\" content=\"@energycities\" \/>\n<meta name=\"twitter:label1\" content=\"Dur\u00e9e de lecture estim\u00e9e\" \/>\n\t<meta name=\"twitter:data1\" content=\"6 minutes\" \/>\n<script type=\"application\/ld+json\" class=\"yoast-schema-graph\">{\"@context\":\"https:\/\/schema.org\",\"@graph\":[{\"@type\":\"Organization\",\"@id\":\"https:\/\/energy-cities.eu\/fr\/#organization\",\"name\":\"Energy Cities\",\"url\":\"https:\/\/energy-cities.eu\/fr\/\",\"sameAs\":[\"https:\/\/www.facebook.com\/energycities.eu\/\",\"https:\/\/www.youtube.com\/channel\/UChIHn2wF76JzuTbAjSMs0hQ\",\"https:\/\/fr.wikipedia.org\/wiki\/Energy_Cities\",\"https:\/\/twitter.com\/energycities\"],\"logo\":{\"@type\":\"ImageObject\",\"inLanguage\":\"fr-FR\",\"@id\":\"https:\/\/energy-cities.eu\/fr\/#\/schema\/logo\/image\/\",\"url\":\"https:\/\/energy-cities.eu\/wp-content\/uploads\/2019\/07\/energy-cities-couleur.jpg\",\"contentUrl\":\"https:\/\/energy-cities.eu\/wp-content\/uploads\/2019\/07\/energy-cities-couleur.jpg\",\"width\":3508,\"height\":2587,\"caption\":\"Energy Cities\"},\"image\":{\"@id\":\"https:\/\/energy-cities.eu\/fr\/#\/schema\/logo\/image\/\"}},{\"@type\":\"WebSite\",\"@id\":\"https:\/\/energy-cities.eu\/fr\/#website\",\"url\":\"https:\/\/energy-cities.eu\/fr\/\",\"name\":\"Energy Cities\",\"description\":\" The European learning community for future-proof cities\",\"publisher\":{\"@id\":\"https:\/\/energy-cities.eu\/fr\/#organization\"},\"potentialAction\":[{\"@type\":\"SearchAction\",\"target\":{\"@type\":\"EntryPoint\",\"urlTemplate\":\"https:\/\/energy-cities.eu\/fr\/?s={search_term_string}\"},\"query-input\":\"required name=search_term_string\"}],\"inLanguage\":\"fr-FR\"},{\"@type\":\"ImageObject\",\"inLanguage\":\"fr-FR\",\"@id\":\"https:\/\/energy-cities.eu\/fr\/mentions-legales\/#primaryimage\",\"url\":\"https:\/\/energy-cities.eu\/wp-content\/uploads\/2019\/07\/emile-perron-xrVDYZRGdw4-unsplash.jpg\",\"contentUrl\":\"https:\/\/energy-cities.eu\/wp-content\/uploads\/2019\/07\/emile-perron-xrVDYZRGdw4-unsplash.jpg\",\"width\":5507,\"height\":3098,\"caption\":\"Photo by \u00c9mile Perron on Unsplash\"},{\"@type\":\"WebPage\",\"@id\":\"https:\/\/energy-cities.eu\/fr\/mentions-legales\/#webpage\",\"url\":\"https:\/\/energy-cities.eu\/fr\/mentions-legales\/\",\"name\":\"Mentions l\u00e9gales - Energy Cities\",\"isPartOf\":{\"@id\":\"https:\/\/energy-cities.eu\/fr\/#website\"},\"primaryImageOfPage\":{\"@id\":\"https:\/\/energy-cities.eu\/fr\/mentions-legales\/#primaryimage\"},\"datePublished\":\"2019-07-23T12:36:20+00:00\",\"dateModified\":\"2024-05-14T10:37:31+00:00\",\"breadcrumb\":{\"@id\":\"https:\/\/energy-cities.eu\/fr\/mentions-legales\/#breadcrumb\"},\"inLanguage\":\"fr-FR\",\"potentialAction\":[{\"@type\":\"ReadAction\",\"target\":[\"https:\/\/energy-cities.eu\/fr\/mentions-legales\/\"]}]},{\"@type\":\"BreadcrumbList\",\"@id\":\"https:\/\/energy-cities.eu\/fr\/mentions-legales\/#breadcrumb\",\"itemListElement\":[{\"@type\":\"ListItem\",\"position\":1,\"name\":\"Home\",\"item\":\"https:\/\/energy-cities.eu\/fr\/nous-sommes-un-reseau-europeen-blabla\/\"},{\"@type\":\"ListItem\",\"position\":2,\"name\":\"Mentions l\u00e9gales\"}]}]}<\/script>\n<!-- \/ Yoast SEO plugin. -->","yoast_head_json":{"title":"Mentions l\u00e9gales - Energy Cities","robots":{"index":"index","follow":"follow","max-snippet":"max-snippet:-1","max-image-preview":"max-image-preview:large","max-video-preview":"max-video-preview:-1"},"canonical":"https:\/\/energy-cities.eu\/fr\/mentions-legales\/","og_locale":"fr_FR","og_type":"article","og_title":"Mentions l\u00e9gales - Energy Cities","og_description":"\u00c9dition du site Energy Cities4 chemin du Fort de BregilleMaison de l&rsquo;Environnement de Bourgogne Franche-Comt\u00e925000 Besan\u00e7on &#8211; FranceT\u00e9l. :&nbsp;+ 33 (0)3 81 65 36 80https:\/\/energy-cities.eu [\u2026]","og_url":"https:\/\/energy-cities.eu\/fr\/mentions-legales\/","og_site_name":"Energy Cities","article_publisher":"https:\/\/www.facebook.com\/energycities.eu\/","article_modified_time":"2024-05-14T10:37:31+00:00","og_image":[{"width":1024,"height":576,"url":"https:\/\/energy-cities.eu\/wp-content\/uploads\/2019\/07\/emile-perron-xrVDYZRGdw4-unsplash-1024x576.jpg","type":"image\/jpeg"}],"twitter_card":"summary_large_image","twitter_site":"@energycities","twitter_misc":{"Dur\u00e9e de lecture estim\u00e9e":"6 minutes"},"schema":{"@context":"https:\/\/schema.org","@graph":[{"@type":"Organization","@id":"https:\/\/energy-cities.eu\/fr\/#organization","name":"Energy Cities","url":"https:\/\/energy-cities.eu\/fr\/","sameAs":["https:\/\/www.facebook.com\/energycities.eu\/","https:\/\/www.youtube.com\/channel\/UChIHn2wF76JzuTbAjSMs0hQ","https:\/\/fr.wikipedia.org\/wiki\/Energy_Cities","https:\/\/twitter.com\/energycities"],"logo":{"@type":"ImageObject","inLanguage":"fr-FR","@id":"https:\/\/energy-cities.eu\/fr\/#\/schema\/logo\/image\/","url":"https:\/\/energy-cities.eu\/wp-content\/uploads\/2019\/07\/energy-cities-couleur.jpg","contentUrl":"https:\/\/energy-cities.eu\/wp-content\/uploads\/2019\/07\/energy-cities-couleur.jpg","width":3508,"height":2587,"caption":"Energy Cities"},"image":{"@id":"https:\/\/energy-cities.eu\/fr\/#\/schema\/logo\/image\/"}},{"@type":"WebSite","@id":"https:\/\/energy-cities.eu\/fr\/#website","url":"https:\/\/energy-cities.eu\/fr\/","name":"Energy Cities","description":" The European learning community for future-proof cities","publisher":{"@id":"https:\/\/energy-cities.eu\/fr\/#organization"},"potentialAction":[{"@type":"SearchAction","target":{"@type":"EntryPoint","urlTemplate":"https:\/\/energy-cities.eu\/fr\/?s={search_term_string}"},"query-input":"required name=search_term_string"}],"inLanguage":"fr-FR"},{"@type":"ImageObject","inLanguage":"fr-FR","@id":"https:\/\/energy-cities.eu\/fr\/mentions-legales\/#primaryimage","url":"https:\/\/energy-cities.eu\/wp-content\/uploads\/2019\/07\/emile-perron-xrVDYZRGdw4-unsplash.jpg","contentUrl":"https:\/\/energy-cities.eu\/wp-content\/uploads\/2019\/07\/emile-perron-xrVDYZRGdw4-unsplash.jpg","width":5507,"height":3098,"caption":"Photo by \u00c9mile Perron on Unsplash"},{"@type":"WebPage","@id":"https:\/\/energy-cities.eu\/fr\/mentions-legales\/#webpage","url":"https:\/\/energy-cities.eu\/fr\/mentions-legales\/","name":"Mentions l\u00e9gales - Energy Cities","isPartOf":{"@id":"https:\/\/energy-cities.eu\/fr\/#website"},"primaryImageOfPage":{"@id":"https:\/\/energy-cities.eu\/fr\/mentions-legales\/#primaryimage"},"datePublished":"2019-07-23T12:36:20+00:00","dateModified":"2024-05-14T10:37:31+00:00","breadcrumb":{"@id":"https:\/\/energy-cities.eu\/fr\/mentions-legales\/#breadcrumb"},"inLanguage":"fr-FR","potentialAction":[{"@type":"ReadAction","target":["https:\/\/energy-cities.eu\/fr\/mentions-legales\/"]}]},{"@type":"BreadcrumbList","@id":"https:\/\/energy-cities.eu\/fr\/mentions-legales\/#breadcrumb","itemListElement":[{"@type":"ListItem","position":1,"name":"Home","item":"https:\/\/energy-cities.eu\/fr\/nous-sommes-un-reseau-europeen-blabla\/"},{"@type":"ListItem","position":2,"name":"Mentions l\u00e9gales"}]}]}},"coauthors":[],"author_meta":{"author_link":"https:\/\/energy-cities.eu\/fr\/staff\/r-chatelet\/","display_name":"Rapha\u00ebl Chatelet"},"relative_dates":{"created":"Publi\u00e9 7 ans il y a","modified":"Mis \u00e0 jour 2 ans il y a"},"absolute_dates":{"created":"Publi\u00e9 le 23 juillet 2019","modified":"Mise \u00e0 jour le 14 mai 2024"},"absolute_dates_time":{"created":"Publi\u00e9 le 23 juillet 2019 2:36  ","modified":"Mise \u00e0 jour le 14 mai 2024 12:37  "},"featured_img_caption":"Photo by \u00c9mile Perron on Unsplash","featured_img":"https:\/\/energy-cities.eu\/wp-content\/uploads\/2019\/07\/emile-perron-xrVDYZRGdw4-unsplash.jpg","_links":{"self":[{"href":"https:\/\/energy-cities.eu\/fr\/wp-json\/wp\/v2\/pages\/23364"}],"collection":[{"href":"https:\/\/energy-cities.eu\/fr\/wp-json\/wp\/v2\/pages"}],"about":[{"href":"https:\/\/energy-cities.eu\/fr\/wp-json\/wp\/v2\/types\/page"}],"author":[{"embeddable":true,"href":"https:\/\/energy-cities.eu\/fr\/wp-json\/wp\/v2\/users\/37"}],"replies":[{"embeddable":true,"href":"https:\/\/energy-cities.eu\/fr\/wp-json\/wp\/v2\/comments?post=23364"}],"version-history":[{"count":15,"href":"https:\/\/energy-cities.eu\/fr\/wp-json\/wp\/v2\/pages\/23364\/revisions"}],"predecessor-version":[{"id":77394,"href":"https:\/\/energy-cities.eu\/fr\/wp-json\/wp\/v2\/pages\/23364\/revisions\/77394"}],"wp:featuredmedia":[{"embeddable":true,"href":"https:\/\/energy-cities.eu\/fr\/wp-json\/wp\/v2\/media\/22701"}],"wp:attachment":[{"href":"https:\/\/energy-cities.eu\/fr\/wp-json\/wp\/v2\/media?parent=23364"}],"curies":[{"name":"wp","href":"https:\/\/api.w.org\/{rel}","templated":true}]}}