{"id":24983,"date":"2019-09-23T17:27:44","date_gmt":"2019-09-23T15:27:44","guid":{"rendered":"https:\/\/energy-cities.eu\/?page_id=24983"},"modified":"2022-06-16T11:11:05","modified_gmt":"2022-06-16T09:11:05","slug":"politique-eco-responsable","status":"publish","type":"page","link":"https:\/\/energy-cities.eu\/fr\/politique-eco-responsable\/","title":{"rendered":"De l&rsquo;exemple \u00e0 la pratique : Tout sur notre politique \u00e9co-responsable"},"content":{"rendered":"\n<p class=\"beige-message\">Nous sommes parti(e)s d&rsquo;une approche strat\u00e9gique dans notre d\u00e9marche, en nous concentrant sur les principales sources d&rsquo;\u00e9missions de C02 en Europe : l&rsquo;\u00e9nergie (28,2%), le chauffage (25,8%), et les transports (24,6%). Chacune repr\u00e9sentant environ un quart des \u00e9missions de l&rsquo;UE (<a rel=\"noreferrer noopener\" href=\"https:\/\/ec.europa.eu\/eurostat\/cache\/infographs\/energy\/bloc-4a.html\" target=\"_blank\">Eurostat, 2017<\/a>).<\/p>\n\n\n\n<h2>\u00c9lectricit\u00e9 verte<\/h2>\n\n\n\n<p>Depuis 2007, nos bureaux de Besan\u00e7on se fournissent en \u00e9lectricit\u00e9 verte, et depuis 2020, nos bureaux de Bruxelles se trouvent au sein de <a href=\"https:\/\/mundo-madou.org\/fr\/A_propos\/A_propos_de_Mundo\/\" target=\"_blank\" rel=\"noreferrer noopener\">Mundo Madou<\/a>, un b\u00e2timent con\u00e7u de fa\u00e7on \u00e0 minimiser son impact environnemental (\u00e9nergie, eau, d\u00e9chets, mobilit\u00e9, biodiversit\u00e9, r\u00e9emploi et recyclage, &#8230;)<\/p>\n\n\n\n<hr class=\"wp-block-separator\"\/>\n\n\n\n<h2>Transport<\/h2>\n\n\n\n<p>Les transports se divisent en deux cat\u00e9gories. Au quotidien, tous nos bureaux sont situ\u00e9s \u00e0 proximit\u00e9 imm\u00e9diate de lignes de transport public performantes (tram \u00e0 Besan\u00e7on, m\u00e9tro \u00e0 Bruxelles), et les deux sites sont pourvus de parkings \u00e0 v\u00e9los. Par ailleurs, nous encourageons financi\u00e8rement le p\u00e9dalage, bon pour la plan\u00e8te comme pour la sant\u00e9 !<\/p>\n\n\n\n<p>En tant qu&rsquo;organisation internationale comptant des membres dans 30 pays, les voyages sont une r\u00e9alit\u00e9 de notre mission. Lorsqu&rsquo;Energy Cities est en charge de l&rsquo;organisation de conf\u00e9rences ou de rencontres internationales, nous privil\u00e9gions autant que possible des localisations plac\u00e9es sur le r\u00e9seau ferr\u00e9 \u00e0 grande vitesse europ\u00e9en. De mani\u00e8re g\u00e9n\u00e9rale, pour tout trajet, le train est la r\u00e8gle n\u00b01.<br>Depuis 10 ans, nous suivons avec pr\u00e9cision nos \u00e9missions de CO2 li\u00e9es au transport, et les compensons via des projets sp\u00e9cifiques.<\/p>\n\n\n\n<p>Nos choix de projets de compensation carbone refl\u00e8tent aussi notre mission. En investissant dans la <a rel=\"noreferrer noopener\" aria-label=\"coop\u00e9rative \u00e9nerg\u00e9tique Jurascic (opens in a new tab)\" href=\"https:\/\/www.jurascic.com\/\" target=\"_blank\">coop\u00e9rative \u00e9nerg\u00e9tique Jurascic<\/a>, nous apportons notre soutient \u00e0 la fois aux \u00e9nergies renouvelables et \u00e0 une initiative \u00e9nerg\u00e9tique locale et port\u00e9e par des citoyen(ne)s. Nos contributions, ainsi que celles de 650 citoyen(ne)s de la r\u00e9gion, ont permis de b\u00e2tir le <a rel=\"noreferrer noopener\" aria-label=\"parc \u00e9olien de Chamole (opens in a new tab)\" href=\"https:\/\/www.jurascic.com\/chamole-parc-eolien\" target=\"_blank\">parc \u00e9olien de Chamole<\/a> en 2016.<\/p>\n\n\n\n<p>Le d\u00e9veloppement durable est notre colonne vert\u00e9brale. Une transition \u00e9nerg\u00e9tique partag\u00e9e est au c\u0153ur de notre <a href=\"\/fr\/vision-et-mission\/\">Vision et de notre Mission<\/a>, et c&rsquo;est pourquoi nous la vivons aussi \u00e0 travers nos choix au quotidien et tous les d\u00e9tails de nos vies professionnelles. De l&rsquo;utilisation exclusive de papier recycl\u00e9 (certifi\u00e9 FSC, PEFC) \u00e0 l&rsquo;installation de r\u00e9ducteurs de d\u00e9bit sur nos arriv\u00e9es d&rsquo;eau, des comportements alimentaires vertueux aux \u00e9quipements basse consommation, nous sommes constamment attentifs(ves) \u00e0 faire plus avec moins, et ainsi minimiser l&rsquo;impact de notre activit\u00e9 sur la plan\u00e8te.<\/p>\n","protected":false},"excerpt":{"rendered":"<p>Nous sommes parti(e)s d&rsquo;une approche strat\u00e9gique dans notre d\u00e9marche, en nous concentrant sur les principales sources d&rsquo;\u00e9missions de C02 en Europe : l&rsquo;\u00e9nergie (28,2%), le <a href=\"https:\/\/energy-cities.eu\/fr\/politique-eco-responsable\/\">[\u2026]<\/a><\/p>\n","protected":false},"author":34,"featured_media":24703,"parent":0,"menu_order":0,"comment_status":"closed","ping_status":"closed","template":"","meta":{"advgb_blocks_editor_width":"","advgb_blocks_columns_visual_guide":"","ub_ctt_via":""},"acf":[],"featured_image_src":"https:\/\/energy-cities.eu\/wp-content\/uploads\/2019\/09\/Green-plant-header-2000px.jpg","yoast_head":"<!-- This site is optimized with the Yoast SEO plugin v18.8 - https:\/\/yoast.com\/wordpress\/plugins\/seo\/ -->\n<title>De l&#039;exemple \u00e0 la pratique : Tout sur notre politique \u00e9co-responsable - Energy Cities<\/title>\n<meta name=\"robots\" content=\"index, follow, max-snippet:-1, max-image-preview:large, max-video-preview:-1\" \/>\n<link rel=\"canonical\" href=\"https:\/\/energy-cities.eu\/fr\/politique-eco-responsable\/\" \/>\n<meta property=\"og:locale\" content=\"fr_FR\" \/>\n<meta property=\"og:type\" content=\"article\" \/>\n<meta property=\"og:title\" content=\"De l&#039;exemple \u00e0 la pratique : Tout sur notre politique \u00e9co-responsable - Energy Cities\" \/>\n<meta property=\"og:description\" content=\"Nous sommes parti(e)s d&rsquo;une approche strat\u00e9gique dans notre d\u00e9marche, en nous concentrant sur les principales sources d&rsquo;\u00e9missions de C02 en Europe : l&rsquo;\u00e9nergie (28,2%), le [\u2026]\" \/>\n<meta property=\"og:url\" content=\"https:\/\/energy-cities.eu\/fr\/politique-eco-responsable\/\" \/>\n<meta property=\"og:site_name\" content=\"Energy Cities\" \/>\n<meta property=\"article:publisher\" content=\"https:\/\/www.facebook.com\/energycities.eu\/\" \/>\n<meta property=\"article:modified_time\" content=\"2022-06-16T09:11:05+00:00\" \/>\n<meta property=\"og:image\" content=\"https:\/\/energy-cities.eu\/wp-content\/uploads\/2019\/09\/Green-plant-header-2000px.jpg\" \/>\n\t<meta property=\"og:image:width\" content=\"2000\" \/>\n\t<meta property=\"og:image:height\" content=\"500\" \/>\n\t<meta property=\"og:image:type\" content=\"image\/jpeg\" \/>\n<meta name=\"twitter:card\" content=\"summary_large_image\" \/>\n<meta name=\"twitter:site\" content=\"@energycities\" \/>\n<meta name=\"twitter:label1\" content=\"Dur\u00e9e de lecture estim\u00e9e\" \/>\n\t<meta name=\"twitter:data1\" content=\"2 minutes\" \/>\n<script type=\"application\/ld+json\" class=\"yoast-schema-graph\">{\"@context\":\"https:\/\/schema.org\",\"@graph\":[{\"@type\":\"Organization\",\"@id\":\"https:\/\/energy-cities.eu\/fr\/#organization\",\"name\":\"Energy Cities\",\"url\":\"https:\/\/energy-cities.eu\/fr\/\",\"sameAs\":[\"https:\/\/www.facebook.com\/energycities.eu\/\",\"https:\/\/www.youtube.com\/channel\/UChIHn2wF76JzuTbAjSMs0hQ\",\"https:\/\/fr.wikipedia.org\/wiki\/Energy_Cities\",\"https:\/\/twitter.com\/energycities\"],\"logo\":{\"@type\":\"ImageObject\",\"inLanguage\":\"fr-FR\",\"@id\":\"https:\/\/energy-cities.eu\/fr\/#\/schema\/logo\/image\/\",\"url\":\"https:\/\/energy-cities.eu\/wp-content\/uploads\/2019\/07\/energy-cities-couleur.jpg\",\"contentUrl\":\"https:\/\/energy-cities.eu\/wp-content\/uploads\/2019\/07\/energy-cities-couleur.jpg\",\"width\":3508,\"height\":2587,\"caption\":\"Energy Cities\"},\"image\":{\"@id\":\"https:\/\/energy-cities.eu\/fr\/#\/schema\/logo\/image\/\"}},{\"@type\":\"WebSite\",\"@id\":\"https:\/\/energy-cities.eu\/fr\/#website\",\"url\":\"https:\/\/energy-cities.eu\/fr\/\",\"name\":\"Energy Cities\",\"description\":\" The European learning community for future-proof cities\",\"publisher\":{\"@id\":\"https:\/\/energy-cities.eu\/fr\/#organization\"},\"potentialAction\":[{\"@type\":\"SearchAction\",\"target\":{\"@type\":\"EntryPoint\",\"urlTemplate\":\"https:\/\/energy-cities.eu\/fr\/?s={search_term_string}\"},\"query-input\":\"required name=search_term_string\"}],\"inLanguage\":\"fr-FR\"},{\"@type\":\"ImageObject\",\"inLanguage\":\"fr-FR\",\"@id\":\"https:\/\/energy-cities.eu\/fr\/politique-eco-responsable\/#primaryimage\",\"url\":\"https:\/\/energy-cities.eu\/wp-content\/uploads\/2019\/09\/Green-plant-header-2000px.jpg\",\"contentUrl\":\"https:\/\/energy-cities.eu\/wp-content\/uploads\/2019\/09\/Green-plant-header-2000px.jpg\",\"width\":2000,\"height\":500,\"caption\":\"Photo by Yogesh Pedamkar on Unsplash\"},{\"@type\":\"WebPage\",\"@id\":\"https:\/\/energy-cities.eu\/fr\/politique-eco-responsable\/#webpage\",\"url\":\"https:\/\/energy-cities.eu\/fr\/politique-eco-responsable\/\",\"name\":\"De l'exemple \u00e0 la pratique : Tout sur notre politique \u00e9co-responsable - Energy Cities\",\"isPartOf\":{\"@id\":\"https:\/\/energy-cities.eu\/fr\/#website\"},\"primaryImageOfPage\":{\"@id\":\"https:\/\/energy-cities.eu\/fr\/politique-eco-responsable\/#primaryimage\"},\"datePublished\":\"2019-09-23T15:27:44+00:00\",\"dateModified\":\"2022-06-16T09:11:05+00:00\",\"breadcrumb\":{\"@id\":\"https:\/\/energy-cities.eu\/fr\/politique-eco-responsable\/#breadcrumb\"},\"inLanguage\":\"fr-FR\",\"potentialAction\":[{\"@type\":\"ReadAction\",\"target\":[\"https:\/\/energy-cities.eu\/fr\/politique-eco-responsable\/\"]}]},{\"@type\":\"BreadcrumbList\",\"@id\":\"https:\/\/energy-cities.eu\/fr\/politique-eco-responsable\/#breadcrumb\",\"itemListElement\":[{\"@type\":\"ListItem\",\"position\":1,\"name\":\"Home\",\"item\":\"https:\/\/energy-cities.eu\/fr\/nous-sommes-un-reseau-europeen-blabla\/\"},{\"@type\":\"ListItem\",\"position\":2,\"name\":\"De l'exemple \u00e0 la pratique : Tout sur notre politique \u00e9co-responsable\"}]}]}<\/script>\n<!-- \/ Yoast SEO plugin. -->","yoast_head_json":{"title":"De l'exemple \u00e0 la pratique : Tout sur notre politique \u00e9co-responsable - Energy Cities","robots":{"index":"index","follow":"follow","max-snippet":"max-snippet:-1","max-image-preview":"max-image-preview:large","max-video-preview":"max-video-preview:-1"},"canonical":"https:\/\/energy-cities.eu\/fr\/politique-eco-responsable\/","og_locale":"fr_FR","og_type":"article","og_title":"De l'exemple \u00e0 la pratique : Tout sur notre politique \u00e9co-responsable - Energy Cities","og_description":"Nous sommes parti(e)s d&rsquo;une approche strat\u00e9gique dans notre d\u00e9marche, en nous concentrant sur les principales sources d&rsquo;\u00e9missions de C02 en Europe : l&rsquo;\u00e9nergie (28,2%), le [\u2026]","og_url":"https:\/\/energy-cities.eu\/fr\/politique-eco-responsable\/","og_site_name":"Energy Cities","article_publisher":"https:\/\/www.facebook.com\/energycities.eu\/","article_modified_time":"2022-06-16T09:11:05+00:00","og_image":[{"width":2000,"height":500,"url":"https:\/\/energy-cities.eu\/wp-content\/uploads\/2019\/09\/Green-plant-header-2000px.jpg","type":"image\/jpeg"}],"twitter_card":"summary_large_image","twitter_site":"@energycities","twitter_misc":{"Dur\u00e9e de lecture estim\u00e9e":"2 minutes"},"schema":{"@context":"https:\/\/schema.org","@graph":[{"@type":"Organization","@id":"https:\/\/energy-cities.eu\/fr\/#organization","name":"Energy Cities","url":"https:\/\/energy-cities.eu\/fr\/","sameAs":["https:\/\/www.facebook.com\/energycities.eu\/","https:\/\/www.youtube.com\/channel\/UChIHn2wF76JzuTbAjSMs0hQ","https:\/\/fr.wikipedia.org\/wiki\/Energy_Cities","https:\/\/twitter.com\/energycities"],"logo":{"@type":"ImageObject","inLanguage":"fr-FR","@id":"https:\/\/energy-cities.eu\/fr\/#\/schema\/logo\/image\/","url":"https:\/\/energy-cities.eu\/wp-content\/uploads\/2019\/07\/energy-cities-couleur.jpg","contentUrl":"https:\/\/energy-cities.eu\/wp-content\/uploads\/2019\/07\/energy-cities-couleur.jpg","width":3508,"height":2587,"caption":"Energy Cities"},"image":{"@id":"https:\/\/energy-cities.eu\/fr\/#\/schema\/logo\/image\/"}},{"@type":"WebSite","@id":"https:\/\/energy-cities.eu\/fr\/#website","url":"https:\/\/energy-cities.eu\/fr\/","name":"Energy Cities","description":" The European learning community for future-proof cities","publisher":{"@id":"https:\/\/energy-cities.eu\/fr\/#organization"},"potentialAction":[{"@type":"SearchAction","target":{"@type":"EntryPoint","urlTemplate":"https:\/\/energy-cities.eu\/fr\/?s={search_term_string}"},"query-input":"required name=search_term_string"}],"inLanguage":"fr-FR"},{"@type":"ImageObject","inLanguage":"fr-FR","@id":"https:\/\/energy-cities.eu\/fr\/politique-eco-responsable\/#primaryimage","url":"https:\/\/energy-cities.eu\/wp-content\/uploads\/2019\/09\/Green-plant-header-2000px.jpg","contentUrl":"https:\/\/energy-cities.eu\/wp-content\/uploads\/2019\/09\/Green-plant-header-2000px.jpg","width":2000,"height":500,"caption":"Photo by Yogesh Pedamkar on Unsplash"},{"@type":"WebPage","@id":"https:\/\/energy-cities.eu\/fr\/politique-eco-responsable\/#webpage","url":"https:\/\/energy-cities.eu\/fr\/politique-eco-responsable\/","name":"De l'exemple \u00e0 la pratique : Tout sur notre politique \u00e9co-responsable - Energy Cities","isPartOf":{"@id":"https:\/\/energy-cities.eu\/fr\/#website"},"primaryImageOfPage":{"@id":"https:\/\/energy-cities.eu\/fr\/politique-eco-responsable\/#primaryimage"},"datePublished":"2019-09-23T15:27:44+00:00","dateModified":"2022-06-16T09:11:05+00:00","breadcrumb":{"@id":"https:\/\/energy-cities.eu\/fr\/politique-eco-responsable\/#breadcrumb"},"inLanguage":"fr-FR","potentialAction":[{"@type":"ReadAction","target":["https:\/\/energy-cities.eu\/fr\/politique-eco-responsable\/"]}]},{"@type":"BreadcrumbList","@id":"https:\/\/energy-cities.eu\/fr\/politique-eco-responsable\/#breadcrumb","itemListElement":[{"@type":"ListItem","position":1,"name":"Home","item":"https:\/\/energy-cities.eu\/fr\/nous-sommes-un-reseau-europeen-blabla\/"},{"@type":"ListItem","position":2,"name":"De l'exemple \u00e0 la pratique : Tout sur notre politique \u00e9co-responsable"}]}]}},"coauthors":[],"author_meta":{"author_link":"https:\/\/energy-cities.eu\/fr\/staff\/a-hiel\/","display_name":"Adrian Hiel"},"relative_dates":{"created":"Publi\u00e9 7 ans il y a","modified":"Mis \u00e0 jour 4 ans il y a"},"absolute_dates":{"created":"Publi\u00e9 le 23 septembre 2019","modified":"Mise \u00e0 jour le 16 juin 2022"},"absolute_dates_time":{"created":"Publi\u00e9 le 23 septembre 2019 5:27  ","modified":"Mise \u00e0 jour le 16 juin 2022 11:11  "},"featured_img_caption":"Photo by Yogesh Pedamkar on Unsplash","featured_img":"https:\/\/energy-cities.eu\/wp-content\/uploads\/2019\/09\/Green-plant-header-2000px.jpg","_links":{"self":[{"href":"https:\/\/energy-cities.eu\/fr\/wp-json\/wp\/v2\/pages\/24983"}],"collection":[{"href":"https:\/\/energy-cities.eu\/fr\/wp-json\/wp\/v2\/pages"}],"about":[{"href":"https:\/\/energy-cities.eu\/fr\/wp-json\/wp\/v2\/types\/page"}],"author":[{"embeddable":true,"href":"https:\/\/energy-cities.eu\/fr\/wp-json\/wp\/v2\/users\/34"}],"replies":[{"embeddable":true,"href":"https:\/\/energy-cities.eu\/fr\/wp-json\/wp\/v2\/comments?post=24983"}],"version-history":[{"count":16,"href":"https:\/\/energy-cities.eu\/fr\/wp-json\/wp\/v2\/pages\/24983\/revisions"}],"predecessor-version":[{"id":51042,"href":"https:\/\/energy-cities.eu\/fr\/wp-json\/wp\/v2\/pages\/24983\/revisions\/51042"}],"wp:featuredmedia":[{"embeddable":true,"href":"https:\/\/energy-cities.eu\/fr\/wp-json\/wp\/v2\/media\/24703"}],"wp:attachment":[{"href":"https:\/\/energy-cities.eu\/fr\/wp-json\/wp\/v2\/media?parent=24983"}],"curies":[{"name":"wp","href":"https:\/\/api.w.org\/{rel}","templated":true}]}}