{"id":25150,"date":"2019-09-24T23:11:15","date_gmt":"2019-09-24T21:11:15","guid":{"rendered":"https:\/\/energy-cities.eu\/?page_id=25150"},"modified":"2024-10-10T14:55:13","modified_gmt":"2024-10-10T12:55:13","slug":"a-propos-de-lholacratie","status":"publish","type":"page","link":"https:\/\/energy-cities.eu\/fr\/a-propos-de-lholacratie\/","title":{"rendered":"\u00c0 propos de l&rsquo;holacratie"},"content":{"rendered":"\n<p class=\"orange-message\">L&rsquo;holacratie est un mode de gouvernance bas\u00e9 sur le management d\u00e9centralis\u00e9, dans lequel les responsabilit\u00e9s et les prises de d\u00e9cisions sont distribu\u00e9es au sein de \u00ab\u00a0cercles\u00a0\u00bb. L&rsquo;holacratie repose sur le pouvoir de l&rsquo;intelligence collective et sa capacit\u00e9 \u00e0 prot\u00e9ger l&rsquo;organisation, en limitant l&rsquo;influence des convictions personnelles ou des caract\u00e8res individuels sur son fonctionnement.<\/p>\n\n\n\n<div style=\"height:30px\" aria-hidden=\"true\" class=\"wp-block-spacer\"><\/div>\n\n\n\n<h2>Comment \u00e7a marche ?<\/h2>\n\n\n\n<p>En holacratie, un cercle est compos\u00e9 de personnes, r\u00e9unies autour d&rsquo;un domaine d&rsquo;activit\u00e9 commun, qui vont collectivement se charger de la prise de d\u00e9cision et de la mise en oeuvre des d\u00e9cisions sur tout sujet se rapportant au domaine d&rsquo;activit\u00e9 en question.<\/p>\n\n\n\n<div style=\"height:30px\" aria-hidden=\"true\" class=\"wp-block-spacer\"><\/div>\n\n\n\n<h3>Chez Energy Cities, nous avons mis en place cinq cercles directement li\u00e9s \u00e0 la mani\u00e8re dont nous nous d\u00e9finissons :<\/h3>\n\n\n\n<ul><li>Ecosystem (gouvernance politique et anticipation)<\/li><li>Actions (gestion de projets)<\/li><li>Relations (politiques europ\u00e9ennes et communication)<\/li><li>Management &amp; Support (Ressources Humaines, informatique, logistique&#8230;) <\/li><li>Cercle G\u00e9n\u00e9ral (coordination globale de l&rsquo;\u00e9quipe et des activit\u00e9s).<\/li><\/ul>\n\n\n\n<p>Les responsabilit\u00e9s sont r\u00e9parties entre les cercles de mani\u00e8re \u00e0 r\u00e9aliser au mieux nos missions. Puis, les t\u00e2ches elles-m\u00eames sont r\u00e9parties parmi les personnes, en fonction de leurs comp\u00e9tences et centres d&rsquo;int\u00e9r\u00eat.<\/p>\n\n\n\n<p>Comme dans n&rsquo;importe quelle organisation, notre but n&rsquo;est pas de d\u00e9terminer l&rsquo;organigramme \u00ab\u00a0parfait\u00a0\u00bb et permanent, mais de tendre vers la r\u00e9partition des r\u00f4les la plus agile possible, en fonction des besoins actuels de notre environnement. La diff\u00e9rence r\u00e9side dans notre r\u00e9activit\u00e9 : en holacratie, chaque personne est directement en charge de d\u00e9cider pour son domaine de comp\u00e9tence, ce qui accro\u00eet la responsabilisation et l&rsquo;autonomie de chacun(e).<\/p>\n\n\n\n<p>Nos cercles op\u00e8rent au sein d&rsquo;un environnement ouvert : chaque personne dans l&rsquo;\u00e9quipe peut appartenir \u00e0 un ou plusieurs cercles (en fonction de ses comp\u00e9tences, mais aussi de ce qu&rsquo;elle souhaite partager, apprendre, apporter \u00e0 l&rsquo;organisation et \u00e0 ses membres&#8230;). Des r\u00e9unions de cercles r\u00e9guli\u00e8res nous permettent \u00e0 la fois de traiter des questions op\u00e9rationnelles, mais aussi d&rsquo;ajuster au fil de l&rsquo;eau la gouvernance et les processus de d\u00e9cision.<\/p>\n\n\n\n<p>Au fil des ann\u00e9es, gr\u00e2ce \u00e0 l&rsquo;holacratie, nous avons mis en place bon nombre de nouvelles pratiques professionnelles, comme le t\u00e9l\u00e9travail, le partage d&rsquo;exp\u00e9rience, la formation interne, l&rsquo;animation&#8230; qui habituellement sont longues \u00e0 implanter dans des organisations plus traditionnelles.<br>Cela nous a aussi conduit vers des lieux, des projets, des partenaires (et bien plus encore)&#8230; que nous n&rsquo;aurions jamais pu atteindre par la volont\u00e9 d&rsquo;une seule personne, si talentueuse soit-elle.<\/p>\n\n\n\n<p class=\"light-red-message\">En holacratie, la flexibilit\u00e9 et les initiatives individuelles sont \u00e9quilibr\u00e9es par la r\u00e9gulation directe de l&rsquo;intelligence collective. Et \u00e7a fonctionne !<\/p>\n\n\n\n<div style=\"height:50px\" aria-hidden=\"true\" class=\"wp-block-spacer\"><\/div>\n\n\n\n<p><\/p>\n","protected":false},"excerpt":{"rendered":"<p>L&rsquo;holacratie est un mode de gouvernance bas\u00e9 sur le management d\u00e9centralis\u00e9, dans lequel les responsabilit\u00e9s et les prises de d\u00e9cisions sont distribu\u00e9es au sein de <a href=\"https:\/\/energy-cities.eu\/fr\/a-propos-de-lholacratie\/\">[\u2026]<\/a><\/p>\n","protected":false},"author":37,"featured_media":25107,"parent":0,"menu_order":0,"comment_status":"closed","ping_status":"closed","template":"","meta":{"advgb_blocks_editor_width":"","advgb_blocks_columns_visual_guide":"","ub_ctt_via":""},"acf":[],"featured_image_src":"https:\/\/energy-cities.eu\/wp-content\/uploads\/2019\/09\/Header-holacracy-2000px.jpg","yoast_head":"<!-- This site is optimized with the Yoast SEO plugin v18.8 - https:\/\/yoast.com\/wordpress\/plugins\/seo\/ -->\n<title>\u00c0 propos de l&#039;holacratie - Energy Cities<\/title>\n<meta name=\"robots\" content=\"index, follow, max-snippet:-1, max-image-preview:large, max-video-preview:-1\" \/>\n<link rel=\"canonical\" href=\"https:\/\/energy-cities.eu\/fr\/a-propos-de-lholacratie\/\" \/>\n<meta property=\"og:locale\" content=\"fr_FR\" \/>\n<meta property=\"og:type\" content=\"article\" \/>\n<meta property=\"og:title\" content=\"\u00c0 propos de l&#039;holacratie - Energy Cities\" \/>\n<meta property=\"og:description\" content=\"L&rsquo;holacratie est un mode de gouvernance bas\u00e9 sur le management d\u00e9centralis\u00e9, dans lequel les responsabilit\u00e9s et les prises de d\u00e9cisions sont distribu\u00e9es au sein de [\u2026]\" \/>\n<meta property=\"og:url\" content=\"https:\/\/energy-cities.eu\/fr\/a-propos-de-lholacratie\/\" \/>\n<meta property=\"og:site_name\" content=\"Energy Cities\" \/>\n<meta property=\"article:publisher\" content=\"https:\/\/www.facebook.com\/energycities.eu\/\" \/>\n<meta property=\"article:modified_time\" content=\"2024-10-10T12:55:13+00:00\" \/>\n<meta property=\"og:image\" content=\"https:\/\/energy-cities.eu\/wp-content\/uploads\/2019\/09\/Header-holacracy-2000px.jpg\" \/>\n\t<meta property=\"og:image:width\" content=\"2000\" \/>\n\t<meta property=\"og:image:height\" content=\"500\" \/>\n\t<meta property=\"og:image:type\" content=\"image\/jpeg\" \/>\n<meta name=\"twitter:card\" content=\"summary_large_image\" \/>\n<meta name=\"twitter:site\" content=\"@energycities\" \/>\n<meta name=\"twitter:label1\" content=\"Dur\u00e9e de lecture estim\u00e9e\" \/>\n\t<meta name=\"twitter:data1\" content=\"2 minutes\" \/>\n<script type=\"application\/ld+json\" class=\"yoast-schema-graph\">{\"@context\":\"https:\/\/schema.org\",\"@graph\":[{\"@type\":\"Organization\",\"@id\":\"https:\/\/energy-cities.eu\/fr\/#organization\",\"name\":\"Energy Cities\",\"url\":\"https:\/\/energy-cities.eu\/fr\/\",\"sameAs\":[\"https:\/\/www.facebook.com\/energycities.eu\/\",\"https:\/\/www.youtube.com\/channel\/UChIHn2wF76JzuTbAjSMs0hQ\",\"https:\/\/fr.wikipedia.org\/wiki\/Energy_Cities\",\"https:\/\/twitter.com\/energycities\"],\"logo\":{\"@type\":\"ImageObject\",\"inLanguage\":\"fr-FR\",\"@id\":\"https:\/\/energy-cities.eu\/fr\/#\/schema\/logo\/image\/\",\"url\":\"https:\/\/energy-cities.eu\/wp-content\/uploads\/2019\/07\/energy-cities-couleur.jpg\",\"contentUrl\":\"https:\/\/energy-cities.eu\/wp-content\/uploads\/2019\/07\/energy-cities-couleur.jpg\",\"width\":3508,\"height\":2587,\"caption\":\"Energy Cities\"},\"image\":{\"@id\":\"https:\/\/energy-cities.eu\/fr\/#\/schema\/logo\/image\/\"}},{\"@type\":\"WebSite\",\"@id\":\"https:\/\/energy-cities.eu\/fr\/#website\",\"url\":\"https:\/\/energy-cities.eu\/fr\/\",\"name\":\"Energy Cities\",\"description\":\" The European learning community for future-proof cities\",\"publisher\":{\"@id\":\"https:\/\/energy-cities.eu\/fr\/#organization\"},\"potentialAction\":[{\"@type\":\"SearchAction\",\"target\":{\"@type\":\"EntryPoint\",\"urlTemplate\":\"https:\/\/energy-cities.eu\/fr\/?s={search_term_string}\"},\"query-input\":\"required name=search_term_string\"}],\"inLanguage\":\"fr-FR\"},{\"@type\":\"ImageObject\",\"inLanguage\":\"fr-FR\",\"@id\":\"https:\/\/energy-cities.eu\/fr\/a-propos-de-lholacratie\/#primaryimage\",\"url\":\"https:\/\/energy-cities.eu\/wp-content\/uploads\/2019\/09\/Header-holacracy-2000px.jpg\",\"contentUrl\":\"https:\/\/energy-cities.eu\/wp-content\/uploads\/2019\/09\/Header-holacracy-2000px.jpg\",\"width\":2000,\"height\":500,\"caption\":\"Header holacracy Kandinsly circles\"},{\"@type\":\"WebPage\",\"@id\":\"https:\/\/energy-cities.eu\/fr\/a-propos-de-lholacratie\/#webpage\",\"url\":\"https:\/\/energy-cities.eu\/fr\/a-propos-de-lholacratie\/\",\"name\":\"\u00c0 propos de l'holacratie - Energy Cities\",\"isPartOf\":{\"@id\":\"https:\/\/energy-cities.eu\/fr\/#website\"},\"primaryImageOfPage\":{\"@id\":\"https:\/\/energy-cities.eu\/fr\/a-propos-de-lholacratie\/#primaryimage\"},\"datePublished\":\"2019-09-24T21:11:15+00:00\",\"dateModified\":\"2024-10-10T12:55:13+00:00\",\"breadcrumb\":{\"@id\":\"https:\/\/energy-cities.eu\/fr\/a-propos-de-lholacratie\/#breadcrumb\"},\"inLanguage\":\"fr-FR\",\"potentialAction\":[{\"@type\":\"ReadAction\",\"target\":[\"https:\/\/energy-cities.eu\/fr\/a-propos-de-lholacratie\/\"]}]},{\"@type\":\"BreadcrumbList\",\"@id\":\"https:\/\/energy-cities.eu\/fr\/a-propos-de-lholacratie\/#breadcrumb\",\"itemListElement\":[{\"@type\":\"ListItem\",\"position\":1,\"name\":\"Home\",\"item\":\"https:\/\/energy-cities.eu\/fr\/nous-sommes-un-reseau-europeen-blabla\/\"},{\"@type\":\"ListItem\",\"position\":2,\"name\":\"\u00c0 propos de l'holacratie\"}]}]}<\/script>\n<!-- \/ Yoast SEO plugin. -->","yoast_head_json":{"title":"\u00c0 propos de l'holacratie - Energy Cities","robots":{"index":"index","follow":"follow","max-snippet":"max-snippet:-1","max-image-preview":"max-image-preview:large","max-video-preview":"max-video-preview:-1"},"canonical":"https:\/\/energy-cities.eu\/fr\/a-propos-de-lholacratie\/","og_locale":"fr_FR","og_type":"article","og_title":"\u00c0 propos de l'holacratie - Energy Cities","og_description":"L&rsquo;holacratie est un mode de gouvernance bas\u00e9 sur le management d\u00e9centralis\u00e9, dans lequel les responsabilit\u00e9s et les prises de d\u00e9cisions sont distribu\u00e9es au sein de [\u2026]","og_url":"https:\/\/energy-cities.eu\/fr\/a-propos-de-lholacratie\/","og_site_name":"Energy Cities","article_publisher":"https:\/\/www.facebook.com\/energycities.eu\/","article_modified_time":"2024-10-10T12:55:13+00:00","og_image":[{"width":2000,"height":500,"url":"https:\/\/energy-cities.eu\/wp-content\/uploads\/2019\/09\/Header-holacracy-2000px.jpg","type":"image\/jpeg"}],"twitter_card":"summary_large_image","twitter_site":"@energycities","twitter_misc":{"Dur\u00e9e de lecture estim\u00e9e":"2 minutes"},"schema":{"@context":"https:\/\/schema.org","@graph":[{"@type":"Organization","@id":"https:\/\/energy-cities.eu\/fr\/#organization","name":"Energy Cities","url":"https:\/\/energy-cities.eu\/fr\/","sameAs":["https:\/\/www.facebook.com\/energycities.eu\/","https:\/\/www.youtube.com\/channel\/UChIHn2wF76JzuTbAjSMs0hQ","https:\/\/fr.wikipedia.org\/wiki\/Energy_Cities","https:\/\/twitter.com\/energycities"],"logo":{"@type":"ImageObject","inLanguage":"fr-FR","@id":"https:\/\/energy-cities.eu\/fr\/#\/schema\/logo\/image\/","url":"https:\/\/energy-cities.eu\/wp-content\/uploads\/2019\/07\/energy-cities-couleur.jpg","contentUrl":"https:\/\/energy-cities.eu\/wp-content\/uploads\/2019\/07\/energy-cities-couleur.jpg","width":3508,"height":2587,"caption":"Energy Cities"},"image":{"@id":"https:\/\/energy-cities.eu\/fr\/#\/schema\/logo\/image\/"}},{"@type":"WebSite","@id":"https:\/\/energy-cities.eu\/fr\/#website","url":"https:\/\/energy-cities.eu\/fr\/","name":"Energy Cities","description":" The European learning community for future-proof cities","publisher":{"@id":"https:\/\/energy-cities.eu\/fr\/#organization"},"potentialAction":[{"@type":"SearchAction","target":{"@type":"EntryPoint","urlTemplate":"https:\/\/energy-cities.eu\/fr\/?s={search_term_string}"},"query-input":"required name=search_term_string"}],"inLanguage":"fr-FR"},{"@type":"ImageObject","inLanguage":"fr-FR","@id":"https:\/\/energy-cities.eu\/fr\/a-propos-de-lholacratie\/#primaryimage","url":"https:\/\/energy-cities.eu\/wp-content\/uploads\/2019\/09\/Header-holacracy-2000px.jpg","contentUrl":"https:\/\/energy-cities.eu\/wp-content\/uploads\/2019\/09\/Header-holacracy-2000px.jpg","width":2000,"height":500,"caption":"Header holacracy Kandinsly circles"},{"@type":"WebPage","@id":"https:\/\/energy-cities.eu\/fr\/a-propos-de-lholacratie\/#webpage","url":"https:\/\/energy-cities.eu\/fr\/a-propos-de-lholacratie\/","name":"\u00c0 propos de l'holacratie - Energy Cities","isPartOf":{"@id":"https:\/\/energy-cities.eu\/fr\/#website"},"primaryImageOfPage":{"@id":"https:\/\/energy-cities.eu\/fr\/a-propos-de-lholacratie\/#primaryimage"},"datePublished":"2019-09-24T21:11:15+00:00","dateModified":"2024-10-10T12:55:13+00:00","breadcrumb":{"@id":"https:\/\/energy-cities.eu\/fr\/a-propos-de-lholacratie\/#breadcrumb"},"inLanguage":"fr-FR","potentialAction":[{"@type":"ReadAction","target":["https:\/\/energy-cities.eu\/fr\/a-propos-de-lholacratie\/"]}]},{"@type":"BreadcrumbList","@id":"https:\/\/energy-cities.eu\/fr\/a-propos-de-lholacratie\/#breadcrumb","itemListElement":[{"@type":"ListItem","position":1,"name":"Home","item":"https:\/\/energy-cities.eu\/fr\/nous-sommes-un-reseau-europeen-blabla\/"},{"@type":"ListItem","position":2,"name":"\u00c0 propos de l'holacratie"}]}]}},"coauthors":[],"author_meta":{"author_link":"https:\/\/energy-cities.eu\/fr\/staff\/r-chatelet\/","display_name":"Rapha\u00ebl Chatelet"},"relative_dates":{"created":"Publi\u00e9 7 ans il y a","modified":"Mis \u00e0 jour 1 an il y a"},"absolute_dates":{"created":"Publi\u00e9 le 24 septembre 2019","modified":"Mise \u00e0 jour le 10 octobre 2024"},"absolute_dates_time":{"created":"Publi\u00e9 le 24 septembre 2019 11:11  ","modified":"Mise \u00e0 jour le 10 octobre 2024 2:55  "},"featured_img_caption":"","featured_img":"https:\/\/energy-cities.eu\/wp-content\/uploads\/2019\/09\/Header-holacracy-2000px.jpg","_links":{"self":[{"href":"https:\/\/energy-cities.eu\/fr\/wp-json\/wp\/v2\/pages\/25150"}],"collection":[{"href":"https:\/\/energy-cities.eu\/fr\/wp-json\/wp\/v2\/pages"}],"about":[{"href":"https:\/\/energy-cities.eu\/fr\/wp-json\/wp\/v2\/types\/page"}],"author":[{"embeddable":true,"href":"https:\/\/energy-cities.eu\/fr\/wp-json\/wp\/v2\/users\/37"}],"replies":[{"embeddable":true,"href":"https:\/\/energy-cities.eu\/fr\/wp-json\/wp\/v2\/comments?post=25150"}],"version-history":[{"count":24,"href":"https:\/\/energy-cities.eu\/fr\/wp-json\/wp\/v2\/pages\/25150\/revisions"}],"predecessor-version":[{"id":81062,"href":"https:\/\/energy-cities.eu\/fr\/wp-json\/wp\/v2\/pages\/25150\/revisions\/81062"}],"wp:featuredmedia":[{"embeddable":true,"href":"https:\/\/energy-cities.eu\/fr\/wp-json\/wp\/v2\/media\/25107"}],"wp:attachment":[{"href":"https:\/\/energy-cities.eu\/fr\/wp-json\/wp\/v2\/media?parent=25150"}],"curies":[{"name":"wp","href":"https:\/\/api.w.org\/{rel}","templated":true}]}}