{"id":46199,"date":"2022-02-08T17:27:15","date_gmt":"2022-02-08T16:27:15","guid":{"rendered":"https:\/\/energy-cities.eu\/?page_id=46199"},"modified":"2024-10-10T14:59:20","modified_gmt":"2024-10-10T12:59:20","slug":"nos-valeurs","status":"publish","type":"page","link":"https:\/\/energy-cities.eu\/fr\/nos-valeurs\/","title":{"rendered":"Nos valeurs"},"content":{"rendered":"\n<h2>Ethique professionnelle des membres de l&rsquo;\u00e9quipe<\/h2>\n\n\n\n<p class=\"light-orange-message\"><strong><strong>\u00c9quit\u00e9 et \u00e9galit\u00e9<\/strong><\/strong> \/\/ Tous les membres d\u2019Energy&nbsp;Cities sont sur un pied d\u2019\u00e9galit\u00e9. Chacun est libre d\u2019exprimer ses opinions et d\u2019\u00eatre entendu, et doit \u00e9couter les autres en retour. Nous ne tol\u00e9rons aucune forme de discrimination.<\/p>\n\n\n\n<p><strong><strong>La mani\u00e8re dont nous faisons notre travail est aussi importante que notre travail lui-m\u00eame<\/strong><\/strong> \/\/ <a href=\"https:\/\/energy-cities.eu\/fr\/a-propos-de-lholacratie\/\">L\u2019holacratie<\/a> est une m\u00e9thode interne de partage des responsabilit\u00e9s qui place l\u2019humain au c\u0153ur de notre travail et de notre processus de prise de d\u00e9cisions. Elle permet \u00e0 chaque membre de l\u2019\u00e9quipe de remplir ses missions de mani\u00e8re autonome tout en prenant des d\u00e9cisions collectives de fa\u00e7on collaborative lorsque c\u2019est n\u00e9cessaire. De plus, chez Energy&nbsp;Cities, la priorit\u00e9 de notre politique de ressources humaines est de garantir un bon \u00e9quilibre entre vie personnelle et vie professionnelle.<\/p>\n\n\n\n<p><strong><strong>Un espace o\u00f9 chacun<\/strong>\u00b7e<strong> peut participer et se d\u00e9velopper<\/strong><\/strong> \/\/ En tant que membres de l\u2019\u00e9quipe d\u2019Energy&nbsp;Cities, nous sommes invit\u00e9s \u00e0 trouver un \u00e9quilibre entre les besoins de l\u2019organisation et nos aspirations personnelles. Les membres de l\u2019\u00e9quipe peuvent se former et participer en autonomie. Chez Energy&nbsp;Cities, chacun a le droit d\u2019effectuer des activit\u00e9s qu\u2019il estime importantes, utiles et motivantes. Cela signifie que tous les membres peuvent changer de r\u00f4le et effectuer diff\u00e9rentes activit\u00e9s, dans le respect des autres membres de l\u2019\u00e9quipe et de nos engagements en tant qu&rsquo;organisation.<\/p>\n\n\n\n<p><strong>Sobri\u00e9t\u00e9<\/strong> \/\/ Chez Energy&nbsp;Cities, la suffisance est un moteur de changement, que ce soit en mati\u00e8re de ressources environnementales, de notre travail au quotidien ou de nos activit\u00e9s de coop\u00e9ration avec nos partenaires et nos membres.<\/p>\n\n\n\n<div style=\"height:50px\" aria-hidden=\"true\" class=\"wp-block-spacer\"><\/div>\n\n\n\n<h2>Principes d\u2019action dans nos activit\u00e9s avec nos membres et nos partenaires<\/h2>\n\n\n\n<p class=\"light-green-message\"><strong><strong>La taille importe peu\u2026<\/strong><\/strong>  \/\/ Il n\u2019existe pas de \u00ab&nbsp;petit&nbsp;\u00bb changement, il n\u2019existe que des changements. Il n\u2019existe pas de \u00ab&nbsp;petites&nbsp;\u00bb villes, mais seulement des lieux. Pour Energy&nbsp;Cities, les capitales n\u2019ont pas davantage leur mot \u00e0 dire que les villes et les villages.<\/p>\n\n\n\n<p><strong>\u2026<strong>\u2026ce qui importe, ce sont les liens<\/strong><\/strong> \/\/ Nous sommes convaincu\u00b7es que la crise actuelle ne peut \u00eatre r\u00e9solue qu\u2019en cr\u00e9ant des liens entre les gens, les lieux et les secteurs. En tant que r\u00e9seau, notre raison d\u2019\u00eatre est de cr\u00e9er des relations.<\/p>\n\n\n\n<p><strong><strong>Remettre le pouvoir entre les mains des collectivit\u00e9s<\/strong> <\/strong>\/\/ Nous ne dictons pas la conduite \u00e0 adopter aux villes.Nous leur proposons des outils et des ressources pour mettre en place la strat\u00e9gie qu\u2019elles souhaitent. Nous leur fournissons des informations pr\u00e9cises et leur donnons toutes les cl\u00e9s dont elles ont besoin pour comprendre les syst\u00e8mes afin qu\u2019elles puissent prendre leurs propres d\u00e9cisions en toute connaissance de cause. Selon nous, il n\u2019existe pas de \u00ab&nbsp;bonnes pratiques&nbsp;\u00bb&nbsp;: chaque ville doit suivre son propre parcours d\u2019apprentissage.<\/p>\n\n\n\n<p><strong><strong>Nous sommes les porte-paroles des villes<\/strong><\/strong> \/\/ Nous transmettons leurs demandes \u00e0 l\u2019UE et aux institutions nationales. Nous parlons en leur nom lorsqu\u2019elles nous en donnent la responsabilit\u00e9, mais nous ne parlons jamais \u00e0 leur place. Nous ne leur fournissons pas de r\u00e9ponses pr\u00eates \u00e0 l\u2019emploi, mais nous les aidons \u00e0 se poser les bonnes questions et \u00e0 trouver les solutions adapt\u00e9es \u00e0 leur situation<\/p>\n\n\n\n<p><strong><strong>Notre ma\u00eetre-mot&nbsp;:<\/strong> <strong>la coop\u00e9ration<\/strong><\/strong> \/\/Le fruit de nos efforts est en acc\u00e8s libre&nbsp;: la plus belle chose qui puisse arriver \u00e0 une id\u00e9e brillante ou \u00e0 un produit performant, c\u2019est une adoption \u00e0 grande \u00e9chelle. Plus les outils et les ressources sont accessibles, plus vite les changements n\u00e9cessaires auront lieu. Energy&nbsp;Cities n\u2019a pas besoin d\u2019agir partout. Nous devons concentrer nos efforts l\u00e0 o\u00f9 des lacunes se font sentir et nous fier aux autres r\u00e9seaux pour faire leur part du travail.<\/p>\n","protected":false},"excerpt":{"rendered":"<p>Ethique professionnelle des membres de l&rsquo;\u00e9quipe \u00c9quit\u00e9 et \u00e9galit\u00e9 \/\/ Tous les membres d\u2019Energy&nbsp;Cities sont sur un pied d\u2019\u00e9galit\u00e9. Chacun est libre d\u2019exprimer ses opinions <a href=\"https:\/\/energy-cities.eu\/fr\/nos-valeurs\/\">[\u2026]<\/a><\/p>\n","protected":false},"author":29,"featured_media":46213,"parent":0,"menu_order":0,"comment_status":"closed","ping_status":"closed","template":"","meta":{"advgb_blocks_editor_width":"","advgb_blocks_columns_visual_guide":"","ub_ctt_via":""},"acf":[],"featured_image_src":"https:\/\/energy-cities.eu\/wp-content\/uploads\/2022\/02\/pexels-pixabay-2762051-scaled.jpg","yoast_head":"<!-- This site is optimized with the Yoast SEO plugin v18.8 - https:\/\/yoast.com\/wordpress\/plugins\/seo\/ -->\n<title>Nos valeurs - Energy Cities<\/title>\n<meta name=\"robots\" content=\"index, follow, max-snippet:-1, max-image-preview:large, max-video-preview:-1\" \/>\n<link rel=\"canonical\" href=\"https:\/\/energy-cities.eu\/fr\/nos-valeurs\/\" \/>\n<meta property=\"og:locale\" content=\"fr_FR\" \/>\n<meta property=\"og:type\" content=\"article\" \/>\n<meta property=\"og:title\" content=\"Nos valeurs - Energy Cities\" \/>\n<meta property=\"og:description\" content=\"Ethique professionnelle des membres de l&rsquo;\u00e9quipe \u00c9quit\u00e9 et \u00e9galit\u00e9 \/\/ Tous les membres d\u2019Energy&nbsp;Cities sont sur un pied d\u2019\u00e9galit\u00e9. Chacun est libre d\u2019exprimer ses opinions [\u2026]\" \/>\n<meta property=\"og:url\" content=\"https:\/\/energy-cities.eu\/fr\/nos-valeurs\/\" \/>\n<meta property=\"og:site_name\" content=\"Energy Cities\" \/>\n<meta property=\"article:publisher\" content=\"https:\/\/www.facebook.com\/energycities.eu\/\" \/>\n<meta property=\"article:modified_time\" content=\"2024-10-10T12:59:20+00:00\" \/>\n<meta property=\"og:image\" content=\"https:\/\/energy-cities.eu\/wp-content\/uploads\/2022\/02\/pexels-pixabay-2762051-scaled.jpg\" \/>\n\t<meta property=\"og:image:width\" content=\"2560\" \/>\n\t<meta property=\"og:image:height\" content=\"1707\" \/>\n\t<meta property=\"og:image:type\" content=\"image\/jpeg\" \/>\n<meta name=\"twitter:card\" content=\"summary_large_image\" \/>\n<meta name=\"twitter:site\" content=\"@energycities\" \/>\n<meta name=\"twitter:label1\" content=\"Dur\u00e9e de lecture estim\u00e9e\" \/>\n\t<meta name=\"twitter:data1\" content=\"3 minutes\" \/>\n<script type=\"application\/ld+json\" class=\"yoast-schema-graph\">{\"@context\":\"https:\/\/schema.org\",\"@graph\":[{\"@type\":\"Organization\",\"@id\":\"https:\/\/energy-cities.eu\/fr\/#organization\",\"name\":\"Energy Cities\",\"url\":\"https:\/\/energy-cities.eu\/fr\/\",\"sameAs\":[\"https:\/\/www.facebook.com\/energycities.eu\/\",\"https:\/\/www.youtube.com\/channel\/UChIHn2wF76JzuTbAjSMs0hQ\",\"https:\/\/fr.wikipedia.org\/wiki\/Energy_Cities\",\"https:\/\/twitter.com\/energycities\"],\"logo\":{\"@type\":\"ImageObject\",\"inLanguage\":\"fr-FR\",\"@id\":\"https:\/\/energy-cities.eu\/fr\/#\/schema\/logo\/image\/\",\"url\":\"https:\/\/energy-cities.eu\/wp-content\/uploads\/2019\/07\/energy-cities-couleur.jpg\",\"contentUrl\":\"https:\/\/energy-cities.eu\/wp-content\/uploads\/2019\/07\/energy-cities-couleur.jpg\",\"width\":3508,\"height\":2587,\"caption\":\"Energy Cities\"},\"image\":{\"@id\":\"https:\/\/energy-cities.eu\/fr\/#\/schema\/logo\/image\/\"}},{\"@type\":\"WebSite\",\"@id\":\"https:\/\/energy-cities.eu\/fr\/#website\",\"url\":\"https:\/\/energy-cities.eu\/fr\/\",\"name\":\"Energy Cities\",\"description\":\" The European learning community for future-proof cities\",\"publisher\":{\"@id\":\"https:\/\/energy-cities.eu\/fr\/#organization\"},\"potentialAction\":[{\"@type\":\"SearchAction\",\"target\":{\"@type\":\"EntryPoint\",\"urlTemplate\":\"https:\/\/energy-cities.eu\/fr\/?s={search_term_string}\"},\"query-input\":\"required name=search_term_string\"}],\"inLanguage\":\"fr-FR\"},{\"@type\":\"ImageObject\",\"inLanguage\":\"fr-FR\",\"@id\":\"https:\/\/energy-cities.eu\/fr\/nos-valeurs\/#primaryimage\",\"url\":\"https:\/\/energy-cities.eu\/wp-content\/uploads\/2022\/02\/pexels-pixabay-2762051-scaled.jpg\",\"contentUrl\":\"https:\/\/energy-cities.eu\/wp-content\/uploads\/2022\/02\/pexels-pixabay-2762051-scaled.jpg\",\"width\":2560,\"height\":1707},{\"@type\":\"WebPage\",\"@id\":\"https:\/\/energy-cities.eu\/fr\/nos-valeurs\/#webpage\",\"url\":\"https:\/\/energy-cities.eu\/fr\/nos-valeurs\/\",\"name\":\"Nos valeurs - Energy Cities\",\"isPartOf\":{\"@id\":\"https:\/\/energy-cities.eu\/fr\/#website\"},\"primaryImageOfPage\":{\"@id\":\"https:\/\/energy-cities.eu\/fr\/nos-valeurs\/#primaryimage\"},\"datePublished\":\"2022-02-08T16:27:15+00:00\",\"dateModified\":\"2024-10-10T12:59:20+00:00\",\"breadcrumb\":{\"@id\":\"https:\/\/energy-cities.eu\/fr\/nos-valeurs\/#breadcrumb\"},\"inLanguage\":\"fr-FR\",\"potentialAction\":[{\"@type\":\"ReadAction\",\"target\":[\"https:\/\/energy-cities.eu\/fr\/nos-valeurs\/\"]}]},{\"@type\":\"BreadcrumbList\",\"@id\":\"https:\/\/energy-cities.eu\/fr\/nos-valeurs\/#breadcrumb\",\"itemListElement\":[{\"@type\":\"ListItem\",\"position\":1,\"name\":\"Home\",\"item\":\"https:\/\/energy-cities.eu\/fr\/nous-sommes-un-reseau-europeen-blabla\/\"},{\"@type\":\"ListItem\",\"position\":2,\"name\":\"Nos valeurs\"}]}]}<\/script>\n<!-- \/ Yoast SEO plugin. -->","yoast_head_json":{"title":"Nos valeurs - Energy Cities","robots":{"index":"index","follow":"follow","max-snippet":"max-snippet:-1","max-image-preview":"max-image-preview:large","max-video-preview":"max-video-preview:-1"},"canonical":"https:\/\/energy-cities.eu\/fr\/nos-valeurs\/","og_locale":"fr_FR","og_type":"article","og_title":"Nos valeurs - Energy Cities","og_description":"Ethique professionnelle des membres de l&rsquo;\u00e9quipe \u00c9quit\u00e9 et \u00e9galit\u00e9 \/\/ Tous les membres d\u2019Energy&nbsp;Cities sont sur un pied d\u2019\u00e9galit\u00e9. Chacun est libre d\u2019exprimer ses opinions [\u2026]","og_url":"https:\/\/energy-cities.eu\/fr\/nos-valeurs\/","og_site_name":"Energy Cities","article_publisher":"https:\/\/www.facebook.com\/energycities.eu\/","article_modified_time":"2024-10-10T12:59:20+00:00","og_image":[{"width":2560,"height":1707,"url":"https:\/\/energy-cities.eu\/wp-content\/uploads\/2022\/02\/pexels-pixabay-2762051-scaled.jpg","type":"image\/jpeg"}],"twitter_card":"summary_large_image","twitter_site":"@energycities","twitter_misc":{"Dur\u00e9e de lecture estim\u00e9e":"3 minutes"},"schema":{"@context":"https:\/\/schema.org","@graph":[{"@type":"Organization","@id":"https:\/\/energy-cities.eu\/fr\/#organization","name":"Energy Cities","url":"https:\/\/energy-cities.eu\/fr\/","sameAs":["https:\/\/www.facebook.com\/energycities.eu\/","https:\/\/www.youtube.com\/channel\/UChIHn2wF76JzuTbAjSMs0hQ","https:\/\/fr.wikipedia.org\/wiki\/Energy_Cities","https:\/\/twitter.com\/energycities"],"logo":{"@type":"ImageObject","inLanguage":"fr-FR","@id":"https:\/\/energy-cities.eu\/fr\/#\/schema\/logo\/image\/","url":"https:\/\/energy-cities.eu\/wp-content\/uploads\/2019\/07\/energy-cities-couleur.jpg","contentUrl":"https:\/\/energy-cities.eu\/wp-content\/uploads\/2019\/07\/energy-cities-couleur.jpg","width":3508,"height":2587,"caption":"Energy Cities"},"image":{"@id":"https:\/\/energy-cities.eu\/fr\/#\/schema\/logo\/image\/"}},{"@type":"WebSite","@id":"https:\/\/energy-cities.eu\/fr\/#website","url":"https:\/\/energy-cities.eu\/fr\/","name":"Energy Cities","description":" The European learning community for future-proof cities","publisher":{"@id":"https:\/\/energy-cities.eu\/fr\/#organization"},"potentialAction":[{"@type":"SearchAction","target":{"@type":"EntryPoint","urlTemplate":"https:\/\/energy-cities.eu\/fr\/?s={search_term_string}"},"query-input":"required name=search_term_string"}],"inLanguage":"fr-FR"},{"@type":"ImageObject","inLanguage":"fr-FR","@id":"https:\/\/energy-cities.eu\/fr\/nos-valeurs\/#primaryimage","url":"https:\/\/energy-cities.eu\/wp-content\/uploads\/2022\/02\/pexels-pixabay-2762051-scaled.jpg","contentUrl":"https:\/\/energy-cities.eu\/wp-content\/uploads\/2022\/02\/pexels-pixabay-2762051-scaled.jpg","width":2560,"height":1707},{"@type":"WebPage","@id":"https:\/\/energy-cities.eu\/fr\/nos-valeurs\/#webpage","url":"https:\/\/energy-cities.eu\/fr\/nos-valeurs\/","name":"Nos valeurs - Energy Cities","isPartOf":{"@id":"https:\/\/energy-cities.eu\/fr\/#website"},"primaryImageOfPage":{"@id":"https:\/\/energy-cities.eu\/fr\/nos-valeurs\/#primaryimage"},"datePublished":"2022-02-08T16:27:15+00:00","dateModified":"2024-10-10T12:59:20+00:00","breadcrumb":{"@id":"https:\/\/energy-cities.eu\/fr\/nos-valeurs\/#breadcrumb"},"inLanguage":"fr-FR","potentialAction":[{"@type":"ReadAction","target":["https:\/\/energy-cities.eu\/fr\/nos-valeurs\/"]}]},{"@type":"BreadcrumbList","@id":"https:\/\/energy-cities.eu\/fr\/nos-valeurs\/#breadcrumb","itemListElement":[{"@type":"ListItem","position":1,"name":"Home","item":"https:\/\/energy-cities.eu\/fr\/nous-sommes-un-reseau-europeen-blabla\/"},{"@type":"ListItem","position":2,"name":"Nos valeurs"}]}]}},"coauthors":[],"author_meta":{"author_link":"https:\/\/energy-cities.eu\/fr\/staff\/s-giovannini\/","display_name":"Sara Giovannini"},"relative_dates":{"created":"Publi\u00e9 4 ans il y a","modified":"Mis \u00e0 jour 2 ans il y a"},"absolute_dates":{"created":"Publi\u00e9 le 08 f\u00e9vrier 2022","modified":"Mise \u00e0 jour le 10 octobre 2024"},"absolute_dates_time":{"created":"Publi\u00e9 le 08 f\u00e9vrier 2022 5:27  ","modified":"Mise \u00e0 jour le 10 octobre 2024 2:59  "},"featured_img_caption":"","featured_img":"https:\/\/energy-cities.eu\/wp-content\/uploads\/2022\/02\/pexels-pixabay-2762051-scaled.jpg","_links":{"self":[{"href":"https:\/\/energy-cities.eu\/fr\/wp-json\/wp\/v2\/pages\/46199"}],"collection":[{"href":"https:\/\/energy-cities.eu\/fr\/wp-json\/wp\/v2\/pages"}],"about":[{"href":"https:\/\/energy-cities.eu\/fr\/wp-json\/wp\/v2\/types\/page"}],"author":[{"embeddable":true,"href":"https:\/\/energy-cities.eu\/fr\/wp-json\/wp\/v2\/users\/29"}],"replies":[{"embeddable":true,"href":"https:\/\/energy-cities.eu\/fr\/wp-json\/wp\/v2\/comments?post=46199"}],"version-history":[{"count":41,"href":"https:\/\/energy-cities.eu\/fr\/wp-json\/wp\/v2\/pages\/46199\/revisions"}],"predecessor-version":[{"id":81067,"href":"https:\/\/energy-cities.eu\/fr\/wp-json\/wp\/v2\/pages\/46199\/revisions\/81067"}],"wp:featuredmedia":[{"embeddable":true,"href":"https:\/\/energy-cities.eu\/fr\/wp-json\/wp\/v2\/media\/46213"}],"wp:attachment":[{"href":"https:\/\/energy-cities.eu\/fr\/wp-json\/wp\/v2\/media?parent=46199"}],"curies":[{"name":"wp","href":"https:\/\/api.w.org\/{rel}","templated":true}]}}