{"id":48238,"date":"2022-04-14T10:44:24","date_gmt":"2022-04-14T08:44:24","guid":{"rendered":"https:\/\/energy-cities.eu\/?page_id=48238"},"modified":"2022-04-19T12:03:26","modified_gmt":"2022-04-19T10:03:26","slug":"hubs","status":"publish","type":"page","link":"https:\/\/energy-cities.eu\/fr\/hubs\/","title":{"rendered":"Les Hubs d&rsquo;Energy Cities"},"content":{"rendered":"\n<p><strong><strong>Chez Energy Cities, nous sommes anim\u00e9\u00b7es par la volont\u00e9 de renforcer le r\u00f4le et les comp\u00e9tences des<\/strong> collectivit\u00e9s locales. <\/strong>Dans une optique d\u2019am\u00e9lioration continue de nos activit\u00e9s, nous offrons \u00e0 nos membres la possibilit\u00e9 de rejoindre et de contribuer \u00e0 5 Hubs th\u00e9matiques ! Ces Hubs traduisent notre vision et nos objectifs politiques en activit\u00e9s concr\u00e8tes, align\u00e9es sur <a href=\"https:\/\/energy-cities.eu\/publication\/agenda-for-a-transformative-decade\/\">notre Programme<\/a>. L\u2019objectif de ces Hubs est de structurer notre action autour d&rsquo;objectifs politiques strat\u00e9giques afin de produire un impact et acc\u00e9l\u00e9rer concr\u00e8tement les transitions urbaines dont nous avons besoin. <strong>Les Hubs d&rsquo;Energy Cities sont des espaces communautaires, d\u00e9di\u00e9s \u00e0 nos membres, qui nous aideront \u00e0 atteindre les impacts et objectifs recherch\u00e9s en :<\/strong><\/p>\n\n\n\n<ul><li><strong>encourageant<\/strong> les responsables locaux\u00b7ales \u00e0 cr\u00e9er des espaces de vie accessibles \u00e0 tous\u00b7tes <\/li><li><strong>donnant<\/strong> aux communaut\u00e9s locales les moyens de d\u00e9cider de leur propre avenir&nbsp;<\/li><li><strong>inspirant<\/strong> une communaut\u00e9 d&rsquo;apprentissage de villes<a> <\/a>engag\u00e9es dans la transformation de leur \u00e9conomie en une \u00e9conomie tourn\u00e9e vers l\u2019avenir<\/li><\/ul>\n\n\n\n<p>Nous avons identifi\u00e9 5 Hubs orient\u00e9s vers l\u2019action autour desquels seront organis\u00e9es toutes nos activit\u00e9s futures :<\/p>\n\n\n\r\n<div id=\"bloc-hubs\" class=\"pt-4 pb-4\">\r\n    <div class=\"container\">\r\n        <h2><\/h2>\r\n        <div class=\"col-12 p-0 my-4\"><\/div>\r\n        <div class=\"row justify-content-between\">\r\n            <a class=\"col-11 col-md-5 col-lg-2\" href=\"https:\/\/energy-cities.eu\/fr\/hub\/gouvernance-locale\/\" style=\"background-image: url(https:\/\/energy-cities.eu\/wp-content\/uploads\/2018\/12\/Brussels_alex-vasey-1136230-unsplash-2000x500.jpg); border-bottom: 45px solid #52a9ba;\"><div class=\"bg-black-overlay text-center align-middle\"><div class=\"title-hub\">Gouvernance locale<\/div><\/div><\/a><a class=\"col-11 col-md-5 col-lg-2\" href=\"https:\/\/energy-cities.eu\/fr\/hub\/villes-zero-carbone\/\" style=\"background-image: url(https:\/\/energy-cities.eu\/wp-content\/uploads\/2022\/03\/lauriane-betin-hDphpPjQqrU-unsplash-190x250.jpg); border-bottom: 45px solid #91deb5;\"><div class=\"bg-black-overlay text-center align-middle\"><div class=\"title-hub\">Villes z\u00e9ro carbone<\/div><\/div><\/a><a class=\"col-11 col-md-5 col-lg-2\" href=\"https:\/\/energy-cities.eu\/fr\/hub\/energie-citoyenne\/\" style=\"background-image: url(https:\/\/energy-cities.eu\/wp-content\/uploads\/2022\/03\/andres-siimon-fCv4k5aAZf4-unsplash-190x250.jpg); border-bottom: 45px solid #d11b67;\"><div class=\"bg-black-overlay text-center align-middle\"><div class=\"title-hub\">\u00c9nergie citoyenne<\/div><\/div><\/a><a class=\"col-11 col-md-5 col-lg-2\" href=\"https:\/\/energy-cities.eu\/fr\/hub\/alimentation-durable\/\" style=\"background-image: url(https:\/\/energy-cities.eu\/wp-content\/uploads\/2022\/03\/jordan-christian-TS2_ti0J1w8-unsplash-190x250.jpg); border-bottom: 45px solid #f79d84;\"><div class=\"bg-black-overlay text-center align-middle\"><div class=\"title-hub\">Alimentation durable<\/div><\/div><\/a><a class=\"col-11 col-md-5 col-lg-2\" href=\"https:\/\/energy-cities.eu\/fr\/hub\/economies-locales\/\" style=\"background-image: url(https:\/\/energy-cities.eu\/wp-content\/uploads\/2022\/03\/micheile-com-visual-stories-GrdAN0NEIKY-unsplash-190x250.jpg); border-bottom: 45px solid #e9d107;\"><div class=\"bg-black-overlay text-center align-middle\"><div class=\"title-hub\">\u00c9conomies justes<\/div><\/div><\/a>            \r\n        <\/div>\r\n    <\/div>      \r\n<\/div>\n\n\n<div style=\"height:30px\" aria-hidden=\"true\" class=\"wp-block-spacer\"><\/div>\n\n\n\n<p>Quatre types d&rsquo;activit\u00e9s seront propos\u00e9es \u00e0 nos membres dans chaque Hub :<\/p>\n\n\n\n<ul><li><strong>Quoi denEUF<\/strong> vise \u00e0 s&rsquo;assurer que nos membres sont r\u00e9guli\u00e8rement tenu\u00b7es inform\u00e9\u00b7es des derni\u00e8res nouveaut\u00e9s en mati\u00e8re de politique europ\u00e9enne. Par quels moyens ?<ul><li>Notes de synth\u00e8se \u00e0 l\u2019intention des maires et responsables politiques locaux\u00b7ales<\/li><li>Mise \u00e0 jour des activit\u00e9s et dossiers ayant trait aux politiques europ\u00e9ennes en rapport avec le th\u00e8me du Hub<\/li><\/ul><\/li><li><strong>LA VOIX DES MAIRES <\/strong>entend encourager un dialogue bas\u00e9 sur une confiance mutuelle entre les citoyen\u00b7nes, les responsables locaux\u00b7ales et les autorit\u00e9s europ\u00e9ennes et nationales. Par quels moyens ?<ul><li>Rencontres de haut niveau avec les commissaires europ\u00e9en\u00b7nes et les personnalit\u00e9s politiques influentes au niveau de l&rsquo;UE<\/li><li>Documents d\u2019orientation et discussion de propositions concr\u00e8tes en lien avec le(s) sujet(s) abord\u00e9(s) par le Hub<\/li><li>Discussions politiques entre maires<\/li><\/ul><\/li><li><strong>Le programme LES LEADERS DE LA TRANSITION <\/strong>entend inciter nos membres \u00e0 faire un effort suppl\u00e9mentaire ! Par quels moyens ?<ul><li>Modules d&rsquo;apprentissage en ligne comprenant des outils, des conseils, des webinaires, etc.<\/li><li>Formations en pr\u00e9sentiel, sessions de renforcement des capacit\u00e9s, universit\u00e9s d&rsquo;\u00e9t\u00e9, etc.<\/li><li>Sessions d&rsquo;apprentissage entre pairs, visites de terrain, \u00e9changes entre membres, etc.<\/li><\/ul><\/li><li><strong>MARKETPLACE <\/strong>vise \u00e0 faciliter l&rsquo;acc\u00e8s de nos membres aux financements europ\u00e9ens. Par quels moyens ?<ul><li>R\u00e9unions d&rsquo;information sur les principaux programmes de financement de l&rsquo;UE et sessions de mise en relation<\/li><li>Informations et veille sur les appels \u00e0 projets de l\u2019UE<\/li><li>\u00c9v\u00e9nements de mise en r\u00e9seau et moments d\u2019\u00e9change<\/li><\/ul><\/li><\/ul>\n\n\n\n<p>Energy Cities\u2019 members can join and benefit, free-of-charge, from all the activities of these five Hubs, aligned with our intervention systems and impact targets.<\/p>\n\n\n\n<h2>Qu&rsquo;est ce que cela change pour vous ?<\/h2>\n\n\n\n<p>Toutes nos activit\u00e9s seront organis\u00e9es autour de ces 5 Hubs. Concr\u00e8tement, cela signifie que nos villes membres pourront avoir plus d\u2019un\u00b7e repr\u00e9sentant\u00b7e aupr\u00e8s d\u2019Energy Cities, chacune pouvant \u00eatre repr\u00e9sent\u00e9e au sein de plusieurs hubs par des membres de son personnel choisi\u00b7es en fonction de leurs int\u00e9r\u00eats et de leur expertise. Les membres de chaque Hub pourront contacter les autres membres de ce m\u00eame Hub via notre plateforme communautaire.<\/p>\n\n\n\n<p>Notre communication sera \u00e9galement mieux cibl\u00e9e : les membres de chaque Hub recevront des mises \u00e0 jour r\u00e9guli\u00e8res portant uniquement sur le th\u00e8me du Hub dont iels font partie, leur \u00e9vitant ainsi d&rsquo;\u00eatre submerg\u00e9\u00b7es d&rsquo;informations.<\/p>\n\n\n\n<div class=\"wp-block-advgb-button alignright is-style-squared\"><a class=\"wp-block-advgb-button_link advgbbtn-3fee9f90-328e-4328-998b-5303047984d6\" href=\"https:\/\/energy-cities.eu\/fr\/rejoignez-les-hubs\/\" target=\"_self\" rel=\"noopener noreferrer\"><span>Pour en savoir plus<\/span><\/a><\/div>\n\n\n\n<div class=\"wp-container-1 wp-block-buttons\"><\/div>\n\n\n\n<div style=\"height:50px\" aria-hidden=\"true\" class=\"wp-block-spacer\"><\/div>\n\n\n\n<h2>\u00cates vous pr\u00eat\u00b7es \u00e0 vous lancer dans cette nouvelle aventure ?<\/h2>\n\n\n\n<p>Nos membres sont des villes diverses et vari\u00e9es, unies par la m\u00eame ambition et volont\u00e9 de partager des exp\u00e9riences. Notre force r\u00e9side dans l&rsquo;engagement de nos membres \u00e0 atteindre la neutralit\u00e9 climatique sur leur territoire d&rsquo;ici 2050 et \u00e0 aligner leur d\u00e9veloppement strat\u00e9gique local sur l&rsquo;Accord de Paris. La cr\u00e9ation d&rsquo;une communaut\u00e9 d&rsquo;apprentissage est un outil qui rend chacune de nos villes membres plus confiante dans son parcours de transition, parce que d&rsquo;autres villes l&rsquo;ont d\u00e9j\u00e0 fait, ou parce que les villes peuvent tester ensemble de nouvelles solutions.<\/p>\n\n\n\n<p>En rejoignant nos Hubs, vous ferez partie de notre communaut\u00e9 d&rsquo;apprentissage compos\u00e9e de praticien\u00b7nes locaux\u00b7ales issu\u00b7es de diff\u00e9rents milieux et domaines d&rsquo;expertise : \u00e9lu\u00b7es locaux\u00b7ales, technicien\u00b7nes et agent\u00b7es municipaux\u00b7ales, tous\u00b7tes partageant la m\u00eame vision. Nous encourageons&nbsp; un dialogue bas\u00e9 sur une confiance mutuelle entre les citoyen\u00b7nes, les responsables locaux\u00b7ales et les institutions europ\u00e9ennes et nationales pour acc\u00e9l\u00e9rer la transformation vers une Europe plus juste et climatiquement neutre. Nous nous engageons \u00e0 animer et \u00e0 donner de la visibilit\u00e9 \u00e0 cette communaut\u00e9 dynamique.<\/p>\n\n\n\n<div class=\"wp-block-advgb-button alignright is-style-squared\"><a class=\"wp-block-advgb-button_link advgbbtn-5afae60b-e3cf-46e4-ae4c-ed52429808ed\" href=\"https:\/\/energy-cities.eu\/fr\/rejoignez-les-hubs\/\" target=\"_self\" rel=\"noopener noreferrer\"><span>Rejoignez-nous!<\/span><\/a><\/div>\n<style class=\"advgb-styles-renderer\">.advgbbtn-3fee9f90-328e-4328-998b-5303047984d6{font-size:18px;color:#000000 !important;background-color:#ffe701 !important;margin:0px 0px 0px 0px !important;padding:10px 30px 10px 30px;border-width:1px !important;border-style:none;border-radius:0px !important;}.advgbbtn-3fee9f90-328e-4328-998b-5303047984d6:hover{color:#cf2e2e !important;box-shadow:1px 1px 12px 0px #ccc;opacity:1;transition:all 0.2s ease;}.advgbbtn-3fee9f90-328e-4328-998b-5303047984d6 > i {display: none !important;}.advgbbtn-5afae60b-e3cf-46e4-ae4c-ed52429808ed{font-size:18px;color:#000000 !important;background-color:#ffe701 !important;margin:0px 0px 0px 0px !important;padding:10px 30px 10px 30px;border-width:1px !important;border-style:none;border-radius:50px !important;}.advgbbtn-5afae60b-e3cf-46e4-ae4c-ed52429808ed:hover{color:#cf2e2e !important;box-shadow:1px 1px 12px 0px #ccc;opacity:1;transition:all 0.2s ease;}.advgbbtn-5afae60b-e3cf-46e4-ae4c-ed52429808ed > i {display: none !important;}<\/style>","protected":false},"excerpt":{"rendered":"<p>Chez Energy Cities, nous sommes anim\u00e9\u00b7es par la volont\u00e9 de renforcer le r\u00f4le et les comp\u00e9tences des collectivit\u00e9s locales. Dans une optique d\u2019am\u00e9lioration continue de <a href=\"https:\/\/energy-cities.eu\/fr\/hubs\/\">[\u2026]<\/a><\/p>\n","protected":false},"author":48,"featured_media":48420,"parent":0,"menu_order":0,"comment_status":"closed","ping_status":"closed","template":"","meta":{"advgb_blocks_editor_width":"","advgb_blocks_columns_visual_guide":"","ub_ctt_via":""},"acf":[],"featured_image_src":"https:\/\/energy-cities.eu\/wp-content\/uploads\/2022\/04\/pexels-sharon-mccutcheon-1428171-scaled.jpg","yoast_head":"<!-- This site is optimized with the Yoast SEO plugin v18.8 - https:\/\/yoast.com\/wordpress\/plugins\/seo\/ -->\n<title>Les Hubs d&#039;Energy Cities - Energy Cities<\/title>\n<meta name=\"robots\" content=\"index, follow, max-snippet:-1, max-image-preview:large, max-video-preview:-1\" \/>\n<link rel=\"canonical\" href=\"https:\/\/energy-cities.eu\/fr\/hubs\/\" \/>\n<meta property=\"og:locale\" content=\"fr_FR\" \/>\n<meta property=\"og:type\" content=\"article\" \/>\n<meta property=\"og:title\" content=\"Les Hubs d&#039;Energy Cities - Energy Cities\" \/>\n<meta property=\"og:description\" content=\"Chez Energy Cities, nous sommes anim\u00e9\u00b7es par la volont\u00e9 de renforcer le r\u00f4le et les comp\u00e9tences des collectivit\u00e9s locales. Dans une optique d\u2019am\u00e9lioration continue de [\u2026]\" \/>\n<meta property=\"og:url\" content=\"https:\/\/energy-cities.eu\/fr\/hubs\/\" \/>\n<meta property=\"og:site_name\" content=\"Energy Cities\" \/>\n<meta property=\"article:publisher\" content=\"https:\/\/www.facebook.com\/energycities.eu\/\" \/>\n<meta property=\"article:modified_time\" content=\"2022-04-19T10:03:26+00:00\" \/>\n<meta property=\"og:image\" content=\"https:\/\/energy-cities.eu\/wp-content\/uploads\/2022\/04\/pexels-sharon-mccutcheon-1428171-scaled.jpg\" \/>\n\t<meta property=\"og:image:width\" content=\"2560\" \/>\n\t<meta property=\"og:image:height\" content=\"1707\" \/>\n\t<meta property=\"og:image:type\" content=\"image\/jpeg\" \/>\n<meta name=\"twitter:card\" content=\"summary_large_image\" \/>\n<meta name=\"twitter:site\" content=\"@energycities\" \/>\n<meta name=\"twitter:label1\" content=\"Dur\u00e9e de lecture estim\u00e9e\" \/>\n\t<meta name=\"twitter:data1\" content=\"4 minutes\" \/>\n<script type=\"application\/ld+json\" class=\"yoast-schema-graph\">{\"@context\":\"https:\/\/schema.org\",\"@graph\":[{\"@type\":\"Organization\",\"@id\":\"https:\/\/energy-cities.eu\/fr\/#organization\",\"name\":\"Energy Cities\",\"url\":\"https:\/\/energy-cities.eu\/fr\/\",\"sameAs\":[\"https:\/\/www.facebook.com\/energycities.eu\/\",\"https:\/\/www.youtube.com\/channel\/UChIHn2wF76JzuTbAjSMs0hQ\",\"https:\/\/fr.wikipedia.org\/wiki\/Energy_Cities\",\"https:\/\/twitter.com\/energycities\"],\"logo\":{\"@type\":\"ImageObject\",\"inLanguage\":\"fr-FR\",\"@id\":\"https:\/\/energy-cities.eu\/fr\/#\/schema\/logo\/image\/\",\"url\":\"https:\/\/energy-cities.eu\/wp-content\/uploads\/2019\/07\/energy-cities-couleur.jpg\",\"contentUrl\":\"https:\/\/energy-cities.eu\/wp-content\/uploads\/2019\/07\/energy-cities-couleur.jpg\",\"width\":3508,\"height\":2587,\"caption\":\"Energy Cities\"},\"image\":{\"@id\":\"https:\/\/energy-cities.eu\/fr\/#\/schema\/logo\/image\/\"}},{\"@type\":\"WebSite\",\"@id\":\"https:\/\/energy-cities.eu\/fr\/#website\",\"url\":\"https:\/\/energy-cities.eu\/fr\/\",\"name\":\"Energy Cities\",\"description\":\" The European learning community for future-proof cities\",\"publisher\":{\"@id\":\"https:\/\/energy-cities.eu\/fr\/#organization\"},\"potentialAction\":[{\"@type\":\"SearchAction\",\"target\":{\"@type\":\"EntryPoint\",\"urlTemplate\":\"https:\/\/energy-cities.eu\/fr\/?s={search_term_string}\"},\"query-input\":\"required name=search_term_string\"}],\"inLanguage\":\"fr-FR\"},{\"@type\":\"ImageObject\",\"inLanguage\":\"fr-FR\",\"@id\":\"https:\/\/energy-cities.eu\/fr\/hubs\/#primaryimage\",\"url\":\"https:\/\/energy-cities.eu\/wp-content\/uploads\/2022\/04\/pexels-sharon-mccutcheon-1428171-scaled.jpg\",\"contentUrl\":\"https:\/\/energy-cities.eu\/wp-content\/uploads\/2022\/04\/pexels-sharon-mccutcheon-1428171-scaled.jpg\",\"width\":2560,\"height\":1707},{\"@type\":\"WebPage\",\"@id\":\"https:\/\/energy-cities.eu\/fr\/hubs\/#webpage\",\"url\":\"https:\/\/energy-cities.eu\/fr\/hubs\/\",\"name\":\"Les Hubs d'Energy Cities - Energy Cities\",\"isPartOf\":{\"@id\":\"https:\/\/energy-cities.eu\/fr\/#website\"},\"primaryImageOfPage\":{\"@id\":\"https:\/\/energy-cities.eu\/fr\/hubs\/#primaryimage\"},\"datePublished\":\"2022-04-14T08:44:24+00:00\",\"dateModified\":\"2022-04-19T10:03:26+00:00\",\"breadcrumb\":{\"@id\":\"https:\/\/energy-cities.eu\/fr\/hubs\/#breadcrumb\"},\"inLanguage\":\"fr-FR\",\"potentialAction\":[{\"@type\":\"ReadAction\",\"target\":[\"https:\/\/energy-cities.eu\/fr\/hubs\/\"]}]},{\"@type\":\"BreadcrumbList\",\"@id\":\"https:\/\/energy-cities.eu\/fr\/hubs\/#breadcrumb\",\"itemListElement\":[{\"@type\":\"ListItem\",\"position\":1,\"name\":\"Home\",\"item\":\"https:\/\/energy-cities.eu\/fr\/nous-sommes-un-reseau-europeen-blabla\/\"},{\"@type\":\"ListItem\",\"position\":2,\"name\":\"Les Hubs d&#8217;Energy Cities\"}]}]}<\/script>\n<!-- \/ Yoast SEO plugin. -->","yoast_head_json":{"title":"Les Hubs d'Energy Cities - Energy Cities","robots":{"index":"index","follow":"follow","max-snippet":"max-snippet:-1","max-image-preview":"max-image-preview:large","max-video-preview":"max-video-preview:-1"},"canonical":"https:\/\/energy-cities.eu\/fr\/hubs\/","og_locale":"fr_FR","og_type":"article","og_title":"Les Hubs d'Energy Cities - Energy Cities","og_description":"Chez Energy Cities, nous sommes anim\u00e9\u00b7es par la volont\u00e9 de renforcer le r\u00f4le et les comp\u00e9tences des collectivit\u00e9s locales. Dans une optique d\u2019am\u00e9lioration continue de [\u2026]","og_url":"https:\/\/energy-cities.eu\/fr\/hubs\/","og_site_name":"Energy Cities","article_publisher":"https:\/\/www.facebook.com\/energycities.eu\/","article_modified_time":"2022-04-19T10:03:26+00:00","og_image":[{"width":2560,"height":1707,"url":"https:\/\/energy-cities.eu\/wp-content\/uploads\/2022\/04\/pexels-sharon-mccutcheon-1428171-scaled.jpg","type":"image\/jpeg"}],"twitter_card":"summary_large_image","twitter_site":"@energycities","twitter_misc":{"Dur\u00e9e de lecture estim\u00e9e":"4 minutes"},"schema":{"@context":"https:\/\/schema.org","@graph":[{"@type":"Organization","@id":"https:\/\/energy-cities.eu\/fr\/#organization","name":"Energy Cities","url":"https:\/\/energy-cities.eu\/fr\/","sameAs":["https:\/\/www.facebook.com\/energycities.eu\/","https:\/\/www.youtube.com\/channel\/UChIHn2wF76JzuTbAjSMs0hQ","https:\/\/fr.wikipedia.org\/wiki\/Energy_Cities","https:\/\/twitter.com\/energycities"],"logo":{"@type":"ImageObject","inLanguage":"fr-FR","@id":"https:\/\/energy-cities.eu\/fr\/#\/schema\/logo\/image\/","url":"https:\/\/energy-cities.eu\/wp-content\/uploads\/2019\/07\/energy-cities-couleur.jpg","contentUrl":"https:\/\/energy-cities.eu\/wp-content\/uploads\/2019\/07\/energy-cities-couleur.jpg","width":3508,"height":2587,"caption":"Energy Cities"},"image":{"@id":"https:\/\/energy-cities.eu\/fr\/#\/schema\/logo\/image\/"}},{"@type":"WebSite","@id":"https:\/\/energy-cities.eu\/fr\/#website","url":"https:\/\/energy-cities.eu\/fr\/","name":"Energy Cities","description":" The European learning community for future-proof cities","publisher":{"@id":"https:\/\/energy-cities.eu\/fr\/#organization"},"potentialAction":[{"@type":"SearchAction","target":{"@type":"EntryPoint","urlTemplate":"https:\/\/energy-cities.eu\/fr\/?s={search_term_string}"},"query-input":"required name=search_term_string"}],"inLanguage":"fr-FR"},{"@type":"ImageObject","inLanguage":"fr-FR","@id":"https:\/\/energy-cities.eu\/fr\/hubs\/#primaryimage","url":"https:\/\/energy-cities.eu\/wp-content\/uploads\/2022\/04\/pexels-sharon-mccutcheon-1428171-scaled.jpg","contentUrl":"https:\/\/energy-cities.eu\/wp-content\/uploads\/2022\/04\/pexels-sharon-mccutcheon-1428171-scaled.jpg","width":2560,"height":1707},{"@type":"WebPage","@id":"https:\/\/energy-cities.eu\/fr\/hubs\/#webpage","url":"https:\/\/energy-cities.eu\/fr\/hubs\/","name":"Les Hubs d'Energy Cities - Energy Cities","isPartOf":{"@id":"https:\/\/energy-cities.eu\/fr\/#website"},"primaryImageOfPage":{"@id":"https:\/\/energy-cities.eu\/fr\/hubs\/#primaryimage"},"datePublished":"2022-04-14T08:44:24+00:00","dateModified":"2022-04-19T10:03:26+00:00","breadcrumb":{"@id":"https:\/\/energy-cities.eu\/fr\/hubs\/#breadcrumb"},"inLanguage":"fr-FR","potentialAction":[{"@type":"ReadAction","target":["https:\/\/energy-cities.eu\/fr\/hubs\/"]}]},{"@type":"BreadcrumbList","@id":"https:\/\/energy-cities.eu\/fr\/hubs\/#breadcrumb","itemListElement":[{"@type":"ListItem","position":1,"name":"Home","item":"https:\/\/energy-cities.eu\/fr\/nous-sommes-un-reseau-europeen-blabla\/"},{"@type":"ListItem","position":2,"name":"Les Hubs d&#8217;Energy Cities"}]}]}},"coauthors":[],"author_meta":{"author_link":"https:\/\/energy-cities.eu\/fr\/staff\/l-naigeon\/","display_name":"Laurent Naigeon"},"relative_dates":{"created":"Publi\u00e9 4 ans il y a","modified":"Mis \u00e0 jour 4 ans il y a"},"absolute_dates":{"created":"Publi\u00e9 le 14 avril 2022","modified":"Mise \u00e0 jour le 19 avril 2022"},"absolute_dates_time":{"created":"Publi\u00e9 le 14 avril 2022 10:44  ","modified":"Mise \u00e0 jour le 19 avril 2022 12:03  "},"featured_img_caption":"","featured_img":"https:\/\/energy-cities.eu\/wp-content\/uploads\/2022\/04\/pexels-sharon-mccutcheon-1428171-scaled.jpg","_links":{"self":[{"href":"https:\/\/energy-cities.eu\/fr\/wp-json\/wp\/v2\/pages\/48238"}],"collection":[{"href":"https:\/\/energy-cities.eu\/fr\/wp-json\/wp\/v2\/pages"}],"about":[{"href":"https:\/\/energy-cities.eu\/fr\/wp-json\/wp\/v2\/types\/page"}],"author":[{"embeddable":true,"href":"https:\/\/energy-cities.eu\/fr\/wp-json\/wp\/v2\/users\/48"}],"replies":[{"embeddable":true,"href":"https:\/\/energy-cities.eu\/fr\/wp-json\/wp\/v2\/comments?post=48238"}],"version-history":[{"count":9,"href":"https:\/\/energy-cities.eu\/fr\/wp-json\/wp\/v2\/pages\/48238\/revisions"}],"predecessor-version":[{"id":48450,"href":"https:\/\/energy-cities.eu\/fr\/wp-json\/wp\/v2\/pages\/48238\/revisions\/48450"}],"wp:featuredmedia":[{"embeddable":true,"href":"https:\/\/energy-cities.eu\/fr\/wp-json\/wp\/v2\/media\/48420"}],"wp:attachment":[{"href":"https:\/\/energy-cities.eu\/fr\/wp-json\/wp\/v2\/media?parent=48238"}],"curies":[{"name":"wp","href":"https:\/\/api.w.org\/{rel}","templated":true}]}}