{"id":48258,"date":"2022-04-14T14:46:03","date_gmt":"2022-04-14T12:46:03","guid":{"rendered":"https:\/\/energy-cities.eu\/?page_id=48258"},"modified":"2023-05-15T16:01:58","modified_gmt":"2023-05-15T14:01:58","slug":"rejoignez-les-hubs","status":"publish","type":"page","link":"https:\/\/energy-cities.eu\/fr\/rejoignez-les-hubs\/","title":{"rendered":"Rejoignez les Hubs !"},"content":{"rendered":"\n<p>Les Hubs d\u2019Energy Cities sont des espaces partag\u00e9s qui offrent aux leaders loca\u00b7ux\u00b7les l\u2019\u00e9nergie, les moyens et l\u2019inspiration d\u2019agir pour une Europe plus juste et climatiquement neutre.<\/p>\n\n\n\n<p>Nous offrons \u00e0 nos membres la possibilit\u00e9 de rejoindre et contribuer \u00e0 5 Hubs th\u00e9matiques, et ainsi de prendre part \u00e0 notre communaut\u00e9 d&rsquo;apprentissage et d&rsquo;\u00e9change de bonnes pratiques. Une communaut\u00e9 pluridisciplinaire issue de divers horizons, partageant le voeux commun d&rsquo;atteindre la neutralit\u00e9 carbone d&rsquo;ici 2050!<\/p>\n\n\n\n<div class=\"wp-block-columns is-not-stacked-on-mobile\">\n<div class=\"wp-block-column\">\n<figure class=\"wp-block-image\" id=\"block-575b15e0-f80f-4766-a412-c0c7a3b2fbbf\"><img src=\"https:\/\/energy-cities.eu\/wp-content\/uploads\/2022\/06\/Icon-HUB-1.png\" alt=\"This image has an empty alt attribute; its file name is Icon-HUB-1.png\"\/><\/figure>\n<\/div>\n\n\n\n<div class=\"wp-block-column\">\n<figure class=\"wp-block-image\" id=\"block-9c77727d-c0bc-468a-ac6a-a0b77f63f09a\"><img src=\"https:\/\/energy-cities.eu\/wp-content\/uploads\/2022\/06\/Icon-HUB-2.png\" alt=\"This image has an empty alt attribute; its file name is Icon-HUB-2.png\"\/><\/figure>\n<\/div>\n\n\n\n<div class=\"wp-block-column\">\n<figure class=\"wp-block-image\" id=\"block-51512c8b-79be-416d-81b1-85b53ec649a1\"><img src=\"https:\/\/energy-cities.eu\/wp-content\/uploads\/2022\/06\/Icon-HUB-3.png\" alt=\"This image has an empty alt attribute; its file name is Icon-HUB-3.png\"\/><\/figure>\n<\/div>\n\n\n\n<div class=\"wp-block-column\">\n<figure class=\"wp-block-image\" id=\"block-d7d2aaca-3bab-432b-82dc-8d55c6451175\"><img src=\"https:\/\/energy-cities.eu\/wp-content\/uploads\/2022\/06\/Icon-HUB-4.png\" alt=\"This image has an empty alt attribute; its file name is Icon-HUB-4.png\"\/><\/figure>\n<\/div>\n\n\n\n<div class=\"wp-block-column\">\n<figure class=\"wp-block-image\" id=\"block-c9169c1b-3bc4-4760-8adc-7d8f90abcd65\"><img src=\"https:\/\/energy-cities.eu\/wp-content\/uploads\/2022\/06\/Icon-HUB-5.png\" alt=\"This image has an empty alt attribute; its file name is Icon-HUB-5.png\"\/><\/figure>\n<\/div>\n<\/div>\n\n\n\n<div style=\"height:30px\" aria-hidden=\"true\" class=\"wp-block-spacer\"><\/div>\n\n\n\n<p class=\"has-text-align-center beige-message\"><strong>Rejoignez l&rsquo;aventure, rejoignez les Hubs !<\/strong><\/p>\n\n\n\n<div style=\"height:30px\" aria-hidden=\"true\" class=\"wp-block-spacer\"><\/div>\n\n\n\n<div class=\"wp-block-contact-form-7-contact-form-selector\"><div role=\"form\" class=\"wpcf7\" id=\"wpcf7-f48255-o1\" lang=\"en-US\" dir=\"ltr\">\n<div class=\"screen-reader-response\"><p role=\"status\" aria-live=\"polite\" aria-atomic=\"true\"><\/p> <ul><\/ul><\/div>\n<form action=\"\/fr\/wp-json\/wp\/v2\/pages\/48258#wpcf7-f48255-o1\" method=\"post\" class=\"wpcf7-form init\" novalidate=\"novalidate\" data-status=\"init\">\n<div style=\"display: none;\">\n<input type=\"hidden\" name=\"_wpcf7\" value=\"48255\" \/>\n<input type=\"hidden\" name=\"_wpcf7_version\" value=\"5.5.6\" \/>\n<input type=\"hidden\" name=\"_wpcf7_locale\" value=\"en_US\" \/>\n<input type=\"hidden\" name=\"_wpcf7_unit_tag\" value=\"wpcf7-f48255-o1\" \/>\n<input type=\"hidden\" name=\"_wpcf7_container_post\" value=\"0\" \/>\n<input type=\"hidden\" name=\"_wpcf7_posted_data_hash\" value=\"\" \/>\n<input type=\"hidden\" name=\"_wpcf7_recaptcha_response\" value=\"\" \/>\n<\/div>\n<p><b>A propos de vous<\/b><\/p>\n<p><label> Votre nom*<br \/>\n    <span class=\"wpcf7-form-control-wrap your-name\"><input type=\"text\" name=\"your-name\" value=\"\" size=\"40\" class=\"wpcf7-form-control wpcf7-text wpcf7-validates-as-required\" aria-required=\"true\" aria-invalid=\"false\" \/><\/span> <\/label><\/p>\n<p><label> Votre pr\u00e9nom*<br \/>\n    <span class=\"wpcf7-form-control-wrap your-firstname\"><input type=\"text\" name=\"your-firstname\" value=\"\" size=\"40\" class=\"wpcf7-form-control wpcf7-text wpcf7-validates-as-required\" aria-required=\"true\" aria-invalid=\"false\" \/><\/span> <\/label><\/p>\n<p><label> Votre e-mail*<br \/>\n    <span class=\"wpcf7-form-control-wrap your-email\"><input type=\"email\" name=\"your-email\" value=\"\" size=\"40\" class=\"wpcf7-form-control wpcf7-text wpcf7-email wpcf7-validates-as-required wpcf7-validates-as-email\" aria-required=\"true\" aria-invalid=\"false\" \/><\/span> <\/label><\/p>\n<p><label> Votre poste*<br \/>\n    <span class=\"wpcf7-form-control-wrap job-title\"><input type=\"text\" name=\"job-title\" value=\"\" size=\"40\" class=\"wpcf7-form-control wpcf7-text wpcf7-validates-as-required\" aria-required=\"true\" aria-invalid=\"false\" \/><\/span> <\/label><\/p>\n<p>&nbsp;<\/p>\n<p><b>Votre localisation<\/b><\/p>\n<p><label> Votre ville*<br \/>\n    <span class=\"wpcf7-form-control-wrap your-city\"><input type=\"text\" name=\"your-city\" value=\"\" size=\"40\" class=\"wpcf7-form-control wpcf7-text wpcf7-validates-as-required\" aria-required=\"true\" aria-invalid=\"false\" \/><\/span> <\/label><\/p>\n<p><label> Votre pays*<br \/>\n    <span class=\"wpcf7-form-control-wrap your-country\"><input type=\"text\" name=\"your-country\" value=\"\" size=\"40\" class=\"wpcf7-form-control wpcf7-text wpcf7-validates-as-required\" aria-required=\"true\" aria-invalid=\"false\" \/><\/span> <\/label><\/p>\n<p>&nbsp;<\/p>\n<p><b>Quel membre du r\u00e9seau Energy Cities repr\u00e9sentez-vous ?<\/b><\/p>\n<p><label> Votre organisation*<br \/>\n    <span class=\"wpcf7-form-control-wrap your-organisation\"><input type=\"text\" name=\"your-organisation\" value=\"\" size=\"40\" class=\"wpcf7-form-control wpcf7-text wpcf7-validates-as-required\" aria-required=\"true\" aria-invalid=\"false\" \/><\/span> <\/label><\/p>\n<p><label> Votre service*<br \/>\n    <span class=\"wpcf7-form-control-wrap job-department\"><input type=\"text\" name=\"job-department\" value=\"\" size=\"40\" class=\"wpcf7-form-control wpcf7-text wpcf7-validates-as-required\" aria-required=\"true\" aria-invalid=\"false\" \/><\/span> <\/label><\/p>\n<p style=\"color:red\"><i>Les champs marqu\u00e9s d'une * sont obligatoires.<\/i><\/p>\n<p>&nbsp;<\/p>\n<p><h4>Choisissez le(s) hub(s) que vous souhaitez rejoindre.<\/h4>\n<p><br\/><\/p>\n<p><b><span class=\"wpcf7-form-control-wrap HUB1\"><span class=\"wpcf7-form-control wpcf7-checkbox\"><span class=\"wpcf7-list-item first last\"><input type=\"checkbox\" name=\"HUB1[]\" value=\"Gouvernance au service du d\u00e9veloppement local durable\" \/><span class=\"wpcf7-list-item-label\">Gouvernance au service du d\u00e9veloppement local durable<\/span><\/span><\/span><\/span><\/b><\/p>\n<p><b><span class=\"wpcf7-form-control-wrap HUB2\"><span class=\"wpcf7-form-control wpcf7-checkbox\"><span class=\"wpcf7-list-item first last\"><input type=\"checkbox\" name=\"HUB2[]\" value=\"Villes et b\u00e2timents sans \u00e9nergies fossiles\" \/><span class=\"wpcf7-list-item-label\">Villes et b\u00e2timents sans \u00e9nergies fossiles<\/span><\/span><\/span><\/span><\/b><\/p>\n<p><b><span class=\"wpcf7-form-control-wrap HUB3\"><span class=\"wpcf7-form-control wpcf7-checkbox\"><span class=\"wpcf7-list-item first last\"><input type=\"checkbox\" name=\"HUB3[]\" value=\"Pour une \u00e9nergie citoyenne et renouvelable\" \/><span class=\"wpcf7-list-item-label\">Pour une \u00e9nergie citoyenne et renouvelable<\/span><\/span><\/span><\/span><\/b><\/p>\n<p><b><span class=\"wpcf7-form-control-wrap HUB4\"><span class=\"wpcf7-form-control wpcf7-checkbox\"><span class=\"wpcf7-list-item first last\"><input type=\"checkbox\" name=\"HUB4[]\" value=\"Syst\u00e8mes alimentaires r\u00e9silients\" \/><span class=\"wpcf7-list-item-label\">Syst\u00e8mes alimentaires r\u00e9silients<\/span><\/span><\/span><\/span><\/b><\/p>\n<p><b><span class=\"wpcf7-form-control-wrap HUB5\"><span class=\"wpcf7-form-control wpcf7-checkbox\"><span class=\"wpcf7-list-item first last\"><input type=\"checkbox\" name=\"HUB5[]\" value=\"Sobri\u00e9t\u00e9 et justice sociale au c\u0153ur de l\u2019\u00e9conomie locale\" \/><span class=\"wpcf7-list-item-label\">Sobri\u00e9t\u00e9 et justice sociale au c\u0153ur de l\u2019\u00e9conomie locale<\/span><\/span><\/span><\/span><\/b><\/p>\n<p>&nbsp;<br \/>\n-----<br \/>\n<span class=\"wpcf7-form-control-wrap GDPR\"><span class=\"wpcf7-form-control wpcf7-checkbox wpcf7-validates-as-required\"><span class=\"wpcf7-list-item first last\"><input type=\"checkbox\" name=\"GDPR[]\" value=\"En rejoignant les Hubs Energy Cities, je donne mon accord pour recevoir des informations et des communications concernant les activit\u00e9s couvertes par le ou les hubs auxquels je souscris, ainsi que la newsletter mensuelle d&#039;Energy Cities. Je donne express\u00e9ment mon consentement pour rejoindre l&#039;espace collaboratif des Hubs, pour avoir acc\u00e8s \u00e0 ses contenus et \u00e9changer avec les autres membres. Je donne express\u00e9ment mon accord pour partager mes coordonn\u00e9es de contact avec les autres membres inscrits sur l&#039;espace collaboratif. Je suis inform\u00e9.e et comprend que mes donn\u00e9es seront utilis\u00e9es par Energy Cities; uniquement dans le cadre des activit\u00e9s li\u00e9es \u00e0 l&#039;activit\u00e9 du ou des Hubs auxquels j&#039;ai souscrit. Ces donn\u00e9es ne seront ni revendues, ni utilis\u00e9es \u00e0 quelque autres fins que celles explicit\u00e9es pr\u00e9c\u00e9demment. Je suis inform\u00e9.e que je peux me d\u00e9sinscrire d&#039;un ou plusieurs hubs et des newsletters Energy Cities \u00e0 tout moment, et demander \u00e0 \u00eatre radi\u00e9.e de l&#039;espace collaboratif des hubs \u00e0 tout moment. Pour plus d&#039;informations, merci de vous reporter \u00e0 la politique de confidentialit\u00e9 d&#039;Energy Cities.\" \/><span class=\"wpcf7-list-item-label\">En rejoignant les Hubs Energy Cities, je donne mon accord pour recevoir des informations et des communications concernant les activit\u00e9s couvertes par le ou les hubs auxquels je souscris, ainsi que la newsletter mensuelle d&#039;Energy Cities. Je donne express\u00e9ment mon consentement pour rejoindre l&#039;espace collaboratif des Hubs, pour avoir acc\u00e8s \u00e0 ses contenus et \u00e9changer avec les autres membres. Je donne express\u00e9ment mon accord pour partager mes coordonn\u00e9es de contact avec les autres membres inscrits sur l&#039;espace collaboratif. Je suis inform\u00e9.e et comprend que mes donn\u00e9es seront utilis\u00e9es par Energy Cities; uniquement dans le cadre des activit\u00e9s li\u00e9es \u00e0 l&#039;activit\u00e9 du ou des Hubs auxquels j&#039;ai souscrit. Ces donn\u00e9es ne seront ni revendues, ni utilis\u00e9es \u00e0 quelque autres fins que celles explicit\u00e9es pr\u00e9c\u00e9demment. Je suis inform\u00e9.e que je peux me d\u00e9sinscrire d&#039;un ou plusieurs hubs et des newsletters Energy Cities \u00e0 tout moment, et demander \u00e0 \u00eatre radi\u00e9.e de l&#039;espace collaboratif des hubs \u00e0 tout moment. Pour plus d&#039;informations, merci de vous reporter \u00e0 la politique de confidentialit\u00e9 d&#039;Energy Cities.<\/span><\/span><\/span><\/span><\/p>\n<div class=\"text-center\"><input type=\"submit\" value=\"Rejoindre les hubs\" class=\"wpcf7-form-control has-spinner wpcf7-submit btn btn-ec\" \/><\/div>\n<div class=\"wpcf7-response-output\" aria-hidden=\"true\"><\/div><\/form><\/div><\/div>\n\n\n\n<div style=\"height:100px\" aria-hidden=\"true\" class=\"wp-block-spacer\"><\/div>\n","protected":false},"excerpt":{"rendered":"<p>Les Hubs d\u2019Energy Cities sont des espaces partag\u00e9s qui offrent aux leaders loca\u00b7ux\u00b7les l\u2019\u00e9nergie, les moyens et l\u2019inspiration d\u2019agir pour une Europe plus juste et <a href=\"https:\/\/energy-cities.eu\/fr\/rejoignez-les-hubs\/\">[\u2026]<\/a><\/p>\n","protected":false},"author":47,"featured_media":48147,"parent":0,"menu_order":0,"comment_status":"closed","ping_status":"closed","template":"","meta":{"advgb_blocks_editor_width":"","advgb_blocks_columns_visual_guide":"","ub_ctt_via":""},"acf":[],"featured_image_src":"https:\/\/energy-cities.eu\/wp-content\/uploads\/2022\/04\/nerea-marti-sesarino-_NpSkRaTy0A-unsplash-scaled.jpg","yoast_head":"<!-- This site is optimized with the Yoast SEO plugin v18.8 - https:\/\/yoast.com\/wordpress\/plugins\/seo\/ -->\n<title>Rejoignez les Hubs ! - Energy Cities<\/title>\n<meta name=\"robots\" content=\"index, follow, max-snippet:-1, max-image-preview:large, max-video-preview:-1\" \/>\n<link rel=\"canonical\" href=\"https:\/\/energy-cities.eu\/fr\/rejoignez-les-hubs\/\" \/>\n<meta property=\"og:locale\" content=\"fr_FR\" \/>\n<meta property=\"og:type\" content=\"article\" \/>\n<meta property=\"og:title\" content=\"Rejoignez les Hubs ! - Energy Cities\" \/>\n<meta property=\"og:description\" content=\"Les Hubs d\u2019Energy Cities sont des espaces partag\u00e9s qui offrent aux leaders loca\u00b7ux\u00b7les l\u2019\u00e9nergie, les moyens et l\u2019inspiration d\u2019agir pour une Europe plus juste et [\u2026]\" \/>\n<meta property=\"og:url\" content=\"https:\/\/energy-cities.eu\/fr\/rejoignez-les-hubs\/\" \/>\n<meta property=\"og:site_name\" content=\"Energy Cities\" \/>\n<meta property=\"article:publisher\" content=\"https:\/\/www.facebook.com\/energycities.eu\/\" \/>\n<meta property=\"article:modified_time\" content=\"2023-05-15T14:01:58+00:00\" \/>\n<meta property=\"og:image\" content=\"https:\/\/energy-cities.eu\/wp-content\/uploads\/2022\/04\/nerea-marti-sesarino-_NpSkRaTy0A-unsplash-scaled.jpg\" \/>\n\t<meta property=\"og:image:width\" content=\"2560\" \/>\n\t<meta property=\"og:image:height\" content=\"1707\" \/>\n\t<meta property=\"og:image:type\" content=\"image\/jpeg\" \/>\n<meta name=\"twitter:card\" content=\"summary_large_image\" \/>\n<meta name=\"twitter:site\" content=\"@energycities\" \/>\n<meta name=\"twitter:label1\" content=\"Dur\u00e9e de lecture estim\u00e9e\" \/>\n\t<meta name=\"twitter:data1\" content=\"2 minutes\" \/>\n<script type=\"application\/ld+json\" class=\"yoast-schema-graph\">{\"@context\":\"https:\/\/schema.org\",\"@graph\":[{\"@type\":\"Organization\",\"@id\":\"https:\/\/energy-cities.eu\/fr\/#organization\",\"name\":\"Energy Cities\",\"url\":\"https:\/\/energy-cities.eu\/fr\/\",\"sameAs\":[\"https:\/\/www.facebook.com\/energycities.eu\/\",\"https:\/\/www.youtube.com\/channel\/UChIHn2wF76JzuTbAjSMs0hQ\",\"https:\/\/fr.wikipedia.org\/wiki\/Energy_Cities\",\"https:\/\/twitter.com\/energycities\"],\"logo\":{\"@type\":\"ImageObject\",\"inLanguage\":\"fr-FR\",\"@id\":\"https:\/\/energy-cities.eu\/fr\/#\/schema\/logo\/image\/\",\"url\":\"https:\/\/energy-cities.eu\/wp-content\/uploads\/2019\/07\/energy-cities-couleur.jpg\",\"contentUrl\":\"https:\/\/energy-cities.eu\/wp-content\/uploads\/2019\/07\/energy-cities-couleur.jpg\",\"width\":3508,\"height\":2587,\"caption\":\"Energy Cities\"},\"image\":{\"@id\":\"https:\/\/energy-cities.eu\/fr\/#\/schema\/logo\/image\/\"}},{\"@type\":\"WebSite\",\"@id\":\"https:\/\/energy-cities.eu\/fr\/#website\",\"url\":\"https:\/\/energy-cities.eu\/fr\/\",\"name\":\"Energy Cities\",\"description\":\" The European learning community for future-proof cities\",\"publisher\":{\"@id\":\"https:\/\/energy-cities.eu\/fr\/#organization\"},\"potentialAction\":[{\"@type\":\"SearchAction\",\"target\":{\"@type\":\"EntryPoint\",\"urlTemplate\":\"https:\/\/energy-cities.eu\/fr\/?s={search_term_string}\"},\"query-input\":\"required name=search_term_string\"}],\"inLanguage\":\"fr-FR\"},{\"@type\":\"ImageObject\",\"inLanguage\":\"fr-FR\",\"@id\":\"https:\/\/energy-cities.eu\/fr\/rejoignez-les-hubs\/#primaryimage\",\"url\":\"https:\/\/energy-cities.eu\/wp-content\/uploads\/2022\/04\/nerea-marti-sesarino-_NpSkRaTy0A-unsplash-scaled.jpg\",\"contentUrl\":\"https:\/\/energy-cities.eu\/wp-content\/uploads\/2022\/04\/nerea-marti-sesarino-_NpSkRaTy0A-unsplash-scaled.jpg\",\"width\":2560,\"height\":1707},{\"@type\":\"WebPage\",\"@id\":\"https:\/\/energy-cities.eu\/fr\/rejoignez-les-hubs\/#webpage\",\"url\":\"https:\/\/energy-cities.eu\/fr\/rejoignez-les-hubs\/\",\"name\":\"Rejoignez les Hubs ! - Energy Cities\",\"isPartOf\":{\"@id\":\"https:\/\/energy-cities.eu\/fr\/#website\"},\"primaryImageOfPage\":{\"@id\":\"https:\/\/energy-cities.eu\/fr\/rejoignez-les-hubs\/#primaryimage\"},\"datePublished\":\"2022-04-14T12:46:03+00:00\",\"dateModified\":\"2023-05-15T14:01:58+00:00\",\"breadcrumb\":{\"@id\":\"https:\/\/energy-cities.eu\/fr\/rejoignez-les-hubs\/#breadcrumb\"},\"inLanguage\":\"fr-FR\",\"potentialAction\":[{\"@type\":\"ReadAction\",\"target\":[\"https:\/\/energy-cities.eu\/fr\/rejoignez-les-hubs\/\"]}]},{\"@type\":\"BreadcrumbList\",\"@id\":\"https:\/\/energy-cities.eu\/fr\/rejoignez-les-hubs\/#breadcrumb\",\"itemListElement\":[{\"@type\":\"ListItem\",\"position\":1,\"name\":\"Home\",\"item\":\"https:\/\/energy-cities.eu\/fr\/nous-sommes-un-reseau-europeen-blabla\/\"},{\"@type\":\"ListItem\",\"position\":2,\"name\":\"Rejoignez les Hubs !\"}]}]}<\/script>\n<!-- \/ Yoast SEO plugin. -->","yoast_head_json":{"title":"Rejoignez les Hubs ! - Energy Cities","robots":{"index":"index","follow":"follow","max-snippet":"max-snippet:-1","max-image-preview":"max-image-preview:large","max-video-preview":"max-video-preview:-1"},"canonical":"https:\/\/energy-cities.eu\/fr\/rejoignez-les-hubs\/","og_locale":"fr_FR","og_type":"article","og_title":"Rejoignez les Hubs ! - Energy Cities","og_description":"Les Hubs d\u2019Energy Cities sont des espaces partag\u00e9s qui offrent aux leaders loca\u00b7ux\u00b7les l\u2019\u00e9nergie, les moyens et l\u2019inspiration d\u2019agir pour une Europe plus juste et [\u2026]","og_url":"https:\/\/energy-cities.eu\/fr\/rejoignez-les-hubs\/","og_site_name":"Energy Cities","article_publisher":"https:\/\/www.facebook.com\/energycities.eu\/","article_modified_time":"2023-05-15T14:01:58+00:00","og_image":[{"width":2560,"height":1707,"url":"https:\/\/energy-cities.eu\/wp-content\/uploads\/2022\/04\/nerea-marti-sesarino-_NpSkRaTy0A-unsplash-scaled.jpg","type":"image\/jpeg"}],"twitter_card":"summary_large_image","twitter_site":"@energycities","twitter_misc":{"Dur\u00e9e de lecture estim\u00e9e":"2 minutes"},"schema":{"@context":"https:\/\/schema.org","@graph":[{"@type":"Organization","@id":"https:\/\/energy-cities.eu\/fr\/#organization","name":"Energy Cities","url":"https:\/\/energy-cities.eu\/fr\/","sameAs":["https:\/\/www.facebook.com\/energycities.eu\/","https:\/\/www.youtube.com\/channel\/UChIHn2wF76JzuTbAjSMs0hQ","https:\/\/fr.wikipedia.org\/wiki\/Energy_Cities","https:\/\/twitter.com\/energycities"],"logo":{"@type":"ImageObject","inLanguage":"fr-FR","@id":"https:\/\/energy-cities.eu\/fr\/#\/schema\/logo\/image\/","url":"https:\/\/energy-cities.eu\/wp-content\/uploads\/2019\/07\/energy-cities-couleur.jpg","contentUrl":"https:\/\/energy-cities.eu\/wp-content\/uploads\/2019\/07\/energy-cities-couleur.jpg","width":3508,"height":2587,"caption":"Energy Cities"},"image":{"@id":"https:\/\/energy-cities.eu\/fr\/#\/schema\/logo\/image\/"}},{"@type":"WebSite","@id":"https:\/\/energy-cities.eu\/fr\/#website","url":"https:\/\/energy-cities.eu\/fr\/","name":"Energy Cities","description":" The European learning community for future-proof cities","publisher":{"@id":"https:\/\/energy-cities.eu\/fr\/#organization"},"potentialAction":[{"@type":"SearchAction","target":{"@type":"EntryPoint","urlTemplate":"https:\/\/energy-cities.eu\/fr\/?s={search_term_string}"},"query-input":"required name=search_term_string"}],"inLanguage":"fr-FR"},{"@type":"ImageObject","inLanguage":"fr-FR","@id":"https:\/\/energy-cities.eu\/fr\/rejoignez-les-hubs\/#primaryimage","url":"https:\/\/energy-cities.eu\/wp-content\/uploads\/2022\/04\/nerea-marti-sesarino-_NpSkRaTy0A-unsplash-scaled.jpg","contentUrl":"https:\/\/energy-cities.eu\/wp-content\/uploads\/2022\/04\/nerea-marti-sesarino-_NpSkRaTy0A-unsplash-scaled.jpg","width":2560,"height":1707},{"@type":"WebPage","@id":"https:\/\/energy-cities.eu\/fr\/rejoignez-les-hubs\/#webpage","url":"https:\/\/energy-cities.eu\/fr\/rejoignez-les-hubs\/","name":"Rejoignez les Hubs ! - Energy Cities","isPartOf":{"@id":"https:\/\/energy-cities.eu\/fr\/#website"},"primaryImageOfPage":{"@id":"https:\/\/energy-cities.eu\/fr\/rejoignez-les-hubs\/#primaryimage"},"datePublished":"2022-04-14T12:46:03+00:00","dateModified":"2023-05-15T14:01:58+00:00","breadcrumb":{"@id":"https:\/\/energy-cities.eu\/fr\/rejoignez-les-hubs\/#breadcrumb"},"inLanguage":"fr-FR","potentialAction":[{"@type":"ReadAction","target":["https:\/\/energy-cities.eu\/fr\/rejoignez-les-hubs\/"]}]},{"@type":"BreadcrumbList","@id":"https:\/\/energy-cities.eu\/fr\/rejoignez-les-hubs\/#breadcrumb","itemListElement":[{"@type":"ListItem","position":1,"name":"Home","item":"https:\/\/energy-cities.eu\/fr\/nous-sommes-un-reseau-europeen-blabla\/"},{"@type":"ListItem","position":2,"name":"Rejoignez les Hubs !"}]}]}},"coauthors":[],"author_meta":{"author_link":"https:\/\/energy-cities.eu\/fr\/staff\/admin-ec\/","display_name":"Admin EC"},"relative_dates":{"created":"Publi\u00e9 4 ans il y a","modified":"Mis \u00e0 jour 3 ans il y a"},"absolute_dates":{"created":"Publi\u00e9 le 14 avril 2022","modified":"Mise \u00e0 jour le 15 mai 2023"},"absolute_dates_time":{"created":"Publi\u00e9 le 14 avril 2022 2:46  ","modified":"Mise \u00e0 jour le 15 mai 2023 4:01  "},"featured_img_caption":"","featured_img":"https:\/\/energy-cities.eu\/wp-content\/uploads\/2022\/04\/nerea-marti-sesarino-_NpSkRaTy0A-unsplash-scaled.jpg","_links":{"self":[{"href":"https:\/\/energy-cities.eu\/fr\/wp-json\/wp\/v2\/pages\/48258"}],"collection":[{"href":"https:\/\/energy-cities.eu\/fr\/wp-json\/wp\/v2\/pages"}],"about":[{"href":"https:\/\/energy-cities.eu\/fr\/wp-json\/wp\/v2\/types\/page"}],"author":[{"embeddable":true,"href":"https:\/\/energy-cities.eu\/fr\/wp-json\/wp\/v2\/users\/47"}],"replies":[{"embeddable":true,"href":"https:\/\/energy-cities.eu\/fr\/wp-json\/wp\/v2\/comments?post=48258"}],"version-history":[{"count":9,"href":"https:\/\/energy-cities.eu\/fr\/wp-json\/wp\/v2\/pages\/48258\/revisions"}],"predecessor-version":[{"id":63693,"href":"https:\/\/energy-cities.eu\/fr\/wp-json\/wp\/v2\/pages\/48258\/revisions\/63693"}],"wp:featuredmedia":[{"embeddable":true,"href":"https:\/\/energy-cities.eu\/fr\/wp-json\/wp\/v2\/media\/48147"}],"wp:attachment":[{"href":"https:\/\/energy-cities.eu\/fr\/wp-json\/wp\/v2\/media?parent=48258"}],"curies":[{"name":"wp","href":"https:\/\/api.w.org\/{rel}","templated":true}]}}