{"id":48549,"date":"2022-04-20T17:15:30","date_gmt":"2022-04-20T15:15:30","guid":{"rendered":"https:\/\/energy-cities.eu\/?page_id=48549"},"modified":"2022-04-20T17:33:15","modified_gmt":"2022-04-20T15:33:15","slug":"gestion-des-hubs","status":"publish","type":"page","link":"https:\/\/energy-cities.eu\/fr\/gestion-des-hubs\/","title":{"rendered":"Gestion des Hubs Energy Cities"},"content":{"rendered":"\n<p>A l&rsquo;aide du formulaire ci-dessous, vous pouvez mettre \u00e0 jour la liste des Hub(s) au(x)quel(s) vous participez.<\/p>\n\n\n\n<p class=\"has-text-align-center light-red-message\">Si<strong> vous n&rsquo;avez pas encore souscrit pour rejoindre les Hubs Energy Cities, rendez)vous d&rsquo;abord sur <a href=\"https:\/\/energy-cities.eu\/fr\/rejoignez-les-hubs\/\">cette page.<\/a><\/strong><\/p>\n\n\n\n<div style=\"height:30px\" aria-hidden=\"true\" class=\"wp-block-spacer\"><\/div>\n\n\n\n<div class=\"wp-block-contact-form-7-contact-form-selector\"><div role=\"form\" class=\"wpcf7\" id=\"wpcf7-f48555-o1\" lang=\"en-US\" dir=\"ltr\">\n<div class=\"screen-reader-response\"><p role=\"status\" aria-live=\"polite\" aria-atomic=\"true\"><\/p> <ul><\/ul><\/div>\n<form action=\"\/fr\/wp-json\/wp\/v2\/pages\/48549#wpcf7-f48555-o1\" method=\"post\" class=\"wpcf7-form init\" novalidate=\"novalidate\" data-status=\"init\">\n<div style=\"display: none;\">\n<input type=\"hidden\" name=\"_wpcf7\" value=\"48555\" \/>\n<input type=\"hidden\" name=\"_wpcf7_version\" value=\"5.5.6\" \/>\n<input type=\"hidden\" name=\"_wpcf7_locale\" value=\"en_US\" \/>\n<input type=\"hidden\" name=\"_wpcf7_unit_tag\" value=\"wpcf7-f48555-o1\" \/>\n<input type=\"hidden\" name=\"_wpcf7_container_post\" value=\"0\" \/>\n<input type=\"hidden\" name=\"_wpcf7_posted_data_hash\" value=\"\" \/>\n<input type=\"hidden\" name=\"_wpcf7_recaptcha_response\" value=\"\" \/>\n<\/div>\n<p><b>Merci de saisir dans ce champ l'adresse e-mail que vous avez fourni pour rejoindre les Hubs<\/b><\/p>\n<table width=100%>\n<tr>\n<td>\n<label> Votre e-mail*<br \/>\n    <span class=\"wpcf7-form-control-wrap your-email\"><input type=\"email\" name=\"your-email\" value=\"\" size=\"40\" class=\"wpcf7-form-control wpcf7-text wpcf7-email wpcf7-validates-as-required wpcf7-validates-as-email\" aria-required=\"true\" aria-invalid=\"false\" \/><\/span> <\/label>\n<\/td>\n<\/tr>\n<\/table>\n<p style=\"color:red\"><i>Les champs marqu\u00e9s d'une * sont obligatoires.<\/i><\/p>\n<p>&nbsp;<\/p>\n<p><h4>Indiquez le(s) Hub(s) dont vous souhaitez faire partie. Vous pouvez s\u00e9lectionner un ou plusieurs Hubs.<\/h4>\n<p><br\/><\/p>\n<p><b>\"Gouvernance au service du d\u00e9veloppement local durable\" <span class=\"wpcf7-form-control-wrap Hub1\"><select name=\"Hub1\" class=\"wpcf7-form-control wpcf7-select\" aria-invalid=\"false\"><option value=\"Non\">Non<\/option><option value=\"Oui\">Oui<\/option><\/select><\/span> <\/b><\/p>\n<p style=\"color:grey;\"><i>Etablir des partenariats locaux \u00e0 long terme, et tester des processus d\u00e9cisionnels participatifs pour transformer les \u00e9cosyst\u00e8mes locaux.<br \/>\n<\/i><\/p>\n<p><br\/><\/p>\n<p><b> \"Villes et b\u00e2timents sans \u00e9nergies fossiles\" <span class=\"wpcf7-form-control-wrap Hub2\"><select name=\"Hub2\" class=\"wpcf7-form-control wpcf7-select\" aria-invalid=\"false\"><option value=\"Non\">Non<\/option><option value=\"Oui\">Oui<\/option><\/select><\/span><\/b><\/p>\n<p style=\"color:grey;\"><i>Assurer la stabilit\u00e9 de notre syst\u00e8me \u00e9nerg\u00e9tique \u00e0 travers la diversification des sources d'\u00e9nergie renouvelables, un service public de l'\u00e9nergie fort, et l'am\u00e9lioration de l'autonomie et de l'efficacit\u00e9 \u00e9nerg\u00e9tique.<br \/>\n<\/i><\/p>\n<p><br\/><\/p>\n<p><b>\"Pour une \u00e9nergie citoyenne et renouvelable\" <span class=\"wpcf7-form-control-wrap Hub3\"><select name=\"Hub3\" class=\"wpcf7-form-control wpcf7-select\" aria-invalid=\"false\"><option value=\"Non\">Non<\/option><option value=\"Oui\">Oui<\/option><\/select><\/span><\/b><\/p>\n<p style=\"color:grey;\"><i>Fournir aux villes des outils pour am\u00e9liorer leur production locale d'\u00e9nergies renouvelables.<br \/>\n<\/i><\/p>\n<p><br\/><\/p>\n<p><b>\"Syst\u00e8mes alimentaires r\u00e9silients\" <span class=\"wpcf7-form-control-wrap Hub4\"><select name=\"Hub4\" class=\"wpcf7-form-control wpcf7-select\" aria-invalid=\"false\"><option value=\"Non\">Non<\/option><option value=\"Oui\">Oui<\/option><\/select><\/span><\/b><\/p>\n<p style=\"color:grey;\"><i>Explorons des moyens et des strat\u00e9gies pour booster la transition vers des syst\u00e8mes alimentaires durables et r\u00e9silients.<br \/>\n<\/i><\/p>\n<p><br\/><\/p>\n<p><b>\"Sobri\u00e9t\u00e9 et justice sociale au c\u0153ur de l\u2019\u00e9conomie locale\" <span class=\"wpcf7-form-control-wrap Hub5\"><select name=\"Hub5\" class=\"wpcf7-form-control wpcf7-select\" aria-invalid=\"false\"><option value=\"Non\">Non<\/option><option value=\"Oui\">Oui<\/option><\/select><\/span><\/b><\/p>\n<p style=\"color:grey;\"><i>Repenser les mod\u00e8les \u00e9conomiques et sociaux \u00e0 partir de la r\u00e9g\u00e9n\u00e9ration des ressources locales, pour assurer l'\u00e9quit\u00e9 et renforcer la solidarit\u00e9.<br \/>\n<\/i><\/p>\n<\/p>\n<div class=\"text-center\"><input type=\"submit\" value=\"Mettre \u00e0 jour\" class=\"wpcf7-form-control has-spinner wpcf7-submit btn btn-ec\" \/><\/div>\n<div class=\"wpcf7-response-output\" aria-hidden=\"true\"><\/div><\/form><\/div><\/div>\n\n\n\n<div style=\"height:30px\" aria-hidden=\"true\" class=\"wp-block-spacer\"><\/div>\n","protected":false},"excerpt":{"rendered":"<p>A l&rsquo;aide du formulaire ci-dessous, vous pouvez mettre \u00e0 jour la liste des Hub(s) au(x)quel(s) vous participez. Si vous n&rsquo;avez pas encore souscrit pour rejoindre <a href=\"https:\/\/energy-cities.eu\/fr\/gestion-des-hubs\/\">[\u2026]<\/a><\/p>\n","protected":false},"author":47,"featured_media":48522,"parent":0,"menu_order":0,"comment_status":"closed","ping_status":"closed","template":"","meta":{"advgb_blocks_editor_width":"","advgb_blocks_columns_visual_guide":"","ub_ctt_via":""},"acf":[],"featured_image_src":"https:\/\/energy-cities.eu\/wp-content\/uploads\/2022\/04\/bert-b-3iv6ABEb3yU-unsplash-scaled.jpg","yoast_head":"<!-- This site is optimized with the Yoast SEO plugin v18.8 - https:\/\/yoast.com\/wordpress\/plugins\/seo\/ -->\n<title>Gestion des Hubs Energy Cities - Energy Cities<\/title>\n<meta name=\"robots\" content=\"index, follow, max-snippet:-1, max-image-preview:large, max-video-preview:-1\" \/>\n<link rel=\"canonical\" href=\"https:\/\/energy-cities.eu\/fr\/gestion-des-hubs\/\" \/>\n<meta property=\"og:locale\" content=\"fr_FR\" \/>\n<meta property=\"og:type\" content=\"article\" \/>\n<meta property=\"og:title\" content=\"Gestion des Hubs Energy Cities - Energy Cities\" \/>\n<meta property=\"og:description\" content=\"A l&rsquo;aide du formulaire ci-dessous, vous pouvez mettre \u00e0 jour la liste des Hub(s) au(x)quel(s) vous participez. Si vous n&rsquo;avez pas encore souscrit pour rejoindre [\u2026]\" \/>\n<meta property=\"og:url\" content=\"https:\/\/energy-cities.eu\/fr\/gestion-des-hubs\/\" \/>\n<meta property=\"og:site_name\" content=\"Energy Cities\" \/>\n<meta property=\"article:publisher\" content=\"https:\/\/www.facebook.com\/energycities.eu\/\" \/>\n<meta property=\"article:modified_time\" content=\"2022-04-20T15:33:15+00:00\" \/>\n<meta property=\"og:image\" content=\"https:\/\/energy-cities.eu\/wp-content\/uploads\/2022\/04\/bert-b-3iv6ABEb3yU-unsplash-scaled.jpg\" \/>\n\t<meta property=\"og:image:width\" content=\"2560\" \/>\n\t<meta property=\"og:image:height\" content=\"1705\" \/>\n\t<meta property=\"og:image:type\" content=\"image\/jpeg\" \/>\n<meta name=\"twitter:card\" content=\"summary_large_image\" \/>\n<meta name=\"twitter:site\" content=\"@energycities\" \/>\n<meta name=\"twitter:label1\" content=\"Dur\u00e9e de lecture estim\u00e9e\" \/>\n\t<meta name=\"twitter:data1\" content=\"1 minute\" \/>\n<script type=\"application\/ld+json\" class=\"yoast-schema-graph\">{\"@context\":\"https:\/\/schema.org\",\"@graph\":[{\"@type\":\"Organization\",\"@id\":\"https:\/\/energy-cities.eu\/fr\/#organization\",\"name\":\"Energy Cities\",\"url\":\"https:\/\/energy-cities.eu\/fr\/\",\"sameAs\":[\"https:\/\/www.facebook.com\/energycities.eu\/\",\"https:\/\/www.youtube.com\/channel\/UChIHn2wF76JzuTbAjSMs0hQ\",\"https:\/\/fr.wikipedia.org\/wiki\/Energy_Cities\",\"https:\/\/twitter.com\/energycities\"],\"logo\":{\"@type\":\"ImageObject\",\"inLanguage\":\"fr-FR\",\"@id\":\"https:\/\/energy-cities.eu\/fr\/#\/schema\/logo\/image\/\",\"url\":\"https:\/\/energy-cities.eu\/wp-content\/uploads\/2019\/07\/energy-cities-couleur.jpg\",\"contentUrl\":\"https:\/\/energy-cities.eu\/wp-content\/uploads\/2019\/07\/energy-cities-couleur.jpg\",\"width\":3508,\"height\":2587,\"caption\":\"Energy Cities\"},\"image\":{\"@id\":\"https:\/\/energy-cities.eu\/fr\/#\/schema\/logo\/image\/\"}},{\"@type\":\"WebSite\",\"@id\":\"https:\/\/energy-cities.eu\/fr\/#website\",\"url\":\"https:\/\/energy-cities.eu\/fr\/\",\"name\":\"Energy Cities\",\"description\":\" The European learning community for future-proof cities\",\"publisher\":{\"@id\":\"https:\/\/energy-cities.eu\/fr\/#organization\"},\"potentialAction\":[{\"@type\":\"SearchAction\",\"target\":{\"@type\":\"EntryPoint\",\"urlTemplate\":\"https:\/\/energy-cities.eu\/fr\/?s={search_term_string}\"},\"query-input\":\"required name=search_term_string\"}],\"inLanguage\":\"fr-FR\"},{\"@type\":\"ImageObject\",\"inLanguage\":\"fr-FR\",\"@id\":\"https:\/\/energy-cities.eu\/fr\/gestion-des-hubs\/#primaryimage\",\"url\":\"https:\/\/energy-cities.eu\/wp-content\/uploads\/2022\/04\/bert-b-3iv6ABEb3yU-unsplash-scaled.jpg\",\"contentUrl\":\"https:\/\/energy-cities.eu\/wp-content\/uploads\/2022\/04\/bert-b-3iv6ABEb3yU-unsplash-scaled.jpg\",\"width\":2560,\"height\":1705},{\"@type\":\"WebPage\",\"@id\":\"https:\/\/energy-cities.eu\/fr\/gestion-des-hubs\/#webpage\",\"url\":\"https:\/\/energy-cities.eu\/fr\/gestion-des-hubs\/\",\"name\":\"Gestion des Hubs Energy Cities - Energy Cities\",\"isPartOf\":{\"@id\":\"https:\/\/energy-cities.eu\/fr\/#website\"},\"primaryImageOfPage\":{\"@id\":\"https:\/\/energy-cities.eu\/fr\/gestion-des-hubs\/#primaryimage\"},\"datePublished\":\"2022-04-20T15:15:30+00:00\",\"dateModified\":\"2022-04-20T15:33:15+00:00\",\"breadcrumb\":{\"@id\":\"https:\/\/energy-cities.eu\/fr\/gestion-des-hubs\/#breadcrumb\"},\"inLanguage\":\"fr-FR\",\"potentialAction\":[{\"@type\":\"ReadAction\",\"target\":[\"https:\/\/energy-cities.eu\/fr\/gestion-des-hubs\/\"]}]},{\"@type\":\"BreadcrumbList\",\"@id\":\"https:\/\/energy-cities.eu\/fr\/gestion-des-hubs\/#breadcrumb\",\"itemListElement\":[{\"@type\":\"ListItem\",\"position\":1,\"name\":\"Home\",\"item\":\"https:\/\/energy-cities.eu\/fr\/nous-sommes-un-reseau-europeen-blabla\/\"},{\"@type\":\"ListItem\",\"position\":2,\"name\":\"Gestion des Hubs Energy Cities\"}]}]}<\/script>\n<!-- \/ Yoast SEO plugin. -->","yoast_head_json":{"title":"Gestion des Hubs Energy Cities - Energy Cities","robots":{"index":"index","follow":"follow","max-snippet":"max-snippet:-1","max-image-preview":"max-image-preview:large","max-video-preview":"max-video-preview:-1"},"canonical":"https:\/\/energy-cities.eu\/fr\/gestion-des-hubs\/","og_locale":"fr_FR","og_type":"article","og_title":"Gestion des Hubs Energy Cities - Energy Cities","og_description":"A l&rsquo;aide du formulaire ci-dessous, vous pouvez mettre \u00e0 jour la liste des Hub(s) au(x)quel(s) vous participez. Si vous n&rsquo;avez pas encore souscrit pour rejoindre [\u2026]","og_url":"https:\/\/energy-cities.eu\/fr\/gestion-des-hubs\/","og_site_name":"Energy Cities","article_publisher":"https:\/\/www.facebook.com\/energycities.eu\/","article_modified_time":"2022-04-20T15:33:15+00:00","og_image":[{"width":2560,"height":1705,"url":"https:\/\/energy-cities.eu\/wp-content\/uploads\/2022\/04\/bert-b-3iv6ABEb3yU-unsplash-scaled.jpg","type":"image\/jpeg"}],"twitter_card":"summary_large_image","twitter_site":"@energycities","twitter_misc":{"Dur\u00e9e de lecture estim\u00e9e":"1 minute"},"schema":{"@context":"https:\/\/schema.org","@graph":[{"@type":"Organization","@id":"https:\/\/energy-cities.eu\/fr\/#organization","name":"Energy Cities","url":"https:\/\/energy-cities.eu\/fr\/","sameAs":["https:\/\/www.facebook.com\/energycities.eu\/","https:\/\/www.youtube.com\/channel\/UChIHn2wF76JzuTbAjSMs0hQ","https:\/\/fr.wikipedia.org\/wiki\/Energy_Cities","https:\/\/twitter.com\/energycities"],"logo":{"@type":"ImageObject","inLanguage":"fr-FR","@id":"https:\/\/energy-cities.eu\/fr\/#\/schema\/logo\/image\/","url":"https:\/\/energy-cities.eu\/wp-content\/uploads\/2019\/07\/energy-cities-couleur.jpg","contentUrl":"https:\/\/energy-cities.eu\/wp-content\/uploads\/2019\/07\/energy-cities-couleur.jpg","width":3508,"height":2587,"caption":"Energy Cities"},"image":{"@id":"https:\/\/energy-cities.eu\/fr\/#\/schema\/logo\/image\/"}},{"@type":"WebSite","@id":"https:\/\/energy-cities.eu\/fr\/#website","url":"https:\/\/energy-cities.eu\/fr\/","name":"Energy Cities","description":" The European learning community for future-proof cities","publisher":{"@id":"https:\/\/energy-cities.eu\/fr\/#organization"},"potentialAction":[{"@type":"SearchAction","target":{"@type":"EntryPoint","urlTemplate":"https:\/\/energy-cities.eu\/fr\/?s={search_term_string}"},"query-input":"required name=search_term_string"}],"inLanguage":"fr-FR"},{"@type":"ImageObject","inLanguage":"fr-FR","@id":"https:\/\/energy-cities.eu\/fr\/gestion-des-hubs\/#primaryimage","url":"https:\/\/energy-cities.eu\/wp-content\/uploads\/2022\/04\/bert-b-3iv6ABEb3yU-unsplash-scaled.jpg","contentUrl":"https:\/\/energy-cities.eu\/wp-content\/uploads\/2022\/04\/bert-b-3iv6ABEb3yU-unsplash-scaled.jpg","width":2560,"height":1705},{"@type":"WebPage","@id":"https:\/\/energy-cities.eu\/fr\/gestion-des-hubs\/#webpage","url":"https:\/\/energy-cities.eu\/fr\/gestion-des-hubs\/","name":"Gestion des Hubs Energy Cities - Energy Cities","isPartOf":{"@id":"https:\/\/energy-cities.eu\/fr\/#website"},"primaryImageOfPage":{"@id":"https:\/\/energy-cities.eu\/fr\/gestion-des-hubs\/#primaryimage"},"datePublished":"2022-04-20T15:15:30+00:00","dateModified":"2022-04-20T15:33:15+00:00","breadcrumb":{"@id":"https:\/\/energy-cities.eu\/fr\/gestion-des-hubs\/#breadcrumb"},"inLanguage":"fr-FR","potentialAction":[{"@type":"ReadAction","target":["https:\/\/energy-cities.eu\/fr\/gestion-des-hubs\/"]}]},{"@type":"BreadcrumbList","@id":"https:\/\/energy-cities.eu\/fr\/gestion-des-hubs\/#breadcrumb","itemListElement":[{"@type":"ListItem","position":1,"name":"Home","item":"https:\/\/energy-cities.eu\/fr\/nous-sommes-un-reseau-europeen-blabla\/"},{"@type":"ListItem","position":2,"name":"Gestion des Hubs Energy Cities"}]}]}},"coauthors":[],"author_meta":{"author_link":"https:\/\/energy-cities.eu\/fr\/staff\/admin-ec\/","display_name":"Admin EC"},"relative_dates":{"created":"Publi\u00e9 4 ans il y a","modified":"Mis \u00e0 jour 4 ans il y a"},"absolute_dates":{"created":"Publi\u00e9 le 20 avril 2022","modified":"Mise \u00e0 jour le 20 avril 2022"},"absolute_dates_time":{"created":"Publi\u00e9 le 20 avril 2022 5:15  ","modified":"Mise \u00e0 jour le 20 avril 2022 5:33  "},"featured_img_caption":"","featured_img":"https:\/\/energy-cities.eu\/wp-content\/uploads\/2022\/04\/bert-b-3iv6ABEb3yU-unsplash-scaled.jpg","_links":{"self":[{"href":"https:\/\/energy-cities.eu\/fr\/wp-json\/wp\/v2\/pages\/48549"}],"collection":[{"href":"https:\/\/energy-cities.eu\/fr\/wp-json\/wp\/v2\/pages"}],"about":[{"href":"https:\/\/energy-cities.eu\/fr\/wp-json\/wp\/v2\/types\/page"}],"author":[{"embeddable":true,"href":"https:\/\/energy-cities.eu\/fr\/wp-json\/wp\/v2\/users\/47"}],"replies":[{"embeddable":true,"href":"https:\/\/energy-cities.eu\/fr\/wp-json\/wp\/v2\/comments?post=48549"}],"version-history":[{"count":6,"href":"https:\/\/energy-cities.eu\/fr\/wp-json\/wp\/v2\/pages\/48549\/revisions"}],"predecessor-version":[{"id":48556,"href":"https:\/\/energy-cities.eu\/fr\/wp-json\/wp\/v2\/pages\/48549\/revisions\/48556"}],"wp:featuredmedia":[{"embeddable":true,"href":"https:\/\/energy-cities.eu\/fr\/wp-json\/wp\/v2\/media\/48522"}],"wp:attachment":[{"href":"https:\/\/energy-cities.eu\/fr\/wp-json\/wp\/v2\/media?parent=48549"}],"curies":[{"name":"wp","href":"https:\/\/api.w.org\/{rel}","templated":true}]}}