{"id":62841,"date":"2023-04-06T22:05:37","date_gmt":"2023-04-06T20:05:37","guid":{"rendered":"https:\/\/energy-cities.eu\/?page_id=62841"},"modified":"2023-04-06T22:07:14","modified_gmt":"2023-04-06T20:07:14","slug":"financement-investissements","status":"publish","type":"page","link":"https:\/\/energy-cities.eu\/fr\/financement-investissements\/","title":{"rendered":"Financement et Investissements"},"content":{"rendered":"\n<div class=\"wp-block-image\"><figure class=\"aligncenter size-ec-header\"><img loading=\"lazy\" width=\"2000\" height=\"900\" src=\"https:\/\/energy-cities.eu\/wp-content\/uploads\/2019\/05\/20190207_121045-2000x900.jpg\" alt=\"Board meeting Feb 2019, Paris\" class=\"wp-image-15452\"\/><figcaption>R\u00e9union du Conseil d&rsquo;Administration &#8211; F\u00e9vrier 2019, Paris \u2013 Photo par Energy Cities<\/figcaption><\/figure><\/div>\n\n\n\n<p>En 2018, le budget annuel pour nos activit\u00e9s principales s\u2019\u00e9l\u00e8ve \u00e0 2 millions d\u2019Euros, comme les ann\u00e9es pass\u00e9es.<\/p>\n\n\n\n<figure class=\"wp-block-image\"><img src=\"\/wp-content\/uploads\/2019\/05\/InfographieFinancement.jpg\" alt=\"Infographie Financement Energy Cities 2019\"\/><\/figure>\n","protected":false},"excerpt":{"rendered":"<p>En 2018, le budget annuel pour nos activit\u00e9s principales s\u2019\u00e9l\u00e8ve \u00e0 2 millions d\u2019Euros, comme les ann\u00e9es pass\u00e9es.<\/p>\n","protected":false},"author":47,"featured_media":25219,"parent":0,"menu_order":0,"comment_status":"closed","ping_status":"closed","template":"","meta":{"advgb_blocks_editor_width":"","advgb_blocks_columns_visual_guide":"","ub_ctt_via":""},"acf":[],"featured_image_src":"https:\/\/energy-cities.eu\/wp-content\/uploads\/2019\/09\/fuse-brussels-kZ5lgy2xRvs-unsplash.jpg","yoast_head":"<!-- This site is optimized with the Yoast SEO plugin v18.8 - https:\/\/yoast.com\/wordpress\/plugins\/seo\/ -->\n<title>Financement et Investissements - Energy Cities<\/title>\n<meta name=\"robots\" content=\"index, follow, max-snippet:-1, max-image-preview:large, max-video-preview:-1\" \/>\n<link rel=\"canonical\" href=\"https:\/\/energy-cities.eu\/fr\/financement-investissements\/\" \/>\n<meta property=\"og:locale\" content=\"fr_FR\" \/>\n<meta property=\"og:type\" content=\"article\" \/>\n<meta property=\"og:title\" content=\"Financement et Investissements - Energy Cities\" \/>\n<meta property=\"og:description\" content=\"En 2018, le budget annuel pour nos activit\u00e9s principales s\u2019\u00e9l\u00e8ve \u00e0 2 millions d\u2019Euros, comme les ann\u00e9es pass\u00e9es.\" \/>\n<meta property=\"og:url\" content=\"https:\/\/energy-cities.eu\/fr\/financement-investissements\/\" \/>\n<meta property=\"og:site_name\" content=\"Energy Cities\" \/>\n<meta property=\"article:publisher\" content=\"https:\/\/www.facebook.com\/energycities.eu\/\" \/>\n<meta property=\"article:modified_time\" content=\"2023-04-06T20:07:14+00:00\" \/>\n<meta property=\"og:image\" content=\"https:\/\/energy-cities.eu\/wp-content\/uploads\/2019\/09\/fuse-brussels-kZ5lgy2xRvs-unsplash.jpg\" \/>\n\t<meta property=\"og:image:width\" content=\"3264\" \/>\n\t<meta property=\"og:image:height\" content=\"2176\" \/>\n\t<meta property=\"og:image:type\" content=\"image\/jpeg\" \/>\n<meta name=\"twitter:card\" content=\"summary_large_image\" \/>\n<meta name=\"twitter:site\" content=\"@energycities\" \/>\n<meta name=\"twitter:label1\" content=\"Dur\u00e9e de lecture estim\u00e9e\" \/>\n\t<meta name=\"twitter:data1\" content=\"1 minute\" \/>\n<script type=\"application\/ld+json\" class=\"yoast-schema-graph\">{\"@context\":\"https:\/\/schema.org\",\"@graph\":[{\"@type\":\"Organization\",\"@id\":\"https:\/\/energy-cities.eu\/fr\/#organization\",\"name\":\"Energy Cities\",\"url\":\"https:\/\/energy-cities.eu\/fr\/\",\"sameAs\":[\"https:\/\/www.facebook.com\/energycities.eu\/\",\"https:\/\/www.youtube.com\/channel\/UChIHn2wF76JzuTbAjSMs0hQ\",\"https:\/\/fr.wikipedia.org\/wiki\/Energy_Cities\",\"https:\/\/twitter.com\/energycities\"],\"logo\":{\"@type\":\"ImageObject\",\"inLanguage\":\"fr-FR\",\"@id\":\"https:\/\/energy-cities.eu\/fr\/#\/schema\/logo\/image\/\",\"url\":\"https:\/\/energy-cities.eu\/wp-content\/uploads\/2019\/07\/energy-cities-couleur.jpg\",\"contentUrl\":\"https:\/\/energy-cities.eu\/wp-content\/uploads\/2019\/07\/energy-cities-couleur.jpg\",\"width\":3508,\"height\":2587,\"caption\":\"Energy Cities\"},\"image\":{\"@id\":\"https:\/\/energy-cities.eu\/fr\/#\/schema\/logo\/image\/\"}},{\"@type\":\"WebSite\",\"@id\":\"https:\/\/energy-cities.eu\/fr\/#website\",\"url\":\"https:\/\/energy-cities.eu\/fr\/\",\"name\":\"Energy Cities\",\"description\":\" The European learning community for future-proof cities\",\"publisher\":{\"@id\":\"https:\/\/energy-cities.eu\/fr\/#organization\"},\"potentialAction\":[{\"@type\":\"SearchAction\",\"target\":{\"@type\":\"EntryPoint\",\"urlTemplate\":\"https:\/\/energy-cities.eu\/fr\/?s={search_term_string}\"},\"query-input\":\"required name=search_term_string\"}],\"inLanguage\":\"fr-FR\"},{\"@type\":\"ImageObject\",\"inLanguage\":\"fr-FR\",\"@id\":\"https:\/\/energy-cities.eu\/fr\/financement-investissements\/#primaryimage\",\"url\":\"https:\/\/energy-cities.eu\/wp-content\/uploads\/2019\/09\/fuse-brussels-kZ5lgy2xRvs-unsplash.jpg\",\"contentUrl\":\"https:\/\/energy-cities.eu\/wp-content\/uploads\/2019\/09\/fuse-brussels-kZ5lgy2xRvs-unsplash.jpg\",\"width\":3264,\"height\":2176,\"caption\":\"Credits: Fuse Brussels on Unsplash\"},{\"@type\":\"WebPage\",\"@id\":\"https:\/\/energy-cities.eu\/fr\/financement-investissements\/#webpage\",\"url\":\"https:\/\/energy-cities.eu\/fr\/financement-investissements\/\",\"name\":\"Financement et Investissements - Energy Cities\",\"isPartOf\":{\"@id\":\"https:\/\/energy-cities.eu\/fr\/#website\"},\"primaryImageOfPage\":{\"@id\":\"https:\/\/energy-cities.eu\/fr\/financement-investissements\/#primaryimage\"},\"datePublished\":\"2023-04-06T20:05:37+00:00\",\"dateModified\":\"2023-04-06T20:07:14+00:00\",\"breadcrumb\":{\"@id\":\"https:\/\/energy-cities.eu\/fr\/financement-investissements\/#breadcrumb\"},\"inLanguage\":\"fr-FR\",\"potentialAction\":[{\"@type\":\"ReadAction\",\"target\":[\"https:\/\/energy-cities.eu\/fr\/financement-investissements\/\"]}]},{\"@type\":\"BreadcrumbList\",\"@id\":\"https:\/\/energy-cities.eu\/fr\/financement-investissements\/#breadcrumb\",\"itemListElement\":[{\"@type\":\"ListItem\",\"position\":1,\"name\":\"Home\",\"item\":\"https:\/\/energy-cities.eu\/fr\/nous-sommes-un-reseau-europeen-blabla\/\"},{\"@type\":\"ListItem\",\"position\":2,\"name\":\"Financement et Investissements\"}]}]}<\/script>\n<!-- \/ Yoast SEO plugin. -->","yoast_head_json":{"title":"Financement et Investissements - Energy Cities","robots":{"index":"index","follow":"follow","max-snippet":"max-snippet:-1","max-image-preview":"max-image-preview:large","max-video-preview":"max-video-preview:-1"},"canonical":"https:\/\/energy-cities.eu\/fr\/financement-investissements\/","og_locale":"fr_FR","og_type":"article","og_title":"Financement et Investissements - Energy Cities","og_description":"En 2018, le budget annuel pour nos activit\u00e9s principales s\u2019\u00e9l\u00e8ve \u00e0 2 millions d\u2019Euros, comme les ann\u00e9es pass\u00e9es.","og_url":"https:\/\/energy-cities.eu\/fr\/financement-investissements\/","og_site_name":"Energy Cities","article_publisher":"https:\/\/www.facebook.com\/energycities.eu\/","article_modified_time":"2023-04-06T20:07:14+00:00","og_image":[{"width":3264,"height":2176,"url":"https:\/\/energy-cities.eu\/wp-content\/uploads\/2019\/09\/fuse-brussels-kZ5lgy2xRvs-unsplash.jpg","type":"image\/jpeg"}],"twitter_card":"summary_large_image","twitter_site":"@energycities","twitter_misc":{"Dur\u00e9e de lecture estim\u00e9e":"1 minute"},"schema":{"@context":"https:\/\/schema.org","@graph":[{"@type":"Organization","@id":"https:\/\/energy-cities.eu\/fr\/#organization","name":"Energy Cities","url":"https:\/\/energy-cities.eu\/fr\/","sameAs":["https:\/\/www.facebook.com\/energycities.eu\/","https:\/\/www.youtube.com\/channel\/UChIHn2wF76JzuTbAjSMs0hQ","https:\/\/fr.wikipedia.org\/wiki\/Energy_Cities","https:\/\/twitter.com\/energycities"],"logo":{"@type":"ImageObject","inLanguage":"fr-FR","@id":"https:\/\/energy-cities.eu\/fr\/#\/schema\/logo\/image\/","url":"https:\/\/energy-cities.eu\/wp-content\/uploads\/2019\/07\/energy-cities-couleur.jpg","contentUrl":"https:\/\/energy-cities.eu\/wp-content\/uploads\/2019\/07\/energy-cities-couleur.jpg","width":3508,"height":2587,"caption":"Energy Cities"},"image":{"@id":"https:\/\/energy-cities.eu\/fr\/#\/schema\/logo\/image\/"}},{"@type":"WebSite","@id":"https:\/\/energy-cities.eu\/fr\/#website","url":"https:\/\/energy-cities.eu\/fr\/","name":"Energy Cities","description":" The European learning community for future-proof cities","publisher":{"@id":"https:\/\/energy-cities.eu\/fr\/#organization"},"potentialAction":[{"@type":"SearchAction","target":{"@type":"EntryPoint","urlTemplate":"https:\/\/energy-cities.eu\/fr\/?s={search_term_string}"},"query-input":"required name=search_term_string"}],"inLanguage":"fr-FR"},{"@type":"ImageObject","inLanguage":"fr-FR","@id":"https:\/\/energy-cities.eu\/fr\/financement-investissements\/#primaryimage","url":"https:\/\/energy-cities.eu\/wp-content\/uploads\/2019\/09\/fuse-brussels-kZ5lgy2xRvs-unsplash.jpg","contentUrl":"https:\/\/energy-cities.eu\/wp-content\/uploads\/2019\/09\/fuse-brussels-kZ5lgy2xRvs-unsplash.jpg","width":3264,"height":2176,"caption":"Credits: Fuse Brussels on Unsplash"},{"@type":"WebPage","@id":"https:\/\/energy-cities.eu\/fr\/financement-investissements\/#webpage","url":"https:\/\/energy-cities.eu\/fr\/financement-investissements\/","name":"Financement et Investissements - Energy Cities","isPartOf":{"@id":"https:\/\/energy-cities.eu\/fr\/#website"},"primaryImageOfPage":{"@id":"https:\/\/energy-cities.eu\/fr\/financement-investissements\/#primaryimage"},"datePublished":"2023-04-06T20:05:37+00:00","dateModified":"2023-04-06T20:07:14+00:00","breadcrumb":{"@id":"https:\/\/energy-cities.eu\/fr\/financement-investissements\/#breadcrumb"},"inLanguage":"fr-FR","potentialAction":[{"@type":"ReadAction","target":["https:\/\/energy-cities.eu\/fr\/financement-investissements\/"]}]},{"@type":"BreadcrumbList","@id":"https:\/\/energy-cities.eu\/fr\/financement-investissements\/#breadcrumb","itemListElement":[{"@type":"ListItem","position":1,"name":"Home","item":"https:\/\/energy-cities.eu\/fr\/nous-sommes-un-reseau-europeen-blabla\/"},{"@type":"ListItem","position":2,"name":"Financement et Investissements"}]}]}},"coauthors":[],"author_meta":{"author_link":"https:\/\/energy-cities.eu\/fr\/staff\/admin-ec\/","display_name":"Admin EC"},"relative_dates":{"created":"Publi\u00e9 3 ans il y a","modified":"Mis \u00e0 jour 3 ans il y a"},"absolute_dates":{"created":"Publi\u00e9 le 06 avril 2023","modified":"Mise \u00e0 jour le 06 avril 2023"},"absolute_dates_time":{"created":"Publi\u00e9 le 06 avril 2023 10:05  ","modified":"Mise \u00e0 jour le 06 avril 2023 10:07  "},"featured_img_caption":"Credits: Fuse Brussels on Unsplash","featured_img":"https:\/\/energy-cities.eu\/wp-content\/uploads\/2019\/09\/fuse-brussels-kZ5lgy2xRvs-unsplash.jpg","_links":{"self":[{"href":"https:\/\/energy-cities.eu\/fr\/wp-json\/wp\/v2\/pages\/62841"}],"collection":[{"href":"https:\/\/energy-cities.eu\/fr\/wp-json\/wp\/v2\/pages"}],"about":[{"href":"https:\/\/energy-cities.eu\/fr\/wp-json\/wp\/v2\/types\/page"}],"author":[{"embeddable":true,"href":"https:\/\/energy-cities.eu\/fr\/wp-json\/wp\/v2\/users\/47"}],"replies":[{"embeddable":true,"href":"https:\/\/energy-cities.eu\/fr\/wp-json\/wp\/v2\/comments?post=62841"}],"version-history":[{"count":3,"href":"https:\/\/energy-cities.eu\/fr\/wp-json\/wp\/v2\/pages\/62841\/revisions"}],"predecessor-version":[{"id":62844,"href":"https:\/\/energy-cities.eu\/fr\/wp-json\/wp\/v2\/pages\/62841\/revisions\/62844"}],"wp:featuredmedia":[{"embeddable":true,"href":"https:\/\/energy-cities.eu\/fr\/wp-json\/wp\/v2\/media\/25219"}],"wp:attachment":[{"href":"https:\/\/energy-cities.eu\/fr\/wp-json\/wp\/v2\/media?parent=62841"}],"curies":[{"name":"wp","href":"https:\/\/api.w.org\/{rel}","templated":true}]}}