{"id":7506,"date":"2018-11-30T15:49:56","date_gmt":"2018-11-30T15:49:56","guid":{"rendered":"http:\/\/ec.kuusi.ovh\/?page_id=7506"},"modified":"2020-04-21T10:20:38","modified_gmt":"2020-04-21T08:20:38","slug":"membres","status":"publish","type":"page","link":"https:\/\/energy-cities.eu\/fr\/membres\/","title":{"rendered":"Les membres"},"content":{"rendered":"\n<p>Nous sommes une communaut\u00e9 de plusieurs centaines de collectivit\u00e9s locales issues d&rsquo;une trentaine de pays diff\u00e9rents. Notre r\u00e9seau r\u00e9unit des pionniers et des n\u00e9ophytes de la transition \u00e9nerg\u00e9tique, des personnalit\u00e9s politiques, et des experts techniques. <\/p>\n","protected":false},"excerpt":{"rendered":"<p>Nous sommes une communaut\u00e9 de plusieurs centaines de collectivit\u00e9s locales issues d&rsquo;une trentaine de pays diff\u00e9rents. Notre r\u00e9seau r\u00e9unit des pionniers et des n\u00e9ophytes de <a href=\"https:\/\/energy-cities.eu\/fr\/membres\/\">[\u2026]<\/a><\/p>\n","protected":false},"author":1,"featured_media":15794,"parent":0,"menu_order":0,"comment_status":"closed","ping_status":"closed","template":"page.members.php","meta":{"advgb_blocks_editor_width":"","advgb_blocks_columns_visual_guide":"","ub_ctt_via":""},"acf":[],"featured_image_src":"https:\/\/energy-cities.eu\/wp-content\/uploads\/2019\/05\/tom-grimbert-tomgrimbert-1082829-unsplash_map_cut.jpg","yoast_head":"<!-- This site is optimized with the Yoast SEO plugin v18.8 - https:\/\/yoast.com\/wordpress\/plugins\/seo\/ -->\n<title>Les membres - Energy Cities<\/title>\n<meta name=\"robots\" content=\"index, follow, max-snippet:-1, max-image-preview:large, max-video-preview:-1\" \/>\n<link rel=\"canonical\" href=\"https:\/\/energy-cities.eu\/fr\/membres\/\" \/>\n<meta property=\"og:locale\" content=\"fr_FR\" \/>\n<meta property=\"og:type\" content=\"article\" \/>\n<meta property=\"og:title\" content=\"Les membres - Energy Cities\" \/>\n<meta property=\"og:description\" content=\"Nous sommes une communaut\u00e9 de plusieurs centaines de collectivit\u00e9s locales issues d&rsquo;une trentaine de pays diff\u00e9rents. Notre r\u00e9seau r\u00e9unit des pionniers et des n\u00e9ophytes de [\u2026]\" \/>\n<meta property=\"og:url\" content=\"https:\/\/energy-cities.eu\/fr\/membres\/\" \/>\n<meta property=\"og:site_name\" content=\"Energy Cities\" \/>\n<meta property=\"article:publisher\" content=\"https:\/\/www.facebook.com\/energycities.eu\/\" \/>\n<meta property=\"article:modified_time\" content=\"2020-04-21T08:20:38+00:00\" \/>\n<meta property=\"og:image\" content=\"https:\/\/energy-cities.eu\/wp-content\/uploads\/2019\/05\/tom-grimbert-tomgrimbert-1082829-unsplash_map_cut.jpg\" \/>\n\t<meta property=\"og:image:width\" content=\"2000\" \/>\n\t<meta property=\"og:image:height\" content=\"970\" \/>\n\t<meta property=\"og:image:type\" content=\"image\/jpeg\" \/>\n<meta name=\"twitter:card\" content=\"summary_large_image\" \/>\n<meta name=\"twitter:site\" content=\"@energycities\" \/>\n<script type=\"application\/ld+json\" class=\"yoast-schema-graph\">{\"@context\":\"https:\/\/schema.org\",\"@graph\":[{\"@type\":\"Organization\",\"@id\":\"https:\/\/energy-cities.eu\/fr\/#organization\",\"name\":\"Energy Cities\",\"url\":\"https:\/\/energy-cities.eu\/fr\/\",\"sameAs\":[\"https:\/\/www.facebook.com\/energycities.eu\/\",\"https:\/\/www.youtube.com\/channel\/UChIHn2wF76JzuTbAjSMs0hQ\",\"https:\/\/fr.wikipedia.org\/wiki\/Energy_Cities\",\"https:\/\/twitter.com\/energycities\"],\"logo\":{\"@type\":\"ImageObject\",\"inLanguage\":\"fr-FR\",\"@id\":\"https:\/\/energy-cities.eu\/fr\/#\/schema\/logo\/image\/\",\"url\":\"https:\/\/energy-cities.eu\/wp-content\/uploads\/2019\/07\/energy-cities-couleur.jpg\",\"contentUrl\":\"https:\/\/energy-cities.eu\/wp-content\/uploads\/2019\/07\/energy-cities-couleur.jpg\",\"width\":3508,\"height\":2587,\"caption\":\"Energy Cities\"},\"image\":{\"@id\":\"https:\/\/energy-cities.eu\/fr\/#\/schema\/logo\/image\/\"}},{\"@type\":\"WebSite\",\"@id\":\"https:\/\/energy-cities.eu\/fr\/#website\",\"url\":\"https:\/\/energy-cities.eu\/fr\/\",\"name\":\"Energy Cities\",\"description\":\" The European learning community for future-proof cities\",\"publisher\":{\"@id\":\"https:\/\/energy-cities.eu\/fr\/#organization\"},\"potentialAction\":[{\"@type\":\"SearchAction\",\"target\":{\"@type\":\"EntryPoint\",\"urlTemplate\":\"https:\/\/energy-cities.eu\/fr\/?s={search_term_string}\"},\"query-input\":\"required name=search_term_string\"}],\"inLanguage\":\"fr-FR\"},{\"@type\":\"ImageObject\",\"inLanguage\":\"fr-FR\",\"@id\":\"https:\/\/energy-cities.eu\/fr\/membres\/#primaryimage\",\"url\":\"https:\/\/energy-cities.eu\/wp-content\/uploads\/2019\/05\/tom-grimbert-tomgrimbert-1082829-unsplash_map_cut.jpg\",\"contentUrl\":\"https:\/\/energy-cities.eu\/wp-content\/uploads\/2019\/05\/tom-grimbert-tomgrimbert-1082829-unsplash_map_cut.jpg\",\"width\":2000,\"height\":970,\"caption\":\"Tom Grimbert\"},{\"@type\":\"WebPage\",\"@id\":\"https:\/\/energy-cities.eu\/fr\/membres\/#webpage\",\"url\":\"https:\/\/energy-cities.eu\/fr\/membres\/\",\"name\":\"Les membres - Energy Cities\",\"isPartOf\":{\"@id\":\"https:\/\/energy-cities.eu\/fr\/#website\"},\"primaryImageOfPage\":{\"@id\":\"https:\/\/energy-cities.eu\/fr\/membres\/#primaryimage\"},\"datePublished\":\"2018-11-30T15:49:56+00:00\",\"dateModified\":\"2020-04-21T08:20:38+00:00\",\"breadcrumb\":{\"@id\":\"https:\/\/energy-cities.eu\/fr\/membres\/#breadcrumb\"},\"inLanguage\":\"fr-FR\",\"potentialAction\":[{\"@type\":\"ReadAction\",\"target\":[\"https:\/\/energy-cities.eu\/fr\/membres\/\"]}]},{\"@type\":\"BreadcrumbList\",\"@id\":\"https:\/\/energy-cities.eu\/fr\/membres\/#breadcrumb\",\"itemListElement\":[{\"@type\":\"ListItem\",\"position\":1,\"name\":\"Home\",\"item\":\"https:\/\/energy-cities.eu\/fr\/nous-sommes-un-reseau-europeen-blabla\/\"},{\"@type\":\"ListItem\",\"position\":2,\"name\":\"Les membres\"}]}]}<\/script>\n<!-- \/ Yoast SEO plugin. -->","yoast_head_json":{"title":"Les membres - Energy Cities","robots":{"index":"index","follow":"follow","max-snippet":"max-snippet:-1","max-image-preview":"max-image-preview:large","max-video-preview":"max-video-preview:-1"},"canonical":"https:\/\/energy-cities.eu\/fr\/membres\/","og_locale":"fr_FR","og_type":"article","og_title":"Les membres - Energy Cities","og_description":"Nous sommes une communaut\u00e9 de plusieurs centaines de collectivit\u00e9s locales issues d&rsquo;une trentaine de pays diff\u00e9rents. Notre r\u00e9seau r\u00e9unit des pionniers et des n\u00e9ophytes de [\u2026]","og_url":"https:\/\/energy-cities.eu\/fr\/membres\/","og_site_name":"Energy Cities","article_publisher":"https:\/\/www.facebook.com\/energycities.eu\/","article_modified_time":"2020-04-21T08:20:38+00:00","og_image":[{"width":2000,"height":970,"url":"https:\/\/energy-cities.eu\/wp-content\/uploads\/2019\/05\/tom-grimbert-tomgrimbert-1082829-unsplash_map_cut.jpg","type":"image\/jpeg"}],"twitter_card":"summary_large_image","twitter_site":"@energycities","schema":{"@context":"https:\/\/schema.org","@graph":[{"@type":"Organization","@id":"https:\/\/energy-cities.eu\/fr\/#organization","name":"Energy Cities","url":"https:\/\/energy-cities.eu\/fr\/","sameAs":["https:\/\/www.facebook.com\/energycities.eu\/","https:\/\/www.youtube.com\/channel\/UChIHn2wF76JzuTbAjSMs0hQ","https:\/\/fr.wikipedia.org\/wiki\/Energy_Cities","https:\/\/twitter.com\/energycities"],"logo":{"@type":"ImageObject","inLanguage":"fr-FR","@id":"https:\/\/energy-cities.eu\/fr\/#\/schema\/logo\/image\/","url":"https:\/\/energy-cities.eu\/wp-content\/uploads\/2019\/07\/energy-cities-couleur.jpg","contentUrl":"https:\/\/energy-cities.eu\/wp-content\/uploads\/2019\/07\/energy-cities-couleur.jpg","width":3508,"height":2587,"caption":"Energy Cities"},"image":{"@id":"https:\/\/energy-cities.eu\/fr\/#\/schema\/logo\/image\/"}},{"@type":"WebSite","@id":"https:\/\/energy-cities.eu\/fr\/#website","url":"https:\/\/energy-cities.eu\/fr\/","name":"Energy Cities","description":" The European learning community for future-proof cities","publisher":{"@id":"https:\/\/energy-cities.eu\/fr\/#organization"},"potentialAction":[{"@type":"SearchAction","target":{"@type":"EntryPoint","urlTemplate":"https:\/\/energy-cities.eu\/fr\/?s={search_term_string}"},"query-input":"required name=search_term_string"}],"inLanguage":"fr-FR"},{"@type":"ImageObject","inLanguage":"fr-FR","@id":"https:\/\/energy-cities.eu\/fr\/membres\/#primaryimage","url":"https:\/\/energy-cities.eu\/wp-content\/uploads\/2019\/05\/tom-grimbert-tomgrimbert-1082829-unsplash_map_cut.jpg","contentUrl":"https:\/\/energy-cities.eu\/wp-content\/uploads\/2019\/05\/tom-grimbert-tomgrimbert-1082829-unsplash_map_cut.jpg","width":2000,"height":970,"caption":"Tom Grimbert"},{"@type":"WebPage","@id":"https:\/\/energy-cities.eu\/fr\/membres\/#webpage","url":"https:\/\/energy-cities.eu\/fr\/membres\/","name":"Les membres - Energy Cities","isPartOf":{"@id":"https:\/\/energy-cities.eu\/fr\/#website"},"primaryImageOfPage":{"@id":"https:\/\/energy-cities.eu\/fr\/membres\/#primaryimage"},"datePublished":"2018-11-30T15:49:56+00:00","dateModified":"2020-04-21T08:20:38+00:00","breadcrumb":{"@id":"https:\/\/energy-cities.eu\/fr\/membres\/#breadcrumb"},"inLanguage":"fr-FR","potentialAction":[{"@type":"ReadAction","target":["https:\/\/energy-cities.eu\/fr\/membres\/"]}]},{"@type":"BreadcrumbList","@id":"https:\/\/energy-cities.eu\/fr\/membres\/#breadcrumb","itemListElement":[{"@type":"ListItem","position":1,"name":"Home","item":"https:\/\/energy-cities.eu\/fr\/nous-sommes-un-reseau-europeen-blabla\/"},{"@type":"ListItem","position":2,"name":"Les membres"}]}]}},"coauthors":[],"author_meta":{"author_link":"https:\/\/energy-cities.eu\/fr\/staff\/amaury\/","display_name":"amaury"},"relative_dates":{"created":"Publi\u00e9 7 ans il y a","modified":"Mis \u00e0 jour 6 ans il y a"},"absolute_dates":{"created":"Publi\u00e9 le 30 novembre 2018","modified":"Mise \u00e0 jour le 21 avril 2020"},"absolute_dates_time":{"created":"Publi\u00e9 le 30 novembre 2018 3:49  ","modified":"Mise \u00e0 jour le 21 avril 2020 10:20  "},"featured_img_caption":"Tom Grimbert","featured_img":"https:\/\/energy-cities.eu\/wp-content\/uploads\/2019\/05\/tom-grimbert-tomgrimbert-1082829-unsplash_map_cut.jpg","_links":{"self":[{"href":"https:\/\/energy-cities.eu\/fr\/wp-json\/wp\/v2\/pages\/7506"}],"collection":[{"href":"https:\/\/energy-cities.eu\/fr\/wp-json\/wp\/v2\/pages"}],"about":[{"href":"https:\/\/energy-cities.eu\/fr\/wp-json\/wp\/v2\/types\/page"}],"author":[{"embeddable":true,"href":"https:\/\/energy-cities.eu\/fr\/wp-json\/wp\/v2\/users\/1"}],"replies":[{"embeddable":true,"href":"https:\/\/energy-cities.eu\/fr\/wp-json\/wp\/v2\/comments?post=7506"}],"version-history":[{"count":8,"href":"https:\/\/energy-cities.eu\/fr\/wp-json\/wp\/v2\/pages\/7506\/revisions"}],"predecessor-version":[{"id":30420,"href":"https:\/\/energy-cities.eu\/fr\/wp-json\/wp\/v2\/pages\/7506\/revisions\/30420"}],"wp:featuredmedia":[{"embeddable":true,"href":"https:\/\/energy-cities.eu\/fr\/wp-json\/wp\/v2\/media\/15794"}],"wp:attachment":[{"href":"https:\/\/energy-cities.eu\/fr\/wp-json\/wp\/v2\/media?parent=7506"}],"curies":[{"name":"wp","href":"https:\/\/api.w.org\/{rel}","templated":true}]}}